{"id":12,"date":"2021-01-12T07:56:27","date_gmt":"2021-01-12T06:56:27","guid":{"rendered":"http:\/\/szafranzaun.eu\/index.php\/blog\/"},"modified":"2021-06-11T10:54:24","modified_gmt":"2021-06-11T08:54:24","slug":"blog","status":"publish","type":"page","link":"https:\/\/szafranzaun.eu\/de\/blog\/","title":{"rendered":"BLOG"},"content":{"rendered":"<p>[et_pb_section fb_built=&#8221;1&#8243; _builder_version=&#8221;4.5.7&#8243; use_background_color_gradient=&#8221;on&#8221; background_color_gradient_start=&#8221;rgba(0,0,0,0.43)&#8221; background_color_gradient_end=&#8221;rgba(0,0,0,0.43)&#8221; background_color_gradient_overlays_image=&#8221;on&#8221; background_image=&#8221;http:\/\/szafranzaun.eu\/wp-content\/uploads\/2021\/01\/slide-1.jpg&#8221; custom_padding=&#8221;0.8%||0.9%||false|false&#8221;][et_pb_row _builder_version=&#8221;3.26.8&#8243; max_width=&#8221;80%&#8221; custom_padding=&#8221;0px|||||&#8221;][et_pb_column type=&#8221;4_4&#8243; _builder_version=&#8221;3.26.8&#8243;][et_pb_text _builder_version=&#8221;4.8.1&#8243; header_font=&#8221;Montserrat|700||on|||||&#8221; header_text_align=&#8221;center&#8221; header_text_color=&#8221;#ffffff&#8221; header_font_size=&#8221;60px&#8221; header_line_height=&#8221;1.6em&#8221; custom_margin=&#8221;34px||4px|||&#8221; animation_style=&#8221;fade&#8221; header_font_size_tablet=&#8221;45px&#8221; header_font_size_phone=&#8221;30px&#8221; header_font_size_last_edited=&#8221;on|desktop&#8221;]<\/p>\n<h1 style=\"text-align: left;\">blog<\/h1>\n<p>[\/et_pb_text][\/et_pb_column][\/et_pb_row][\/et_pb_section][et_pb_section fb_built=&#8221;1&#8243; _builder_version=&#8221;4.8.1&#8243; _module_preset=&#8221;default&#8221;][et_pb_row _builder_version=&#8221;4.8.1&#8243; _module_preset=&#8221;default&#8221; max_width=&#8221;80%&#8221; custom_padding=&#8221;0px||65px|||&#8221;][et_pb_column type=&#8221;4_4&#8243; _builder_version=&#8221;4.8.1&#8243; _module_preset=&#8221;default&#8221;][et_pb_text _builder_version=&#8221;4.8.1&#8243; _module_preset=&#8221;default&#8221; header_font=&#8221;Roboto||||||||&#8221; header_text_color=&#8221;#0f4f89&#8243; header_line_height=&#8221;1.4em&#8221; custom_margin=&#8221;||9px|||&#8221;]<\/p>\n<h1>BLOG<\/h1>\n<p>[\/et_pb_text][et_pb_divider color=&#8221;#7CDA24&#8243; divider_weight=&#8221;4px&#8221; _builder_version=&#8221;4.8.1&#8243; _module_preset=&#8221;default&#8221; width=&#8221;13%&#8221; module_alignment=&#8221;left&#8221; custom_margin=&#8221;||15px|||&#8221;][\/et_pb_divider][et_pb_text _builder_version=&#8221;4.9.3&#8243; _module_preset=&#8221;default&#8221; text_text_color=&#8221;#000000&#8243; header_font=&#8221;Roboto||||||||&#8221; header_text_color=&#8221;#0f4f89&#8243; header_line_height=&#8221;1.4em&#8221; custom_margin=&#8221;||9px|||&#8221; link_option_url=&#8221;http:\/\/szafranzaun.eu\/index.php\/blog\/5-korzysci-z-zakupu-bramy-na-zamowienie\/&#8221;]<\/p>\n<h1>5 VORTEILE BEIM KAUF EINES MASSGEFERTIGTEN TORES<\/h1>\n<p>[\/et_pb_text][et_pb_divider color=&#8221;#7CDA24&#8243; divider_weight=&#8221;4px&#8221; _builder_version=&#8221;4.8.1&#8243; _module_preset=&#8221;default&#8221; width=&#8221;13%&#8221; module_alignment=&#8221;left&#8221; custom_margin=&#8221;||15px|||&#8221;][\/et_pb_divider][et_pb_image src=&#8221;http:\/\/szafranzaun.eu\/wp-content\/uploads\/2021\/03\/brama-kuta.jpg&#8221; title_text=&#8221;wrought iron fence&#8221; url=&#8221;http:\/\/szafranzaun.eu\/index.php\/blog\/5-korzysci-z-zakupu-bramy-na-zamowienie\/&#8221; _builder_version=&#8221;4.8.1&#8243; _module_preset=&#8221;default&#8221;][\/et_pb_image][et_pb_text _builder_version=&#8221;4.9.3&#8243; _module_preset=&#8221;default&#8221;]<\/p>\n<p>Die Auswahl eines Eingangstores ist nicht einfach. Wir verf\u00fcgen \u00fcber Produkte, die in jedem Baumarkt erh\u00e4ltlich sind, sowie u.a. \u00fcber einzigartige schmiedeeiserne Eingangstore, die sich nicht nur durch eine gr\u00f6\u00dfere Haltbarkeit, sondern auch durch ein einzigartiges Design auszeichnen. Diese Option wird von Immobilieneigent\u00fcmern immer h\u00e4ufiger gerne gew\u00e4hlt. Wir erkl\u00e4ren, warum es sich lohnt, ein ma\u00dfgefertigtes Tor zu w\u00e4hlen.<\/p>\n<p>[\/et_pb_text][et_pb_button button_url=&#8221;https:\/\/szafranzaun.eu\/de\/blog\/5-vorteile-beim-kauf-eines-masgefertigten-tores\/&#8221; button_text=&#8221;Mehr lesen&#8221; button_alignment=&#8221;left&#8221; _builder_version=&#8221;4.9.3&#8243; _module_preset=&#8221;default&#8221; custom_button=&#8221;on&#8221; button_text_size=&#8221;21px&#8221; button_text_color=&#8221;#FFFFFF&#8221; button_bg_color=&#8221;#3771c8&#8243; button_border_radius=&#8221;6px&#8221; button_letter_spacing=&#8221;0px&#8221; button_icon=&#8221;%%3%%&#8221; button_icon_color=&#8221;#FFFFFF&#8221; button_on_hover=&#8221;off&#8221; hover_enabled=&#8221;0&#8243; sticky_enabled=&#8221;0&#8243;][\/et_pb_button][et_pb_text _builder_version=&#8221;4.9.3&#8243; _module_preset=&#8221;default&#8221; header_font=&#8221;Roboto||||||||&#8221; header_text_color=&#8221;#0f4f89&#8243; header_line_height=&#8221;1.4em&#8221; custom_margin=&#8221;||9px|||&#8221; link_option_url=&#8221;http:\/\/szafranzaun.eu\/index.php\/blog\/na-co-zwrocic-uwage-dobierajac-ogrodzenie-zewnetrzne\/&#8221;]<\/p>\n<h1>WORAUF IST BEI DER AUSWAHL EINES ZAUNS ZU ACHTEN?<\/h1>\n<p>[\/et_pb_text][et_pb_divider color=&#8221;#7CDA24&#8243; divider_weight=&#8221;4px&#8221; _builder_version=&#8221;4.8.1&#8243; _module_preset=&#8221;default&#8221; width=&#8221;13%&#8221; module_alignment=&#8221;left&#8221; custom_margin=&#8221;||15px|||&#8221;][\/et_pb_divider][et_pb_image src=&#8221;http:\/\/szafranzaun.eu\/wp-content\/uploads\/2021\/03\/ogrodzenia-zewnetrzne.jpg&#8221; title_text=&#8221;Spacious house with garage&#8221; url=&#8221;http:\/\/szafranzaun.eu\/index.php\/blog\/na-co-zwrocic-uwage-dobierajac-ogrodzenie-zewnetrzne\/&#8221; align=&#8221;center&#8221; _builder_version=&#8221;4.8.1&#8243; _module_preset=&#8221;default&#8221;][\/et_pb_image][et_pb_text _builder_version=&#8221;4.9.3&#8243; _module_preset=&#8221;default&#8221;]<\/p>\n<p>Der Zaun ist ein wichtiges Element, das das Aussehen des gesamten Grundst\u00fccks beeinflusst und die Aufmerksamkeit der Passanten auf sich zieht. Sie hat gleich mehrere Funktionen: Sie beeinflusst die \u00c4sthetik, sch\u00fctzt vor ungebetenen G\u00e4sten, bietet Privatsph\u00e4re und schirmt von der Au\u00dfenwelt ab. Doch wie w\u00e4hlt man den Zaun so aus, dass er wirklich alle diese Eigenschaften vereint? Was ist es wert, beachtet zu werden? Und wie w\u00e4hlt man einen einzigen, traumhaften Vorschlag im Labyrinth aller verf\u00fcgbaren Optionen? Wir besprechen dieses Thema in unserem Artikel.<\/p>\n<p>[\/et_pb_text][et_pb_button button_url=&#8221;https:\/\/szafranzaun.eu\/de\/blog\/worauf-sie-bei-der-auswahl-eines-ausenzauns-achten-sollten\/&#8221; button_text=&#8221;Mehr lesen&#8221; button_alignment=&#8221;left&#8221; _builder_version=&#8221;4.9.3&#8243; _module_preset=&#8221;default&#8221; custom_button=&#8221;on&#8221; button_text_size=&#8221;21px&#8221; button_text_color=&#8221;#FFFFFF&#8221; button_bg_color=&#8221;#3771c8&#8243; button_border_radius=&#8221;6px&#8221; button_letter_spacing=&#8221;0px&#8221; button_icon=&#8221;%%3%%&#8221; button_icon_color=&#8221;#FFFFFF&#8221; button_on_hover=&#8221;off&#8221; hover_enabled=&#8221;0&#8243; sticky_enabled=&#8221;0&#8243;][\/et_pb_button][et_pb_text _builder_version=&#8221;4.9.3&#8243; _module_preset=&#8221;default&#8221; header_font=&#8221;Roboto||||||||&#8221; header_text_color=&#8221;#0f4f89&#8243; header_line_height=&#8221;1.4em&#8221; custom_margin=&#8221;||9px|||&#8221; link_option_url=&#8221;http:\/\/szafranzaun.eu\/index.php\/blog\/10-zalet-bram-cynkowanych-i-malowanych-proszkowo\/&#8221;]<\/p>\n<h1>10 VORTEILE VON FEUERVERZINKTEN UND PULVERBESCHICHTETEN T\u00dcREN<\/h1>\n<p>[\/et_pb_text][et_pb_divider color=&#8221;#7CDA24&#8243; divider_weight=&#8221;4px&#8221; _builder_version=&#8221;4.8.1&#8243; _module_preset=&#8221;default&#8221; width=&#8221;13%&#8221; module_alignment=&#8221;left&#8221; custom_margin=&#8221;||15px|||&#8221;][\/et_pb_divider][et_pb_image src=&#8221;http:\/\/szafranzaun.eu\/wp-content\/uploads\/2021\/03\/brama.jpg&#8221; title_text=&#8221;Classic Iron Gate and house&#8221; url=&#8221;http:\/\/szafranzaun.eu\/index.php\/blog\/10-zalet-bram-cynkowanych-i-malowanych-proszkowo\/&#8221; align=&#8221;center&#8221; _builder_version=&#8221;4.8.1&#8243; _module_preset=&#8221;default&#8221;][\/et_pb_image][et_pb_text _builder_version=&#8221;4.9.3&#8243; _module_preset=&#8221;default&#8221;]<\/p>\n<p>Das Eingangstor ist eines der repr\u00e4sentativsten Teile des Grundst\u00fccks und gleichzeitig das am h\u00e4ufigsten verwendete Element des Zauns. Das Aussehen des Tores sowie seine Haltbarkeit h\u00e4ngen von den zur Herstellung verwendeten Materialien und der fachgerechten Verarbeitung ab. Um die Parameter der Tore zu verbessern, werden auf sie spezielle Schutzbeschichtungen aufgetragen, die notwendig sind, um maximale Haltbarkeit und lange Lebensdauer zu gew\u00e4hrleisten.<\/p>\n<p>[\/et_pb_text][et_pb_button button_url=&#8221;https:\/\/szafranzaun.eu\/de\/blog\/10-vorteile-von-verzinkten-und-pulverbeschichteten-turen\/&#8221; button_text=&#8221;Mehr lesen&#8221; button_alignment=&#8221;left&#8221; _builder_version=&#8221;4.9.3&#8243; _module_preset=&#8221;default&#8221; custom_button=&#8221;on&#8221; button_text_size=&#8221;21px&#8221; button_text_color=&#8221;#FFFFFF&#8221; button_bg_color=&#8221;#3771c8&#8243; button_border_radius=&#8221;6px&#8221; button_letter_spacing=&#8221;0px&#8221; button_icon=&#8221;%%3%%&#8221; button_icon_color=&#8221;#FFFFFF&#8221; button_on_hover=&#8221;off&#8221; hover_enabled=&#8221;0&#8243; sticky_enabled=&#8221;0&#8243;][\/et_pb_button][et_pb_text _builder_version=&#8221;4.9.3&#8243; _module_preset=&#8221;default&#8221; header_font=&#8221;Roboto||||||||&#8221; header_text_color=&#8221;#0f4f89&#8243; header_line_height=&#8221;1.4em&#8221; custom_margin=&#8221;||9px|||&#8221; link_option_url=&#8221;http:\/\/szafranzaun.eu\/index.php\/blog\/jak-dzialaja-napedy-do-bram\/&#8221;]<\/p>\n<h1>WIE FUNKTIONIEREN DIE TORANTRIEBE?<\/h1>\n<p>[\/et_pb_text][et_pb_divider color=&#8221;#7CDA24&#8243; divider_weight=&#8221;4px&#8221; _builder_version=&#8221;4.8.1&#8243; _module_preset=&#8221;default&#8221; width=&#8221;13%&#8221; module_alignment=&#8221;left&#8221; custom_margin=&#8221;||15px|||&#8221;][\/et_pb_divider][et_pb_image src=&#8221;http:\/\/szafranzaun.eu\/wp-content\/uploads\/2021\/03\/automatyzacja_bram.jpg&#8221; title_text=&#8221;Automatic Sliding Gate and house, 3D illustration&#8221; url=&#8221;http:\/\/szafranzaun.eu\/index.php\/blog\/jak-dzialaja-napedy-do-bram\/&#8221; _builder_version=&#8221;4.8.1&#8243; _module_preset=&#8221;default&#8221;][\/et_pb_image][et_pb_text _builder_version=&#8221;4.9.3&#8243; _module_preset=&#8221;default&#8221;]<\/p>\n<p>Torantriebe wirken sich sowohl auf das Aussehen als auch auf die Sicherheit des Betriebs aus. Die Torautomatisierung wird am besten w\u00e4hrend der Entwurfs- und auch der Erstellungsphase des gesamten Zauns gew\u00e4hlt. Dies erm\u00f6glicht eine ordnungsgem\u00e4\u00dfe Auslegung und auch Installation, damit der Antrieb funktionieren kann. Auf diese Weise wird der Benutzer vor zus\u00e4tzlichen Arbeiten gesch\u00fctzt, die mit dem Ausgraben oder Entfernen des W\u00fcrfels verbunden sind. Was ist das Funktionsprinzip von Torantrieben?<\/p>\n<p>[\/et_pb_text][et_pb_button button_url=&#8221;https:\/\/szafranzaun.eu\/de\/blog\/wie-torantriebe-funktionieren\/&#8221; button_text=&#8221;Mehr lesen&#8221; button_alignment=&#8221;left&#8221; _builder_version=&#8221;4.9.3&#8243; _module_preset=&#8221;default&#8221; custom_button=&#8221;on&#8221; button_text_size=&#8221;21px&#8221; button_text_color=&#8221;#FFFFFF&#8221; button_bg_color=&#8221;#3771c8&#8243; button_border_radius=&#8221;6px&#8221; button_letter_spacing=&#8221;0px&#8221; button_icon=&#8221;%%3%%&#8221; button_icon_color=&#8221;#FFFFFF&#8221; button_on_hover=&#8221;off&#8221; hover_enabled=&#8221;0&#8243; sticky_enabled=&#8221;0&#8243;][\/et_pb_button][et_pb_text _builder_version=&#8221;4.9.3&#8243; _module_preset=&#8221;default&#8221; header_font=&#8221;Roboto||||||||&#8221; header_text_color=&#8221;#0f4f89&#8243; header_line_height=&#8221;1.4em&#8221; custom_margin=&#8221;||9px|||&#8221; link_option_url=&#8221;http:\/\/szafranzaun.eu\/index.php\/blog\/witamy-na-blogu-firmy-szafran\/&#8221;]<\/p>\n<h1>WILLKOMMEN IM BLOG DER FIRMA SZAFRAN<\/h1>\n<p>[\/et_pb_text][et_pb_divider color=&#8221;#7CDA24&#8243; divider_weight=&#8221;4px&#8221; _builder_version=&#8221;4.8.1&#8243; _module_preset=&#8221;default&#8221; width=&#8221;13%&#8221; module_alignment=&#8221;left&#8221; custom_margin=&#8221;||15px|||&#8221;][\/et_pb_divider][et_pb_image src=&#8221;http:\/\/szafranzaun.eu\/wp-content\/uploads\/2021\/03\/wpispowitalny.jpg&#8221; title_text=&#8221;wpispowitalny&#8221; url=&#8221;http:\/\/szafranzaun.eu\/index.php\/blog\/witamy-na-blogu-firmy-szafran\/&#8221; align=&#8221;center&#8221; _builder_version=&#8221;4.8.1&#8243; _module_preset=&#8221;default&#8221;][\/et_pb_image][et_pb_text _builder_version=&#8221;4.9.3&#8243; _module_preset=&#8221;default&#8221;]<\/p>\n<p>Blog der Firma Szafran<\/p>\n<p>[\/et_pb_text][et_pb_button button_url=&#8221;https:\/\/szafranzaun.eu\/de\/blog\/willkommen-auf-dem-blog-von-szafran\/&#8221; button_text=&#8221;Mehr lesen&#8221; button_alignment=&#8221;left&#8221; _builder_version=&#8221;4.9.3&#8243; _module_preset=&#8221;default&#8221; custom_button=&#8221;on&#8221; button_text_size=&#8221;21px&#8221; button_text_color=&#8221;#FFFFFF&#8221; button_bg_color=&#8221;#3771c8&#8243; button_border_radius=&#8221;6px&#8221; button_letter_spacing=&#8221;0px&#8221; button_icon=&#8221;%%3%%&#8221; button_icon_color=&#8221;#FFFFFF&#8221; button_on_hover=&#8221;off&#8221; hover_enabled=&#8221;0&#8243; sticky_enabled=&#8221;0&#8243;][\/et_pb_button][\/et_pb_column][\/et_pb_row][\/et_pb_section]<\/p>\n","protected":false},"excerpt":{"rendered":"<p>blogBLOG5 VORTEILE BEIM KAUF EINES MASSGEFERTIGTEN TORESDie Auswahl eines Eingangstores ist nicht einfach. Wir verf\u00fcgen \u00fcber Produkte, die in jedem Baumarkt erh\u00e4ltlich sind, sowie u.a. \u00fcber einzigartige schmiedeeiserne Eingangstore, die sich nicht nur durch eine gr\u00f6\u00dfere Haltbarkeit, sondern auch durch ein einzigartiges Design auszeichnen. Diese Option wird von Immobilieneigent\u00fcmern immer h\u00e4ufiger gerne gew\u00e4hlt. Wir erkl\u00e4ren, [&hellip;]<\/p>\n","protected":false},"author":1,"featured_media":0,"parent":0,"menu_order":0,"comment_status":"closed","ping_status":"closed","template":"","meta":{"_et_pb_use_builder":"on","_et_pb_old_content":"","_et_gb_content_width":"","footnotes":""},"class_list":["post-12","page","type-page","status-publish","hentry"],"_links":{"self":[{"href":"https:\/\/szafranzaun.eu\/de\/wp-json\/wp\/v2\/pages\/12"}],"collection":[{"href":"https:\/\/szafranzaun.eu\/de\/wp-json\/wp\/v2\/pages"}],"about":[{"href":"https:\/\/szafranzaun.eu\/de\/wp-json\/wp\/v2\/types\/page"}],"author":[{"embeddable":true,"href":"https:\/\/szafranzaun.eu\/de\/wp-json\/wp\/v2\/users\/1"}],"replies":[{"embeddable":true,"href":"https:\/\/szafranzaun.eu\/de\/wp-json\/wp\/v2\/comments?post=12"}],"version-history":[{"count":8,"href":"https:\/\/szafranzaun.eu\/de\/wp-json\/wp\/v2\/pages\/12\/revisions"}],"predecessor-version":[{"id":224413,"href":"https:\/\/szafranzaun.eu\/de\/wp-json\/wp\/v2\/pages\/12\/revisions\/224413"}],"wp:attachment":[{"href":"https:\/\/szafranzaun.eu\/de\/wp-json\/wp\/v2\/media?parent=12"}],"curies":[{"name":"wp","href":"https:\/\/api.w.org\/{rel}","templated":true}]}}