{"id":51282,"date":"2021-03-03T10:40:01","date_gmt":"2021-03-03T09:40:01","guid":{"rendered":"http:\/\/szafranzaun.eu\/?page_id=51282"},"modified":"2021-06-11T12:01:33","modified_gmt":"2021-06-11T10:01:33","slug":"willkommen-auf-dem-blog-von-szafran","status":"publish","type":"page","link":"https:\/\/szafranzaun.eu\/de\/blog\/willkommen-auf-dem-blog-von-szafran\/","title":{"rendered":"Willkommen auf dem Blog von Szafran"},"content":{"rendered":"<p>[et_pb_section fb_built=&#8221;1&#8243; _builder_version=&#8221;4.5.7&#8243; use_background_color_gradient=&#8221;on&#8221; background_color_gradient_start=&#8221;rgba(0,0,0,0.43)&#8221; background_color_gradient_end=&#8221;rgba(0,0,0,0.43)&#8221; background_color_gradient_overlays_image=&#8221;on&#8221; background_image=&#8221;http:\/\/szafranzaun.eu\/wp-content\/uploads\/2021\/01\/slide-1.jpg&#8221; custom_padding=&#8221;0.8%||0.9%||false|false&#8221;][et_pb_row _builder_version=&#8221;3.26.8&#8243; max_width=&#8221;80%&#8221; custom_padding=&#8221;0px|||||&#8221;][et_pb_column type=&#8221;4_4&#8243; _builder_version=&#8221;3.26.8&#8243;][et_pb_text _builder_version=&#8221;4.8.1&#8243; header_font=&#8221;Montserrat|700||on|||||&#8221; header_text_align=&#8221;center&#8221; header_text_color=&#8221;#ffffff&#8221; header_font_size=&#8221;60px&#8221; header_line_height=&#8221;1.6em&#8221; custom_margin=&#8221;34px||4px|||&#8221; animation_style=&#8221;fade&#8221; header_font_size_tablet=&#8221;45px&#8221; header_font_size_phone=&#8221;30px&#8221; header_font_size_last_edited=&#8221;on|desktop&#8221;]<\/p>\n<h1 style=\"text-align: left;\">blog<\/h1>\n<p>[\/et_pb_text][\/et_pb_column][\/et_pb_row][\/et_pb_section][et_pb_section fb_built=&#8221;1&#8243; _builder_version=&#8221;4.8.1&#8243; _module_preset=&#8221;default&#8221;][et_pb_row _builder_version=&#8221;4.8.1&#8243; _module_preset=&#8221;default&#8221; max_width=&#8221;80%&#8221; custom_padding=&#8221;0px||65px|||&#8221;][et_pb_column type=&#8221;4_4&#8243; _builder_version=&#8221;4.8.1&#8243; _module_preset=&#8221;default&#8221;][et_pb_text _builder_version=&#8221;4.9.3&#8243; _module_preset=&#8221;default&#8221; header_font=&#8221;Roboto||||||||&#8221; header_text_color=&#8221;#0f4f89&#8243; header_line_height=&#8221;1.4em&#8221; custom_margin=&#8221;||9px|||&#8221; hover_enabled=&#8221;0&#8243; sticky_enabled=&#8221;0&#8243;]<\/p>\n<h1>WILLKOMMEN IM BLOG DER FIRMA SZAFRAN<\/h1>\n<p>[\/et_pb_text][et_pb_divider color=&#8221;#7CDA24&#8243; divider_weight=&#8221;4px&#8221; _builder_version=&#8221;4.8.1&#8243; _module_preset=&#8221;default&#8221; width=&#8221;13%&#8221; module_alignment=&#8221;left&#8221; custom_margin=&#8221;||15px|||&#8221;][\/et_pb_divider][et_pb_text _builder_version=&#8221;4.9.3&#8243; _module_preset=&#8221;default&#8221; hover_enabled=&#8221;0&#8243; sticky_enabled=&#8221;0&#8243;]<\/p>\n<div class=\"row\">\n<div class=\"col-md-12\">\n<p>Blog der Firma Szafran.<\/p>\n<p>Wir begr\u00fc\u00dfen alle Kunden in unserem Blog. Wir haben sie erstellt, um das Angebot unserer Firma zu pr\u00e4sentieren und zu erkl\u00e4ren. Wir werden viele n\u00fctzliche Informationen \u00fcber unsere Branche und Materialien ver\u00f6ffentlichen, um Ihnen die Auswahl der richtigen Elemente unseres Angebots zu erleichtern. Wir ermutigen Sie, ihn zu lesen!<\/p>\n<\/div>\n<\/div>\n<p>[\/et_pb_text][\/et_pb_column][\/et_pb_row][\/et_pb_section]<\/p>\n","protected":false},"excerpt":{"rendered":"<p>blogWILLKOMMEN IM BLOG DER FIRMA SZAFRAN Blog der Firma Szafran. Wir begr\u00fc\u00dfen alle Kunden in unserem Blog. Wir haben sie erstellt, um das Angebot unserer Firma zu pr\u00e4sentieren und zu erkl\u00e4ren. Wir werden viele n\u00fctzliche Informationen \u00fcber unsere Branche und Materialien ver\u00f6ffentlichen, um Ihnen die Auswahl der richtigen Elemente unseres Angebots zu erleichtern. Wir ermutigen [&hellip;]<\/p>\n","protected":false},"author":1,"featured_media":0,"parent":12,"menu_order":0,"comment_status":"closed","ping_status":"closed","template":"","meta":{"_et_pb_use_builder":"on","_et_pb_old_content":"","_et_gb_content_width":"","footnotes":""},"class_list":["post-51282","page","type-page","status-publish","hentry"],"_links":{"self":[{"href":"https:\/\/szafranzaun.eu\/de\/wp-json\/wp\/v2\/pages\/51282"}],"collection":[{"href":"https:\/\/szafranzaun.eu\/de\/wp-json\/wp\/v2\/pages"}],"about":[{"href":"https:\/\/szafranzaun.eu\/de\/wp-json\/wp\/v2\/types\/page"}],"author":[{"embeddable":true,"href":"https:\/\/szafranzaun.eu\/de\/wp-json\/wp\/v2\/users\/1"}],"replies":[{"embeddable":true,"href":"https:\/\/szafranzaun.eu\/de\/wp-json\/wp\/v2\/comments?post=51282"}],"version-history":[{"count":5,"href":"https:\/\/szafranzaun.eu\/de\/wp-json\/wp\/v2\/pages\/51282\/revisions"}],"predecessor-version":[{"id":224446,"href":"https:\/\/szafranzaun.eu\/de\/wp-json\/wp\/v2\/pages\/51282\/revisions\/224446"}],"up":[{"embeddable":true,"href":"https:\/\/szafranzaun.eu\/de\/wp-json\/wp\/v2\/pages\/12"}],"wp:attachment":[{"href":"https:\/\/szafranzaun.eu\/de\/wp-json\/wp\/v2\/media?parent=51282"}],"curies":[{"name":"wp","href":"https:\/\/api.w.org\/{rel}","templated":true}]}}