{"id":51289,"date":"2021-03-03T10:43:58","date_gmt":"2021-03-03T09:43:58","guid":{"rendered":"http:\/\/szafranzaun.eu\/?page_id=51289"},"modified":"2021-06-11T12:00:31","modified_gmt":"2021-06-11T10:00:31","slug":"wie-torantriebe-funktionieren","status":"publish","type":"page","link":"https:\/\/szafranzaun.eu\/de\/blog\/wie-torantriebe-funktionieren\/","title":{"rendered":"Wie Torantriebe funktionieren"},"content":{"rendered":"<p>[et_pb_section fb_built=&#8221;1&#8243; _builder_version=&#8221;4.5.7&#8243; use_background_color_gradient=&#8221;on&#8221; background_color_gradient_start=&#8221;rgba(0,0,0,0.43)&#8221; background_color_gradient_end=&#8221;rgba(0,0,0,0.43)&#8221; background_color_gradient_overlays_image=&#8221;on&#8221; background_image=&#8221;http:\/\/szafranzaun.eu\/wp-content\/uploads\/2021\/01\/slide-1.jpg&#8221; custom_padding=&#8221;0.8%||0.9%||false|false&#8221;][et_pb_row _builder_version=&#8221;3.26.8&#8243; max_width=&#8221;80%&#8221; custom_padding=&#8221;0px|||||&#8221;][et_pb_column type=&#8221;4_4&#8243; _builder_version=&#8221;3.26.8&#8243;][et_pb_text _builder_version=&#8221;4.8.1&#8243; header_font=&#8221;Montserrat|700||on|||||&#8221; header_text_align=&#8221;center&#8221; header_text_color=&#8221;#ffffff&#8221; header_font_size=&#8221;60px&#8221; header_line_height=&#8221;1.6em&#8221; custom_margin=&#8221;34px||4px|||&#8221; animation_style=&#8221;fade&#8221; header_font_size_tablet=&#8221;45px&#8221; header_font_size_phone=&#8221;30px&#8221; header_font_size_last_edited=&#8221;on|desktop&#8221;]<\/p>\n<h1 style=\"text-align: left;\">blog<\/h1>\n<p>[\/et_pb_text][\/et_pb_column][\/et_pb_row][\/et_pb_section][et_pb_section fb_built=&#8221;1&#8243; _builder_version=&#8221;4.8.1&#8243; _module_preset=&#8221;default&#8221;][et_pb_row _builder_version=&#8221;4.8.1&#8243; _module_preset=&#8221;default&#8221; max_width=&#8221;80%&#8221; custom_padding=&#8221;0px||65px|||&#8221;][et_pb_column type=&#8221;4_4&#8243; _builder_version=&#8221;4.8.1&#8243; _module_preset=&#8221;default&#8221;][et_pb_text _builder_version=&#8221;4.9.3&#8243; _module_preset=&#8221;default&#8221; header_font=&#8221;Roboto||||||||&#8221; header_text_color=&#8221;#0f4f89&#8243; header_line_height=&#8221;1.4em&#8221; custom_margin=&#8221;||9px|||&#8221; hover_enabled=&#8221;0&#8243; sticky_enabled=&#8221;0&#8243;]<\/p>\n<h1>WIE TORANTRIEBE FUNKTIONIEREN<\/h1>\n<p>[\/et_pb_text][et_pb_divider color=&#8221;#7CDA24&#8243; divider_weight=&#8221;4px&#8221; _builder_version=&#8221;4.8.1&#8243; _module_preset=&#8221;default&#8221; width=&#8221;13%&#8221; module_alignment=&#8221;left&#8221; custom_margin=&#8221;||15px|||&#8221;][\/et_pb_divider][et_pb_text _builder_version=&#8221;4.9.3&#8243; _module_preset=&#8221;default&#8221; hover_enabled=&#8221;0&#8243; sticky_enabled=&#8221;0&#8243;]<\/p>\n<p>Torantriebe wirken sich sowohl auf das Aussehen als auch auf die Sicherheit des Betriebs aus. Die Torautomatisierung wird am besten w\u00e4hrend der Entwurfs- und auch der Erstellungsphase des gesamten Zauns gew\u00e4hlt. Dies erm\u00f6glicht eine ordnungsgem\u00e4\u00dfe Auslegung und auch Installation, damit der Antrieb funktionieren kann. Auf diese Weise wird der Benutzer vor zus\u00e4tzlichen Arbeiten gesch\u00fctzt, die mit dem Ausgraben oder Entfernen des W\u00fcrfels verbunden sind. Wie ist das Funktionsprinzip von Torantrieben?<\/p>\n<p>[\/et_pb_text][et_pb_text _builder_version=&#8221;4.9.3&#8243; _module_preset=&#8221;default&#8221; header_font=&#8221;Roboto||||||||&#8221; header_text_color=&#8221;#0f4f89&#8243; header_line_height=&#8221;1.4em&#8221; custom_margin=&#8221;||9px|||&#8221; hover_enabled=&#8221;0&#8243; sticky_enabled=&#8221;0&#8243;]<\/p>\n<h1>MECHANISCHE UND HYDRAULISCHE ANTRIEBE<\/h1>\n<p>[\/et_pb_text][et_pb_divider color=&#8221;#7CDA24&#8243; divider_weight=&#8221;4px&#8221; _builder_version=&#8221;4.8.1&#8243; _module_preset=&#8221;default&#8221; width=&#8221;13%&#8221; module_alignment=&#8221;left&#8221; custom_margin=&#8221;||15px|||&#8221;][\/et_pb_divider][et_pb_text _builder_version=&#8221;4.9.3&#8243; _module_preset=&#8221;default&#8221; hover_enabled=&#8221;0&#8243; sticky_enabled=&#8221;0&#8243;]<\/p>\n<p>Drehtore k\u00f6nnen sowohl mechanische als auch elektro-hydraulische Antriebe haben. Die erste L\u00f6sung wird am h\u00e4ufigsten verwendet. Es handelt sich um Gewindetriebe, mit dem sogenannten gebrochenen Arm, und unterirdisch. Diese Konstruktionen sind unter unseren klimatischen Bedingungen \u00e4u\u00dferst zuverl\u00e4ssig.\u00a0Bei elektrohydraulischen Antrieben wird anstelle einer Spindel ein hydraulischer Aktor verwendet, der sich durch hohe Festigkeit und Langlebigkeit auszeichnet. Sie sind eine hervorragende L\u00f6sung f\u00fcr Tore, die h\u00e4ufig benutzt werden. Bei hydraulischen Antrieben ist es notwendig, einen Satz von Heizungen zu installieren, die es erm\u00f6glichen, die richtige Temperatur der Arbeitsfl\u00fcssigkeit bei frostigem Wetter aufrechtzuerhalten.<\/p>\n<p>[\/et_pb_text][et_pb_text _builder_version=&#8221;4.9.3&#8243; _module_preset=&#8221;default&#8221; header_font=&#8221;Roboto||||||||&#8221; header_text_color=&#8221;#0f4f89&#8243; header_line_height=&#8221;1.4em&#8221; custom_margin=&#8221;||9px|||&#8221; hover_enabled=&#8221;0&#8243; sticky_enabled=&#8221;0&#8243;]<\/p>\n<h1>ANTRIEBE MIT KLAPPARM<\/h1>\n<p>[\/et_pb_text][et_pb_divider color=&#8221;#7CDA24&#8243; divider_weight=&#8221;4px&#8221; _builder_version=&#8221;4.8.1&#8243; _module_preset=&#8221;default&#8221; width=&#8221;13%&#8221; module_alignment=&#8221;left&#8221; custom_margin=&#8221;||15px|||&#8221;][\/et_pb_divider][et_pb_text _builder_version=&#8221;4.9.3&#8243; _module_preset=&#8221;default&#8221; hover_enabled=&#8221;0&#8243; sticky_enabled=&#8221;0&#8243;]<\/p>\n<p>Eine weitere L\u00f6sung sind Antriebe f\u00fcr Tore mit einem gebrochenen Arm. Sie k\u00f6nnen zur Automatisierung von Toren eingesetzt werden, die auf extrem breiten Pfosten montiert sind. Die Montage eines solchen Tores ist sehr einfach. Dies geschieht durch das Anbringen von entsprechenden Montagewinkeln am Set. Die Verwendung eines Schwei\u00dfger\u00e4ts ist hier nicht erforderlich.<\/p>\n<p>[\/et_pb_text][et_pb_text _builder_version=&#8221;4.9.3&#8243; _module_preset=&#8221;default&#8221; header_font=&#8221;Roboto||||||||&#8221; header_text_color=&#8221;#0f4f89&#8243; header_line_height=&#8221;1.4em&#8221; custom_margin=&#8221;||9px|||&#8221; hover_enabled=&#8221;0&#8243; sticky_enabled=&#8221;0&#8243;]<\/p>\n<h1>UNTERIRDISCHE ANTRIEBE<\/h1>\n<p>[\/et_pb_text][et_pb_divider color=&#8221;#7CDA24&#8243; divider_weight=&#8221;4px&#8221; _builder_version=&#8221;4.8.1&#8243; _module_preset=&#8221;default&#8221; width=&#8221;13%&#8221; module_alignment=&#8221;left&#8221; custom_margin=&#8221;||15px|||&#8221;][\/et_pb_divider][et_pb_text _builder_version=&#8221;4.9.3&#8243; _module_preset=&#8221;default&#8221; hover_enabled=&#8221;0&#8243; sticky_enabled=&#8221;0&#8243;]<\/p>\n<p>Unterirdische Antriebe sind am kostspieligsten. Ihre Lage macht sie praktisch unsichtbar.\u00a0Sie sorgen f\u00fcr einen reibungslosen und st\u00f6rungsfreien Betrieb \u00fcber einen langen Zeitraum. Die Installation dieser L\u00f6sung erfordert jedoch eine Menge Wissen und Erfahrung. Eine solche L\u00f6sung ist oft mit baulichen Ver\u00e4nderungen an den Masten verbunden.<\/p>\n<p>[\/et_pb_text][\/et_pb_column][\/et_pb_row][\/et_pb_section]<\/p>\n","protected":false},"excerpt":{"rendered":"<p>blogWIE TORANTRIEBE FUNKTIONIERENTorantriebe wirken sich sowohl auf das Aussehen als auch auf die Sicherheit des Betriebs aus. Die Torautomatisierung wird am besten w\u00e4hrend der Entwurfs- und auch der Erstellungsphase des gesamten Zauns gew\u00e4hlt. Dies erm\u00f6glicht eine ordnungsgem\u00e4\u00dfe Auslegung und auch Installation, damit der Antrieb funktionieren kann. Auf diese Weise wird der Benutzer vor zus\u00e4tzlichen Arbeiten [&hellip;]<\/p>\n","protected":false},"author":1,"featured_media":0,"parent":12,"menu_order":0,"comment_status":"closed","ping_status":"closed","template":"","meta":{"_et_pb_use_builder":"on","_et_pb_old_content":"","_et_gb_content_width":"","footnotes":""},"class_list":["post-51289","page","type-page","status-publish","hentry"],"_links":{"self":[{"href":"https:\/\/szafranzaun.eu\/de\/wp-json\/wp\/v2\/pages\/51289"}],"collection":[{"href":"https:\/\/szafranzaun.eu\/de\/wp-json\/wp\/v2\/pages"}],"about":[{"href":"https:\/\/szafranzaun.eu\/de\/wp-json\/wp\/v2\/types\/page"}],"author":[{"embeddable":true,"href":"https:\/\/szafranzaun.eu\/de\/wp-json\/wp\/v2\/users\/1"}],"replies":[{"embeddable":true,"href":"https:\/\/szafranzaun.eu\/de\/wp-json\/wp\/v2\/comments?post=51289"}],"version-history":[{"count":5,"href":"https:\/\/szafranzaun.eu\/de\/wp-json\/wp\/v2\/pages\/51289\/revisions"}],"predecessor-version":[{"id":224444,"href":"https:\/\/szafranzaun.eu\/de\/wp-json\/wp\/v2\/pages\/51289\/revisions\/224444"}],"up":[{"embeddable":true,"href":"https:\/\/szafranzaun.eu\/de\/wp-json\/wp\/v2\/pages\/12"}],"wp:attachment":[{"href":"https:\/\/szafranzaun.eu\/de\/wp-json\/wp\/v2\/media?parent=51289"}],"curies":[{"name":"wp","href":"https:\/\/api.w.org\/{rel}","templated":true}]}}