{"id":51295,"date":"2021-03-03T11:00:12","date_gmt":"2021-03-03T10:00:12","guid":{"rendered":"http:\/\/szafranzaun.eu\/?page_id=51295"},"modified":"2021-06-11T11:58:10","modified_gmt":"2021-06-11T09:58:10","slug":"10-vorteile-von-verzinkten-und-pulverbeschichteten-turen","status":"publish","type":"page","link":"https:\/\/szafranzaun.eu\/de\/blog\/10-vorteile-von-verzinkten-und-pulverbeschichteten-turen\/","title":{"rendered":"10 Vorteile von verzinkten und pulverbeschichteten T\u00fcren"},"content":{"rendered":"<p>[et_pb_section fb_built=&#8221;1&#8243; _builder_version=&#8221;4.5.7&#8243; use_background_color_gradient=&#8221;on&#8221; background_color_gradient_start=&#8221;rgba(0,0,0,0.43)&#8221; background_color_gradient_end=&#8221;rgba(0,0,0,0.43)&#8221; background_color_gradient_overlays_image=&#8221;on&#8221; background_image=&#8221;http:\/\/szafranzaun.eu\/wp-content\/uploads\/2021\/01\/slide-1.jpg&#8221; custom_padding=&#8221;0.8%||0.9%||false|false&#8221;][et_pb_row _builder_version=&#8221;3.26.8&#8243; max_width=&#8221;80%&#8221; custom_padding=&#8221;0px|||||&#8221;][et_pb_column type=&#8221;4_4&#8243; _builder_version=&#8221;3.26.8&#8243;][et_pb_text _builder_version=&#8221;4.8.1&#8243; header_font=&#8221;Montserrat|700||on|||||&#8221; header_text_align=&#8221;center&#8221; header_text_color=&#8221;#ffffff&#8221; header_font_size=&#8221;60px&#8221; header_line_height=&#8221;1.6em&#8221; custom_margin=&#8221;34px||4px|||&#8221; animation_style=&#8221;fade&#8221; header_font_size_tablet=&#8221;45px&#8221; header_font_size_phone=&#8221;30px&#8221; header_font_size_last_edited=&#8221;on|desktop&#8221;]<\/p>\n<h1 style=\"text-align: left;\">blog<\/h1>\n<p>[\/et_pb_text][\/et_pb_column][\/et_pb_row][\/et_pb_section][et_pb_section fb_built=&#8221;1&#8243; _builder_version=&#8221;4.8.1&#8243; _module_preset=&#8221;default&#8221;][et_pb_row _builder_version=&#8221;4.8.1&#8243; _module_preset=&#8221;default&#8221; max_width=&#8221;80%&#8221; custom_padding=&#8221;0px||65px|||&#8221;][et_pb_column type=&#8221;4_4&#8243; _builder_version=&#8221;4.8.1&#8243; _module_preset=&#8221;default&#8221;][et_pb_text _builder_version=&#8221;4.9.3&#8243; _module_preset=&#8221;default&#8221; header_font=&#8221;Roboto||||||||&#8221; header_text_color=&#8221;#0f4f89&#8243; header_line_height=&#8221;1.4em&#8221; custom_margin=&#8221;||9px|||&#8221; hover_enabled=&#8221;0&#8243; sticky_enabled=&#8221;0&#8243;]<\/p>\n<h1>10 VORTEILE VON FEUERVERZINKTEN UND PULVERBESCHICHTETEN T\u00dcREN<\/h1>\n<p>[\/et_pb_text][et_pb_divider color=&#8221;#7CDA24&#8243; divider_weight=&#8221;4px&#8221; _builder_version=&#8221;4.8.1&#8243; _module_preset=&#8221;default&#8221; width=&#8221;13%&#8221; module_alignment=&#8221;left&#8221; custom_margin=&#8221;||15px|||&#8221;][\/et_pb_divider][et_pb_text _builder_version=&#8221;4.9.3&#8243; _module_preset=&#8221;default&#8221; hover_enabled=&#8221;0&#8243; sticky_enabled=&#8221;0&#8243;]<\/p>\n<p>Das Eingangstor ist eines der repr\u00e4sentativsten Teile des Grundst\u00fccks und gleichzeitig das am h\u00e4ufigsten verwendete Element des Zauns. Das Aussehen des Tores sowie seine Haltbarkeit h\u00e4ngen von den zur Herstellung verwendeten Materialien und der fachgerechten Verarbeitung ab. Um die Parameter der Tore zu verbessern, werden auf sie spezielle Schutzbeschichtungen aufgetragen, die notwendig sind, um maximale Haltbarkeit und lange Lebensdauer zu gew\u00e4hrleisten.<\/p>\n<p>[\/et_pb_text][et_pb_text _builder_version=&#8221;4.9.3&#8243; _module_preset=&#8221;default&#8221; header_font=&#8221;Roboto||||||||&#8221; header_text_color=&#8221;#0f4f89&#8243; header_line_height=&#8221;1.4em&#8221; custom_margin=&#8221;||9px|||&#8221; hover_enabled=&#8221;0&#8243; sticky_enabled=&#8221;0&#8243;]<\/p>\n<h1>EIGENSCHAFTEN VON FEUERVERZINKTEN UND PULVERBESCHICHTETEN T\u00dcREN<\/h1>\n<p>[\/et_pb_text][et_pb_divider color=&#8221;#7CDA24&#8243; divider_weight=&#8221;4px&#8221; _builder_version=&#8221;4.8.1&#8243; _module_preset=&#8221;default&#8221; width=&#8221;13%&#8221; module_alignment=&#8221;left&#8221; custom_margin=&#8221;||15px|||&#8221;][\/et_pb_divider][et_pb_text _builder_version=&#8221;4.9.3&#8243; _module_preset=&#8221;default&#8221; hover_enabled=&#8221;0&#8243; sticky_enabled=&#8221;0&#8243;]<\/p>\n<p>Pulverbeschichtung und Verzinkung (auch bekannt als Feuerverzinkung) sind einige der am h\u00e4ufigsten verwendeten Verfahren in der T\u00fcrenherstellung. Die Pulverbeschichtung ist ein elektrostatisches Auftragen von trockenem Pulver auf eine Metalloberfl\u00e4che und anschlie\u00dfendes Aush\u00e4rten, um eine stabile Schutzschicht zu bilden. Bei der Verzinkung hingegen werden die Bauteile in ein Bad aus geschmolzenem Zink getaucht, das auf ca. 440-460\u00b0C erhitzt wird. Hier sind zehn Vorteile von verzinkten und pulverbeschichteten T\u00fcren:<\/p>\n<p><strong>1. Schutz gegen Korrosion<\/strong><\/p>\n<p>Zinklegierungen bilden eine spezielle Beschichtung auf der Oberfl\u00e4che, die passiviert wird, wenn das Zink mit Sauerstoff oder Wasser reagiert und das Metall im Inneren ersetzt. Die Pulverbeschichtung hingegen schafft eine Barriere, die verhindert, dass das Tor von innen eingedrungen und besch\u00e4digt werden kann.<\/p>\n<p><strong>2. Widerstand<\/strong><\/p>\n<p>Tore mit Zink- oder Pulverbeschichtung sind best\u00e4ndig gegen physikalische, chemische und atmosph\u00e4rische Einfl\u00fcsse (z. B. UV-Strahlung, extreme Temperaturen). Zinkbeschichtungen zeichnen sich au\u00dferdem durch eine hohe Reibungs- und Schlagfestigkeit aus.<\/p>\n<p><strong>3. Konstante Dicke<\/strong><\/p>\n<p>Zu den Vorteilen der Pulverbeschichtung und Feuerverzinkung geh\u00f6rt die M\u00f6glichkeit, dickere Beschichtungen als mit herk\u00f6mmlichen Lacken zu erzeugen. Jede Vertiefung und Ecke wird gleichm\u00e4\u00dfig beschichtet und bietet so einen gleichm\u00e4\u00dfigen Schutz.<\/p>\n<p><strong>4. Erschwinglich<\/strong><\/p>\n<p>Bei der Pulverbeschichtung werden fast 100 % des Materials verwendet, da die M\u00f6glichkeit besteht, nicht abgeschiedene Partikel zur\u00fcckzugewinnen, was die Kosten der Beschichtungsproduktion senkt. Au\u00dferdem ist die Beschichtung g\u00fcnstiger als z. B. der Kauf einer T\u00fcr aus Edelstahl.<\/p>\n<p><strong>5. Reduzierung der Wartungskosten<\/strong><\/p>\n<p>Eine stabile, langlebige Beschichtung sorgt f\u00fcr eine deutliche Reduzierung der Wartungskosten, und der geringe Reparaturbedarf bedeutet, dass \u00fcber die Lebensdauer der T\u00fcr weniger Material verbraucht wird.<\/p>\n<p><strong>6. Geschwindigkeit der Produktion<\/strong><\/p>\n<p>Die T\u00fcrkomponenten sind nach dem Verzinken oder Pulverbeschichten sofort einsatzbereit. Die Komponenten m\u00fcssen nicht weiter bearbeitet werden, was die Bestellzeit minimiert, und die T\u00fcr kann im gleichen Moment in Betrieb genommen werden, in dem die Installation abgeschlossen ist.<\/p>\n<p><strong>7. Einfache \u00dcberpr\u00fcfung des Erhaltungszustandes<\/strong><\/p>\n<p>Der Zustand der Beschichtung eines verzinkten Tores kann visuell gepr\u00fcft werden, ohne dass eine zerst\u00f6rende Dickenpr\u00fcfung durchgef\u00fchrt werden muss. Es muss auch nicht \u00fcberpr\u00fcft werden, was unter der Beschichtung passiert und in welchem Zustand sich das Innere befindet, da die elektrolytische Oxidation von Zink die Korrosion des Gates verhindert.<\/p>\n<p><strong>8. Umweltschonend<\/strong><\/p>\n<p>Die Pulverbeschichtung ist ein umwelt- und gesundheitsfreundlicher Prozess, da die Beschichtungen keine sch\u00e4dlichen L\u00f6sungsmittel enthalten oder fl\u00fcchtige organische Verbindungen in die Atmosph\u00e4re abgeben.<\/p>\n<p><strong>9. \u00c4sthetik<\/strong><\/p>\n<p>Pulverbeschichtungen, die dank ihrer betr\u00e4chtlichen Dicke (60-80 \u03bcm) erhalten werden, sind verformungsfrei, haben keine Schlieren und die Farbe ist gleichm\u00e4\u00dfig verteilt. Dar\u00fcber hinaus kann die Beschichtung auch in schwer zug\u00e4nglichen Kavit\u00e4ten gebildet werden.<\/p>\n<p><strong>10. Lange Lebensdauer<\/strong><\/p>\n<p>Aufgrund der starken elektrolytischen Bindung zwischen dem Metall (z.B. Eisen) und der Zinkschicht k\u00f6nnen verzinkte Tore bis zu 50 Jahre halten. Dies ist auf den erw\u00e4hnten Schutz gegen Wasser und Sauerstoff zur\u00fcckzuf\u00fchren.<\/p>\n<p>[\/et_pb_text][\/et_pb_column][\/et_pb_row][\/et_pb_section]<\/p>\n","protected":false},"excerpt":{"rendered":"<p>blog10 VORTEILE VON FEUERVERZINKTEN UND PULVERBESCHICHTETEN T\u00dcRENDas Eingangstor ist eines der repr\u00e4sentativsten Teile des Grundst\u00fccks und gleichzeitig das am h\u00e4ufigsten verwendete Element des Zauns. Das Aussehen des Tores sowie seine Haltbarkeit h\u00e4ngen von den zur Herstellung verwendeten Materialien und der fachgerechten Verarbeitung ab. Um die Parameter der Tore zu verbessern, werden auf sie spezielle Schutzbeschichtungen [&hellip;]<\/p>\n","protected":false},"author":1,"featured_media":0,"parent":12,"menu_order":0,"comment_status":"closed","ping_status":"closed","template":"","meta":{"_et_pb_use_builder":"on","_et_pb_old_content":"","_et_gb_content_width":"","footnotes":""},"class_list":["post-51295","page","type-page","status-publish","hentry"],"_links":{"self":[{"href":"https:\/\/szafranzaun.eu\/de\/wp-json\/wp\/v2\/pages\/51295"}],"collection":[{"href":"https:\/\/szafranzaun.eu\/de\/wp-json\/wp\/v2\/pages"}],"about":[{"href":"https:\/\/szafranzaun.eu\/de\/wp-json\/wp\/v2\/types\/page"}],"author":[{"embeddable":true,"href":"https:\/\/szafranzaun.eu\/de\/wp-json\/wp\/v2\/users\/1"}],"replies":[{"embeddable":true,"href":"https:\/\/szafranzaun.eu\/de\/wp-json\/wp\/v2\/comments?post=51295"}],"version-history":[{"count":6,"href":"https:\/\/szafranzaun.eu\/de\/wp-json\/wp\/v2\/pages\/51295\/revisions"}],"predecessor-version":[{"id":224442,"href":"https:\/\/szafranzaun.eu\/de\/wp-json\/wp\/v2\/pages\/51295\/revisions\/224442"}],"up":[{"embeddable":true,"href":"https:\/\/szafranzaun.eu\/de\/wp-json\/wp\/v2\/pages\/12"}],"wp:attachment":[{"href":"https:\/\/szafranzaun.eu\/de\/wp-json\/wp\/v2\/media?parent=51295"}],"curies":[{"name":"wp","href":"https:\/\/api.w.org\/{rel}","templated":true}]}}