{"id":51300,"date":"2021-03-03T11:24:59","date_gmt":"2021-03-03T10:24:59","guid":{"rendered":"http:\/\/szafranzaun.eu\/?page_id=51300"},"modified":"2021-06-11T11:54:16","modified_gmt":"2021-06-11T09:54:16","slug":"worauf-sie-bei-der-auswahl-eines-ausenzauns-achten-sollten","status":"publish","type":"page","link":"https:\/\/szafranzaun.eu\/de\/blog\/worauf-sie-bei-der-auswahl-eines-ausenzauns-achten-sollten\/","title":{"rendered":"Worauf Sie bei der Auswahl eines Au\u00dfenzauns achten sollten"},"content":{"rendered":"<p>[et_pb_section fb_built=&#8221;1&#8243; _builder_version=&#8221;4.5.7&#8243; use_background_color_gradient=&#8221;on&#8221; background_color_gradient_start=&#8221;rgba(0,0,0,0.43)&#8221; background_color_gradient_end=&#8221;rgba(0,0,0,0.43)&#8221; background_color_gradient_overlays_image=&#8221;on&#8221; background_image=&#8221;http:\/\/szafranzaun.eu\/wp-content\/uploads\/2021\/01\/slide-1.jpg&#8221; custom_padding=&#8221;0.8%||0.9%||false|false&#8221;][et_pb_row _builder_version=&#8221;3.26.8&#8243; max_width=&#8221;80%&#8221; custom_padding=&#8221;0px|||||&#8221;][et_pb_column type=&#8221;4_4&#8243; _builder_version=&#8221;3.26.8&#8243;][et_pb_text _builder_version=&#8221;4.8.1&#8243; header_font=&#8221;Montserrat|700||on|||||&#8221; header_text_align=&#8221;center&#8221; header_text_color=&#8221;#ffffff&#8221; header_font_size=&#8221;60px&#8221; header_line_height=&#8221;1.6em&#8221; custom_margin=&#8221;34px||4px|||&#8221; animation_style=&#8221;fade&#8221; header_font_size_tablet=&#8221;45px&#8221; header_font_size_phone=&#8221;30px&#8221; header_font_size_last_edited=&#8221;on|desktop&#8221;]<\/p>\n<h1 style=\"text-align: left;\">blog<\/h1>\n<p>[\/et_pb_text][\/et_pb_column][\/et_pb_row][\/et_pb_section][et_pb_section fb_built=&#8221;1&#8243; _builder_version=&#8221;4.8.1&#8243; _module_preset=&#8221;default&#8221;][et_pb_row _builder_version=&#8221;4.8.1&#8243; _module_preset=&#8221;default&#8221; max_width=&#8221;80%&#8221; custom_padding=&#8221;0px||65px|||&#8221;][et_pb_column type=&#8221;4_4&#8243; _builder_version=&#8221;4.8.1&#8243; _module_preset=&#8221;default&#8221;][et_pb_text _builder_version=&#8221;4.9.3&#8243; _module_preset=&#8221;default&#8221; header_font=&#8221;Roboto||||||||&#8221; header_text_color=&#8221;#0f4f89&#8243; header_line_height=&#8221;1.4em&#8221; custom_margin=&#8221;||9px|||&#8221; hover_enabled=&#8221;0&#8243; sticky_enabled=&#8221;0&#8243;]<\/p>\n<h1>WORAUF IST BEI DER AUSWAHL EINES ZAUNS ZU ACHTEN?<\/h1>\n<p>[\/et_pb_text][et_pb_divider color=&#8221;#7CDA24&#8243; divider_weight=&#8221;4px&#8221; _builder_version=&#8221;4.8.1&#8243; _module_preset=&#8221;default&#8221; width=&#8221;13%&#8221; module_alignment=&#8221;left&#8221; custom_margin=&#8221;||15px|||&#8221;][\/et_pb_divider][et_pb_text _builder_version=&#8221;4.9.3&#8243; _module_preset=&#8221;default&#8221; hover_enabled=&#8221;0&#8243; sticky_enabled=&#8221;0&#8243;]<\/p>\n<p>Der Zaun ist ein wichtiges Element, das das Aussehen des gesamten Grundst\u00fccks beeinflusst und die Aufmerksamkeit der Passanten auf sich zieht. Sie hat gleich mehrere Funktionen: Sie beeinflusst die \u00c4sthetik, sch\u00fctzt vor ungebetenen G\u00e4sten, bietet Privatsph\u00e4re und schirmt von der Au\u00dfenwelt ab. Doch wie w\u00e4hlt man den Zaun so aus, dass er wirklich alle diese Eigenschaften vereint? Was ist es wert, beachtet zu werden? Und wie w\u00e4hlt man einen einzigen, traumhaften Vorschlag im Labyrinth aller verf\u00fcgbaren Optionen? Wir besprechen dieses Thema in unserem Artikel.<\/p>\n<p>[\/et_pb_text][et_pb_text _builder_version=&#8221;4.9.3&#8243; _module_preset=&#8221;default&#8221; header_font=&#8221;Roboto||||||||&#8221; header_text_color=&#8221;#0f4f89&#8243; header_line_height=&#8221;1.4em&#8221; custom_margin=&#8221;||9px|||&#8221; hover_enabled=&#8221;0&#8243; sticky_enabled=&#8221;0&#8243;]<\/p>\n<h1>FUNKTIONALIT\u00c4T UND \u00c4STHETIK<\/h1>\n<p>[\/et_pb_text][et_pb_divider color=&#8221;#7CDA24&#8243; divider_weight=&#8221;4px&#8221; _builder_version=&#8221;4.8.1&#8243; _module_preset=&#8221;default&#8221; width=&#8221;13%&#8221; module_alignment=&#8221;left&#8221; custom_margin=&#8221;||15px|||&#8221;][\/et_pb_divider][et_pb_text _builder_version=&#8221;4.9.3&#8243; _module_preset=&#8221;default&#8221; hover_enabled=&#8221;0&#8243; sticky_enabled=&#8221;0&#8243;]<\/p>\n<p>Zuallererst sollte man sich daran erinnern, dass der Zaun zwei grundlegende Eigenschaften kombinieren sollte, n\u00e4mlich Funktionalit\u00e4t und \u00c4sthetik. Warum? Funktionalit\u00e4t bedeutet, dass das von uns gew\u00e4hlte Produkt uns alle zuvor genannten Vorteile bietet. So schreckt es sowohl ungebetene Personen ab, als auch sch\u00fctzt es uns vor den Blicken der Nachbarn. Es wird die Privatsph\u00e4re garantieren und uns vor L\u00e4rm oder sogar Verschmutzung sch\u00fctzen.<\/p>\n<p>Gleichzeitig sollte sich der Zaun durch ein elegantes Design auszeichnen, das ihn zu einer echten Dekoration macht und unser Haus erg\u00e4nzt. Die heute verf\u00fcgbaren Optionen sind nicht nur ein paar aneinandergeklebte Elemente. Es handelt sich um sch\u00f6ne, kunstvoll gefertigte Vorschl\u00e4ge, deren Stil und Farbgebung nach pers\u00f6nlichen Vorlieben gew\u00e4hlt werden kann. Ein gut gew\u00e4hltes Produkt erm\u00f6glicht es uns, die Harmonie und perfekte Komposition zu erhalten.<\/p>\n<p>[\/et_pb_text][et_pb_text _builder_version=&#8221;4.9.3&#8243; _module_preset=&#8221;default&#8221; header_font=&#8221;Roboto||||||||&#8221; header_text_color=&#8221;#0f4f89&#8243; header_line_height=&#8221;1.4em&#8221; custom_margin=&#8221;||9px|||&#8221; hover_enabled=&#8221;0&#8243; sticky_enabled=&#8221;0&#8243;]<\/p>\n<h1>HOHE QUALIT\u00c4T<\/h1>\n<p>[\/et_pb_text][et_pb_divider color=&#8221;#7CDA24&#8243; divider_weight=&#8221;4px&#8221; _builder_version=&#8221;4.8.1&#8243; _module_preset=&#8221;default&#8221; width=&#8221;13%&#8221; module_alignment=&#8221;left&#8221; custom_margin=&#8221;||15px|||&#8221;][\/et_pb_divider][et_pb_text _builder_version=&#8221;4.9.3&#8243; _module_preset=&#8221;default&#8221; hover_enabled=&#8221;0&#8243; sticky_enabled=&#8221;0&#8243;]<\/p>\n<p>Bei der Auswahl eines Zauns lohnt es sich auch, auf seine Qualit\u00e4t zu achten. Die hohe Klasse sollte sowohl in den verwendeten Materialien als auch in der Art der Herstellung und Verbindung der einzelnen Elemente sichtbar sein. Warum ist das so wichtig? Vor allem, weil der Zaun eine Investition f\u00fcr Jahre ist. Wenn wir wollen, dass es seine urspr\u00fcngliche Form oder sein hervorragendes Aussehen beh\u00e4lt, lohnt es sich, einen Vorschlag zu w\u00e4hlen, der nach den h\u00f6chsten Standards erstellt wurde. Ber\u00fccksichtigen Sie die Tatsache, dass es sich im Freien befindet, wo es mit sch\u00e4dlichen \u00e4u\u00dferen Faktoren wie Wind, Sonnenlicht, Regen oder Temperaturschwankungen in Kontakt kommt.<\/p>\n<p>Ein weiterer Faktor ist die einfache Pflege. Keiner von uns m\u00f6chte stundenlang streichen oder st\u00e4ndig die Oberfl\u00e4che des Zauns reinigen. Wenn wir besch\u00e4ftigt sind oder einfach keine Lust auf Reparaturen haben, ist es umso wichtiger, einen soliden und gut gemachten Vorschlag zu w\u00e4hlen. Zum Gl\u00fcck ist es heutzutage kein Problem, einen sch\u00f6nen Zaun zu kaufen, der keinen \u00fcberm\u00e4\u00dfigen Aufwand erfordert.<\/p>\n<p>[\/et_pb_text][et_pb_text _builder_version=&#8221;4.9.3&#8243; _module_preset=&#8221;default&#8221; header_font=&#8221;Roboto||||||||&#8221; header_text_color=&#8221;#0f4f89&#8243; header_line_height=&#8221;1.4em&#8221; custom_margin=&#8221;||9px|||&#8221; hover_enabled=&#8221;0&#8243; sticky_enabled=&#8221;0&#8243;]<\/p>\n<h1>KONSTRUKTIONSELEMENTE<\/h1>\n<p>[\/et_pb_text][et_pb_divider color=&#8221;#7CDA24&#8243; divider_weight=&#8221;4px&#8221; _builder_version=&#8221;4.8.1&#8243; _module_preset=&#8221;default&#8221; width=&#8221;13%&#8221; module_alignment=&#8221;left&#8221; custom_margin=&#8221;||15px|||&#8221;][\/et_pb_divider][et_pb_text _builder_version=&#8221;4.9.3&#8243; _module_preset=&#8221;default&#8221; hover_enabled=&#8221;0&#8243; sticky_enabled=&#8221;0&#8243;]<\/p>\n<p>Es lohnt sich auch, bei der Konstruktion des Zauns auf Details zu achten, die die Sicherheit von uns und unseren Lieben gew\u00e4hrleisten werden. Worum geht es bei ihnen? Bei der Auswahl der Au\u00dfenumz\u00e4unung lohnt es sich zu \u00fcberlegen, wie hoch diese sein soll. Idealerweise sollte sie das \u00dcberspringen oder \u00dcberqueren des Grundst\u00fccks verhindern. F\u00fcr noch mehr Sicherheit sollten Sie sich auch f\u00fcr zus\u00e4tzliche Elemente entscheiden, die auf die Konstruktion aufgesetzt werden. Ein weiteres Element, das ungebetenen Personen das Betreten unseres Hofes erschwert und oft sogar unm\u00f6glich macht, sind vertikale Sprossen und eine dichte Anordnung der Gitter. Indem wir uns auch um die kleinsten Details k\u00fcmmern, bieten wir allen Haushaltsmitgliedern Komfort, ohne den \u00e4sthetischen Wert zu verlieren.<\/p>\n<p>[\/et_pb_text][et_pb_text _builder_version=&#8221;4.9.3&#8243; _module_preset=&#8221;default&#8221; header_font=&#8221;Roboto||||||||&#8221; header_text_color=&#8221;#0f4f89&#8243; header_line_height=&#8221;1.4em&#8221; custom_margin=&#8221;||9px|||&#8221; hover_enabled=&#8221;0&#8243; sticky_enabled=&#8221;0&#8243;]<\/p>\n<h1>UNSER ANGEBOT<\/h1>\n<p>[\/et_pb_text][et_pb_divider color=&#8221;#7CDA24&#8243; divider_weight=&#8221;4px&#8221; _builder_version=&#8221;4.8.1&#8243; _module_preset=&#8221;default&#8221; width=&#8221;13%&#8221; module_alignment=&#8221;left&#8221; custom_margin=&#8221;||15px|||&#8221;][\/et_pb_divider][et_pb_text _builder_version=&#8221;4.9.3&#8243; _module_preset=&#8221;default&#8221; hover_enabled=&#8221;0&#8243; sticky_enabled=&#8221;0&#8243;]<\/p>\n<div id=\"content\" class=\"col-xs-12\">\n<article class=\"item-page\">\n<div class=\"row\">\n<div class=\"col-md-12\">\n<p>Aber wo findet man einen Au\u00dfenzaun, der alle diese Elemente vereint? Eine gro\u00dfe Auswahl an Angeboten finden Sie auf der Website von Szafran Z\u00e4une aus Polen. Ausgezeichnete Produkte sind vor allem Metallkonstruktionen, die sich durch h\u00f6chste Qualit\u00e4t, modernes Aussehen und Best\u00e4ndigkeit gegen Besch\u00e4digungen auszeichnen. Es sind verschiedene Varianten in Bezug auf Design, Farbe oder Dekoration erh\u00e4ltlich. Das Angebot passt sowohl in die Wohnung eines Minimalisten, als auch zu jemandem, der reiches Design sch\u00e4tzt. Indem wir die Z\u00e4une direkt vom polnischen Hersteller kaufen, stellen wir auch sicher, dass wir ein Produkt bekommen, das den h\u00f6chsten Standards und Qualit\u00e4tsanforderungen entspricht.<\/p>\n<p>&nbsp;<\/p>\n<p>Aber wo findet man einen Au\u00dfenzaun, der alle diese Elemente vereint? Eine gro\u00dfe Auswahl an Vorschl\u00e4gen finden wir auf der Website Szafran Z\u00e4une aus Polen. Ausgezeichnete Produkte sind vor allem Metallkonstruktionen, die sich durch h\u00f6chste Qualit\u00e4t, modernes Aussehen und Best\u00e4ndigkeit gegen Besch\u00e4digungen auszeichnen. Es sind verschiedene Varianten in Bezug auf Muster, Farbe oder Dekoration erh\u00e4ltlich. Das Angebot passt sowohl in die Wohnung eines Minimalisten, als auch zu jemandem, der reiches Design sch\u00e4tzt. Indem wir die Z\u00e4une direkt vom polnischen Hersteller kaufen, stellen wir auch sicher, dass wir ein Produkt bekommen, das den h\u00f6chsten Standards und Qualit\u00e4tsanforderungen entspricht.<\/p>\n<p>&nbsp;<\/p>\n<p>&nbsp;<\/p>\n<\/div>\n<\/div>\n<\/article>\n<\/div>\n<p>[\/et_pb_text][\/et_pb_column][\/et_pb_row][\/et_pb_section]<\/p>\n","protected":false},"excerpt":{"rendered":"<p>blogWORAUF IST BEI DER AUSWAHL EINES ZAUNS ZU ACHTEN?Der Zaun ist ein wichtiges Element, das das Aussehen des gesamten Grundst\u00fccks beeinflusst und die Aufmerksamkeit der Passanten auf sich zieht. Sie hat gleich mehrere Funktionen: Sie beeinflusst die \u00c4sthetik, sch\u00fctzt vor ungebetenen G\u00e4sten, bietet Privatsph\u00e4re und schirmt von der Au\u00dfenwelt ab. Doch wie w\u00e4hlt man den [&hellip;]<\/p>\n","protected":false},"author":1,"featured_media":0,"parent":12,"menu_order":0,"comment_status":"closed","ping_status":"closed","template":"","meta":{"_et_pb_use_builder":"on","_et_pb_old_content":"","_et_gb_content_width":"","footnotes":""},"class_list":["post-51300","page","type-page","status-publish","hentry"],"_links":{"self":[{"href":"https:\/\/szafranzaun.eu\/de\/wp-json\/wp\/v2\/pages\/51300"}],"collection":[{"href":"https:\/\/szafranzaun.eu\/de\/wp-json\/wp\/v2\/pages"}],"about":[{"href":"https:\/\/szafranzaun.eu\/de\/wp-json\/wp\/v2\/types\/page"}],"author":[{"embeddable":true,"href":"https:\/\/szafranzaun.eu\/de\/wp-json\/wp\/v2\/users\/1"}],"replies":[{"embeddable":true,"href":"https:\/\/szafranzaun.eu\/de\/wp-json\/wp\/v2\/comments?post=51300"}],"version-history":[{"count":5,"href":"https:\/\/szafranzaun.eu\/de\/wp-json\/wp\/v2\/pages\/51300\/revisions"}],"predecessor-version":[{"id":224438,"href":"https:\/\/szafranzaun.eu\/de\/wp-json\/wp\/v2\/pages\/51300\/revisions\/224438"}],"up":[{"embeddable":true,"href":"https:\/\/szafranzaun.eu\/de\/wp-json\/wp\/v2\/pages\/12"}],"wp:attachment":[{"href":"https:\/\/szafranzaun.eu\/de\/wp-json\/wp\/v2\/media?parent=51300"}],"curies":[{"name":"wp","href":"https:\/\/api.w.org\/{rel}","templated":true}]}}