{"id":51306,"date":"2021-03-03T11:30:55","date_gmt":"2021-03-03T10:30:55","guid":{"rendered":"http:\/\/szafranzaun.eu\/?page_id=51306"},"modified":"2021-06-11T11:49:57","modified_gmt":"2021-06-11T09:49:57","slug":"5-vorteile-beim-kauf-eines-masgefertigten-tores","status":"publish","type":"page","link":"https:\/\/szafranzaun.eu\/de\/blog\/5-vorteile-beim-kauf-eines-masgefertigten-tores\/","title":{"rendered":"5 Vorteile beim Kauf eines ma\u00dfgefertigten Tores"},"content":{"rendered":"<p>[et_pb_section fb_built=&#8221;1&#8243; _builder_version=&#8221;4.5.7&#8243; use_background_color_gradient=&#8221;on&#8221; background_color_gradient_start=&#8221;rgba(0,0,0,0.43)&#8221; background_color_gradient_end=&#8221;rgba(0,0,0,0.43)&#8221; background_color_gradient_overlays_image=&#8221;on&#8221; background_image=&#8221;http:\/\/szafranzaun.eu\/wp-content\/uploads\/2021\/01\/slide-1.jpg&#8221; custom_padding=&#8221;0.8%||0.9%||false|false&#8221;][et_pb_row _builder_version=&#8221;3.26.8&#8243; max_width=&#8221;80%&#8221; custom_padding=&#8221;0px|||||&#8221;][et_pb_column type=&#8221;4_4&#8243; _builder_version=&#8221;3.26.8&#8243;][et_pb_text _builder_version=&#8221;4.8.1&#8243; header_font=&#8221;Montserrat|700||on|||||&#8221; header_text_align=&#8221;center&#8221; header_text_color=&#8221;#ffffff&#8221; header_font_size=&#8221;60px&#8221; header_line_height=&#8221;1.6em&#8221; custom_margin=&#8221;34px||4px|||&#8221; animation_style=&#8221;fade&#8221; header_font_size_tablet=&#8221;45px&#8221; header_font_size_phone=&#8221;30px&#8221; header_font_size_last_edited=&#8221;on|desktop&#8221;]<\/p>\n<h1 style=\"text-align: left;\">blog<\/h1>\n<p>[\/et_pb_text][\/et_pb_column][\/et_pb_row][\/et_pb_section][et_pb_section fb_built=&#8221;1&#8243; _builder_version=&#8221;4.8.1&#8243; _module_preset=&#8221;default&#8221;][et_pb_row _builder_version=&#8221;4.8.1&#8243; _module_preset=&#8221;default&#8221; max_width=&#8221;80%&#8221; custom_padding=&#8221;0px||65px|||&#8221;][et_pb_column type=&#8221;4_4&#8243; _builder_version=&#8221;4.8.1&#8243; _module_preset=&#8221;default&#8221;][et_pb_text _builder_version=&#8221;4.9.3&#8243; _module_preset=&#8221;default&#8221; header_font=&#8221;Roboto||||||||&#8221; header_text_color=&#8221;#0f4f89&#8243; header_line_height=&#8221;1.4em&#8221; custom_margin=&#8221;||9px|||&#8221; hover_enabled=&#8221;0&#8243; sticky_enabled=&#8221;0&#8243;]<\/p>\n<h1>5 VORTEILE BEIM KAUF EINES MASSGEFERTIGTEN TORES<\/h1>\n<p>[\/et_pb_text][et_pb_divider color=&#8221;#7CDA24&#8243; divider_weight=&#8221;4px&#8221; _builder_version=&#8221;4.8.1&#8243; _module_preset=&#8221;default&#8221; width=&#8221;13%&#8221; module_alignment=&#8221;left&#8221; custom_margin=&#8221;||15px|||&#8221;][\/et_pb_divider][et_pb_text _builder_version=&#8221;4.9.3&#8243; _module_preset=&#8221;default&#8221; hover_enabled=&#8221;0&#8243; sticky_enabled=&#8221;0&#8243;]<\/p>\n<p>Die Auswahl eines Eingangstores ist nicht einfach. Wir verf\u00fcgen \u00fcber Produkte, die in jedem Baumarkt erh\u00e4ltlich sind, sowie unter anderem \u00fcber einzigartige schmiedeeiserne Eingangstore, die sich nicht nur durch gr\u00f6\u00dfere Haltbarkeit, sondern auch durch einzigartiges Design auszeichnen. Diese Option wird von Immobilieneigent\u00fcmern immer h\u00e4ufiger gerne gew\u00e4hlt. Wir erkl\u00e4ren, warum es sich lohnt, ein ma\u00dfgefertigtes Tor zu w\u00e4hlen.<\/p>\n<p>[\/et_pb_text][et_pb_text _builder_version=&#8221;4.9.3&#8243; _module_preset=&#8221;default&#8221; header_font=&#8221;Roboto||||||||&#8221; header_text_color=&#8221;#0f4f89&#8243; header_line_height=&#8221;1.4em&#8221; custom_margin=&#8221;||9px|||&#8221; hover_enabled=&#8221;0&#8243; sticky_enabled=&#8221;0&#8243;]<\/p>\n<h1>WAS SIND DIE VORTEILE BEIM KAUF EINES MASSGEFERTIGTEN EINGANGSTORES?<\/h1>\n<p>[\/et_pb_text][et_pb_divider color=&#8221;#7CDA24&#8243; divider_weight=&#8221;4px&#8221; _builder_version=&#8221;4.8.1&#8243; _module_preset=&#8221;default&#8221; width=&#8221;13%&#8221; module_alignment=&#8221;left&#8221; custom_margin=&#8221;||15px|||&#8221;][\/et_pb_divider][et_pb_text _builder_version=&#8221;4.9.3&#8243; _module_preset=&#8221;default&#8221; hover_enabled=&#8221;0&#8243; sticky_enabled=&#8221;0&#8243;]<\/p>\n<p><strong>Zuallererst: h\u00f6chste Qualit\u00e4t<\/strong><br \/>Die Qualit\u00e4t des Eingangstores zeigt sich in seiner Langlebigkeit und Funktionalit\u00e4t. Aus diesem Grund entscheiden sich immer mehr Immobilienbesitzer f\u00fcr schmiedeeiserne Eingangstore, die sich nicht nur durch ihre au\u00dfergew\u00f6hnliche Witterungsbest\u00e4ndigkeit auszeichnen, sondern auch perfekt zu verschiedenen Materialien passen, die f\u00fcr die Fertigstellung der Haus- und Gartenanlage verwendet werden. Ein ma\u00dfgefertigtes Eingangstor ist ein einzigartiges Prunkst\u00fcck einer Immobilie, das \u00fcber viele Jahre hinweg tadellos h\u00e4lt.<br \/><strong>Zweitens: die M\u00f6glichkeit, jeden Zaun anzupassen<\/strong><br \/>Das ma\u00dfgefertigte Eingangstor kann stilistisch an jeden Zaun angepasst werden. Diese L\u00f6sung erm\u00f6glicht es Ihnen auch, die Harmonie zwischen dem Stil des Hausabschlusses und dem Tor, das das Grundst\u00fcck repr\u00e4sentiert, zu erhalten.<br \/><strong>Drittens:<\/strong> eine an die individuellen Bed\u00fcrfnisse angepasste Gr\u00f6\u00dfe<br \/>Schmiedeeiserne Eingangstore k\u00f6nnen auf Bestellung an individuelle Bed\u00fcrfnisse der Kunden angepasst werden, nicht nur in Bezug auf den Stil, sondern auch auf die Gr\u00f6\u00dfe. Dies ist die beste L\u00f6sung, wenn Sie eine Einfahrt mit nicht standardm\u00e4\u00dfiger Breite haben oder gro\u00dfe Lieferwagen verwenden.<br \/><strong>Viertens:<\/strong> einzigartiges Design<br \/>Bei der Investition in die Gestaltung des Hausraums entscheiden wir uns immer \u00f6fter f\u00fcr untypische L\u00f6sungen, die stilbestimmend sind und den individuellen Charakter der Hausbesitzer betonen. Ein ma\u00dfgefertigtes Einfahrtstor ist eine der M\u00f6glichkeiten, das eigene Grundst\u00fcck vom Nachbargrundst\u00fcck abzugrenzen. Wir bieten unseren Kunden Eingangstore von einzigartigem und individuellem Design, sowie ganze Z\u00e4une, die zu einer einzigartigen Dekoration der Umgebung eines Hauses oder einer Firma werden.<br \/><strong>F\u00fcnftens:<\/strong> Verf\u00fcgbarkeit von verschiedenen L\u00f6sungen<br \/>Bei den bestellten Toren handelt es sich nicht nur um Drehtore, sondern auch um moderne Schiebetore. Dank der Verf\u00fcgbarkeit von verschiedenen Tortypen ist es m\u00f6glich, die spezifische L\u00f6sung z.B. an die Besonderheiten des Gel\u00e4ndes und die Bed\u00fcrfnisse der Bewohner des Grundst\u00fccks anzupassen. Geschmiedete Tore k\u00f6nnen mit einem elektrischen Antrieb ausgestattet werden, dank dem das \u00d6ffnen eines massiven Tores \u00fcberhaupt kein Problem darstellt.<br \/><strong>Sechstens:<\/strong> M\u00f6glichkeit der Anwendung unabh\u00e4ngig vom Zweck des Bereichs<br \/>Schmiedeeiserne Tore machen sich nicht nur auf privaten Grundst\u00fccken gut. Ihre Funktionalit\u00e4t und Langlebigkeit wird auch von Besitzern von Industrieanlagen gesch\u00e4tzt. Wir bieten unseren Kunden L\u00f6sungen, die perfekt auf den individuellen Stil, die Architektur der Umgebung und den Verwendungszweck abgestimmt sind.<\/p>\n<p>[\/et_pb_text][\/et_pb_column][\/et_pb_row][\/et_pb_section]<\/p>\n","protected":false},"excerpt":{"rendered":"<p>blog5 VORTEILE BEIM KAUF EINES MASSGEFERTIGTEN TORESDie Auswahl eines Eingangstores ist nicht einfach. Wir verf\u00fcgen \u00fcber Produkte, die in jedem Baumarkt erh\u00e4ltlich sind, sowie unter anderem \u00fcber einzigartige schmiedeeiserne Eingangstore, die sich nicht nur durch gr\u00f6\u00dfere Haltbarkeit, sondern auch durch einzigartiges Design auszeichnen. Diese Option wird von Immobilieneigent\u00fcmern immer h\u00e4ufiger gerne gew\u00e4hlt. Wir erkl\u00e4ren, warum [&hellip;]<\/p>\n","protected":false},"author":1,"featured_media":0,"parent":12,"menu_order":0,"comment_status":"closed","ping_status":"closed","template":"","meta":{"_et_pb_use_builder":"on","_et_pb_old_content":"","_et_gb_content_width":"","footnotes":""},"class_list":["post-51306","page","type-page","status-publish","hentry"],"_links":{"self":[{"href":"https:\/\/szafranzaun.eu\/de\/wp-json\/wp\/v2\/pages\/51306"}],"collection":[{"href":"https:\/\/szafranzaun.eu\/de\/wp-json\/wp\/v2\/pages"}],"about":[{"href":"https:\/\/szafranzaun.eu\/de\/wp-json\/wp\/v2\/types\/page"}],"author":[{"embeddable":true,"href":"https:\/\/szafranzaun.eu\/de\/wp-json\/wp\/v2\/users\/1"}],"replies":[{"embeddable":true,"href":"https:\/\/szafranzaun.eu\/de\/wp-json\/wp\/v2\/comments?post=51306"}],"version-history":[{"count":5,"href":"https:\/\/szafranzaun.eu\/de\/wp-json\/wp\/v2\/pages\/51306\/revisions"}],"predecessor-version":[{"id":224436,"href":"https:\/\/szafranzaun.eu\/de\/wp-json\/wp\/v2\/pages\/51306\/revisions\/224436"}],"up":[{"embeddable":true,"href":"https:\/\/szafranzaun.eu\/de\/wp-json\/wp\/v2\/pages\/12"}],"wp:attachment":[{"href":"https:\/\/szafranzaun.eu\/de\/wp-json\/wp\/v2\/media?parent=51306"}],"curies":[{"name":"wp","href":"https:\/\/api.w.org\/{rel}","templated":true}]}}