{"id":6,"date":"2021-01-12T07:56:27","date_gmt":"2021-01-12T06:56:27","guid":{"rendered":"http:\/\/szafranzaun.eu\/index.php\/o-nas\/"},"modified":"2025-02-10T11:15:13","modified_gmt":"2025-02-10T10:15:13","slug":"uber-uns","status":"publish","type":"page","link":"https:\/\/szafranzaun.eu\/de\/uber-uns\/","title":{"rendered":"\u00fcber uns"},"content":{"rendered":"<p>[et_pb_section fb_built=&#8221;1&#8243; _builder_version=&#8221;4.16&#8243; use_background_color_gradient=&#8221;on&#8221; background_color_gradient_stops=&#8221;rgba(0,0,0,0.43) 0%|rgba(0,0,0,0.43) 100%&#8221; background_color_gradient_overlays_image=&#8221;on&#8221; background_color_gradient_start=&#8221;rgba(0,0,0,0.43)&#8221; background_color_gradient_end=&#8221;rgba(0,0,0,0.43)&#8221; background_image=&#8221;http:\/\/szafranzaun.eu\/wp-content\/uploads\/2021\/01\/slide-1.jpg&#8221; custom_padding=&#8221;0.8%||0.9%||false|false&#8221; global_colors_info=&#8221;{}&#8221;][et_pb_row _builder_version=&#8221;4.16&#8243; max_width=&#8221;80%&#8221; custom_padding=&#8221;0px|||||&#8221; global_colors_info=&#8221;{}&#8221;][et_pb_column type=&#8221;4_4&#8243; _builder_version=&#8221;4.16&#8243; global_colors_info=&#8221;{}&#8221;][et_pb_text _builder_version=&#8221;4.16&#8243; header_font=&#8221;Montserrat|700||on|||||&#8221; header_text_align=&#8221;center&#8221; header_text_color=&#8221;#ffffff&#8221; header_font_size=&#8221;60px&#8221; header_line_height=&#8221;1.6em&#8221; custom_margin=&#8221;34px||4px|||&#8221; animation_style=&#8221;fade&#8221; header_font_size_tablet=&#8221;45px&#8221; header_font_size_phone=&#8221;30px&#8221; header_font_size_last_edited=&#8221;on|desktop&#8221; global_colors_info=&#8221;{}&#8221;]<\/p>\n<h1 style=\"text-align: left;\">\u00dcBER UNS<\/h1>\n<p>[\/et_pb_text][et_pb_text _builder_version=&#8221;4.16&#8243; text_font=&#8221;Montserrat|700||on|||||&#8221; text_text_color=&#8221;#ffffff&#8221; text_font_size=&#8221;12px&#8221; text_letter_spacing=&#8221;6px&#8221; text_line_height=&#8221;1.3em&#8221; text_orientation=&#8221;center&#8221; width=&#8221;35%&#8221; module_alignment=&#8221;left&#8221; custom_margin=&#8221;-11px||||false|false&#8221; custom_padding=&#8221;25px||25px||true|false&#8221; animation_style=&#8221;fade&#8221; animation_delay=&#8221;250ms&#8221; link_option_url=&#8221;https:\/\/szafranzaun.eu\/de\/galerie\/&#8221; text_letter_spacing_tablet=&#8221;3px&#8221; text_letter_spacing_phone=&#8221;2px&#8221; text_letter_spacing_last_edited=&#8221;on|desktop&#8221; text_line_height_tablet=&#8221;1.4em&#8221; text_line_height_phone=&#8221;1.8em&#8221; text_line_height_last_edited=&#8221;on|desktop&#8221; border_width_all=&#8221;2px&#8221; border_color_all=&#8221;#ffffff&#8221; box_shadow_style=&#8221;preset2&#8243; box_shadow_color=&#8221;#000000&#8243; text_text_align=&#8221;center&#8221; global_colors_info=&#8221;{}&#8221;]<\/p>\n<p>sehen Sie sich unsere Realisierungen an -&gt;<\/p>\n<p>[\/et_pb_text][\/et_pb_column][\/et_pb_row][\/et_pb_section][et_pb_section fb_built=&#8221;1&#8243; _builder_version=&#8221;4.16&#8243; _module_preset=&#8221;default&#8221; global_colors_info=&#8221;{}&#8221;][et_pb_row _builder_version=&#8221;4.16&#8243; _module_preset=&#8221;default&#8221; max_width=&#8221;80%&#8221; custom_padding=&#8221;0px||65px|||&#8221; global_colors_info=&#8221;{}&#8221;][et_pb_column type=&#8221;4_4&#8243; _builder_version=&#8221;4.16&#8243; _module_preset=&#8221;default&#8221; global_colors_info=&#8221;{}&#8221;][et_pb_text _builder_version=&#8221;4.16&#8243; _module_preset=&#8221;default&#8221; header_font=&#8221;Roboto||||||||&#8221; header_text_color=&#8221;#0f4f89&#8243; header_line_height=&#8221;1.4em&#8221; custom_margin=&#8221;||9px|||&#8221; global_colors_info=&#8221;{}&#8221;]<\/p>\n<h1>SZAFRAN Z\u00c4UNE AUS POLEN \u2013 UNTERNEHMENSINFORMATIONEN<\/h1>\n<p>[\/et_pb_text][et_pb_divider color=&#8221;#91ce00&#8243; divider_weight=&#8221;4px&#8221; _builder_version=&#8221;4.16&#8243; _module_preset=&#8221;default&#8221; width=&#8221;13%&#8221; module_alignment=&#8221;left&#8221; custom_margin=&#8221;||15px|||&#8221; global_colors_info=&#8221;{}&#8221;]<br \/>\n[\/et_pb_divider][et_pb_text _builder_version=&#8221;4.16&#8243; _module_preset=&#8221;default&#8221; text_font=&#8221;Raleway||||||||&#8221; text_text_color=&#8221;#000000&#8243; text_font_size=&#8221;16px&#8221; text_line_height=&#8221;1.8em&#8221; text_orientation=&#8221;justified&#8221; global_colors_info=&#8221;{}&#8221;]<\/p>\n<p>Wir sind ein polnischer Hersteller von Z\u00e4unen, Toren und Gel\u00e4ndern. Unser Hauptsitz befindet sich in Gubin, aber unser Angebot ist f\u00fcr Kunden aus ganz Polen und den Nachbarl\u00e4ndern zug\u00e4nglich.<\/p>\n<p>Alle unsere Produkte werden in Polen und Deutschland geschmiedet. Die angebotenen Produkte zeichnen sich durch ein sch\u00f6nes Aussehen aus und spiegeln die neuesten Trends in der Wohnarchitektur wider.<\/p>\n<p>Unsere Firma ist ein Team von erfahrenen Mitarbeitern, die seit Jahren in der Zaunbranche t\u00e4tig sind. Ihre umfangreichen Kenntnisse und F\u00e4higkeiten erm\u00f6glichen es uns, unseren Kunden Dienstleistungen von h\u00f6chster Qualit\u00e4t zu bieten. Dar\u00fcber hinaus sind unsere Fachleute immer bereit, bei technischen und materiellen Fragen zu helfen und zu beraten.<\/p>\n<p>[\/et_pb_text][\/et_pb_column][\/et_pb_row][et_pb_row column_structure=&#8221;1_2,1_2&#8243; _builder_version=&#8221;4.16&#8243; _module_preset=&#8221;default&#8221; max_width=&#8221;80%&#8221; custom_padding=&#8221;0px|||||&#8221; global_colors_info=&#8221;{}&#8221;][et_pb_column type=&#8221;1_2&#8243; _builder_version=&#8221;4.16&#8243; _module_preset=&#8221;default&#8221; global_colors_info=&#8221;{}&#8221;][et_pb_gallery _builder_version=&#8221;4.27.0&#8243; _module_preset=&#8221;default&#8221; gallery_ids=&#8221;51445,51452&#8243; hover_enabled=&#8221;0&#8243; sticky_enabled=&#8221;0&#8243; custom_padding=&#8221;||105px|||&#8221;][\/et_pb_gallery][et_pb_image src=&#8221;https:\/\/szafranzaun.eu\/de\/wp-content\/uploads\/2025\/02\/IMG-20250116-WA0010.jpg&#8221; _builder_version=&#8221;4.27.0&#8243; _module_preset=&#8221;default&#8221; title_text=&#8221;IMG-20250116-WA0010&#8243; hover_enabled=&#8221;0&#8243; sticky_enabled=&#8221;0&#8243; custom_padding=&#8221;|38px|0px|||&#8221;][\/et_pb_image][\/et_pb_column][et_pb_column type=&#8221;1_2&#8243; _builder_version=&#8221;4.16&#8243; _module_preset=&#8221;default&#8221; global_colors_info=&#8221;{}&#8221;][et_pb_text _builder_version=&#8221;4.16&#8243; _module_preset=&#8221;default&#8221; header_font=&#8221;Roboto||||||||&#8221; header_text_color=&#8221;#0f4f89&#8243; header_line_height=&#8221;1.4em&#8221; custom_margin=&#8221;||9px|||&#8221; global_colors_info=&#8221;{}&#8221;]<\/p>\n<h1>UNSERE PRODUKTE<\/h1>\n<p>[\/et_pb_text][et_pb_divider color=&#8221;#91ce00&#8243; divider_weight=&#8221;4px&#8221; _builder_version=&#8221;4.16&#8243; _module_preset=&#8221;default&#8221; width=&#8221;13%&#8221; module_alignment=&#8221;left&#8221; custom_margin=&#8221;||15px|||&#8221; global_colors_info=&#8221;{}&#8221;]<br \/>\n[\/et_pb_divider][et_pb_text _builder_version=&#8221;4.16&#8243; _module_preset=&#8221;default&#8221; text_font=&#8221;Raleway||||||||&#8221; text_text_color=&#8221;#000000&#8243; text_font_size=&#8221;16px&#8221; text_line_height=&#8221;1.8em&#8221; text_orientation=&#8221;justified&#8221; global_colors_info=&#8221;{}&#8221;]<\/p>\n<p>Unter den von uns produzierten Artikeln finden Sie:<\/p>\n<p>Balustraden<br \/>Doppelstabmattenzaun<br \/>Geschmiedete Z\u00e4une<br \/>Tore und Pforten<br \/>Dekorative Elemente und Zubeh\u00f6r<\/p>\n<p>Wir laden Sie ein, unsere Dienstleistungen in Anspruch zu nehmen! Gemeinsam realisieren wir Ihr Traumprojekt.<\/p>\n<p>[\/et_pb_text][\/et_pb_column][\/et_pb_row][et_pb_row _builder_version=&#8221;4.16&#8243; _module_preset=&#8221;default&#8221; global_colors_info=&#8221;{}&#8221;][et_pb_column type=&#8221;4_4&#8243; _builder_version=&#8221;4.16&#8243; _module_preset=&#8221;default&#8221; global_colors_info=&#8221;{}&#8221;][et_pb_gallery gallery_ids=&#8221;51365,51357,51360,51364,51361,51358,51359,51363&#8243; posts_number=&#8221;50&#8243; show_title_and_caption=&#8221;off&#8221; show_pagination=&#8221;off&#8221; zoom_icon_color=&#8221;rgba(0,0,0,0)&#8221; hover_overlay_color=&#8221;rgba(0,0,0,0.25)&#8221; _builder_version=&#8221;4.16&#8243; _module_preset=&#8221;default&#8221; global_colors_info=&#8221;{}&#8221;]<br \/>\n[\/et_pb_gallery][\/et_pb_column][\/et_pb_row][et_pb_row column_structure=&#8221;1_2,1_2&#8243; _builder_version=&#8221;4.16&#8243; _module_preset=&#8221;default&#8221; saved_tabs=&#8221;all&#8221; global_colors_info=&#8221;{}&#8221;][et_pb_column type=&#8221;1_2&#8243; _builder_version=&#8221;4.16&#8243; _module_preset=&#8221;default&#8221; global_colors_info=&#8221;{}&#8221;][et_pb_text _builder_version=&#8221;4.16&#8243; _module_preset=&#8221;default&#8221; global_colors_info=&#8221;{}&#8221;]<\/p>\n<p><strong>\u00a0Daten zum Unternehmen:<\/strong><\/p>\n<p>Szafran Z<span>\u00e4<\/span>une aus Polen Sylwia Szafran<\/p>\n<p>Kresowa 84 b Str.<\/p>\n<p>66-620 Gubin<\/p>\n<p>NIP:\u00a0<span>743-19-71-781<\/span><\/p>\n<p>REGON:\u00a0<span>365945686<\/span><\/p>\n<p><span><\/span><\/p>\n<p><strong>Werk: <\/strong><\/p>\n<p><span>Kresowa 84 b Str, 66-620 Gubin<\/span><\/p>\n<p>[\/et_pb_text][et_pb_contact_form email=&#8221;szafranzaun@gmail.com&#8221; submit_button_text=&#8221;Senden&#8221; _builder_version=&#8221;4.16&#8243; _module_preset=&#8221;default&#8221; _unique_id=&#8221;1182ff96-ffba-410f-ba9e-5b2274f62ba2&#8243; border_radii=&#8221;on|3px|3px|3px|3px&#8221; border_width_all=&#8221;1px&#8221; global_colors_info=&#8221;{}&#8221;][et_pb_contact_field field_id=&#8221;Name&#8221; field_title=&#8221;Name&#8221; _builder_version=&#8221;4.16&#8243; global_colors_info=&#8221;{}&#8221; button_text_size__hover_enabled=&#8221;off&#8221; button_one_text_size__hover_enabled=&#8221;off&#8221; button_two_text_size__hover_enabled=&#8221;off&#8221; button_text_color__hover_enabled=&#8221;off&#8221; button_one_text_color__hover_enabled=&#8221;off&#8221; button_two_text_color__hover_enabled=&#8221;off&#8221; button_border_width__hover_enabled=&#8221;off&#8221; button_one_border_width__hover_enabled=&#8221;off&#8221; button_two_border_width__hover_enabled=&#8221;off&#8221; button_border_color__hover_enabled=&#8221;off&#8221; button_one_border_color__hover_enabled=&#8221;off&#8221; button_two_border_color__hover_enabled=&#8221;off&#8221; button_border_radius__hover_enabled=&#8221;off&#8221; button_one_border_radius__hover_enabled=&#8221;off&#8221; button_two_border_radius__hover_enabled=&#8221;off&#8221; button_letter_spacing__hover_enabled=&#8221;off&#8221; button_one_letter_spacing__hover_enabled=&#8221;off&#8221; button_two_letter_spacing__hover_enabled=&#8221;off&#8221; button_bg_color__hover_enabled=&#8221;off&#8221; button_one_bg_color__hover_enabled=&#8221;off&#8221; button_two_bg_color__hover_enabled=&#8221;off&#8221;][\/et_pb_contact_field][et_pb_contact_field field_id=&#8221;Email&#8221; field_title=&#8221;E-mail&#8221; field_type=&#8221;email&#8221; _builder_version=&#8221;4.16&#8243; global_colors_info=&#8221;{}&#8221; button_text_size__hover_enabled=&#8221;off&#8221; button_one_text_size__hover_enabled=&#8221;off&#8221; button_two_text_size__hover_enabled=&#8221;off&#8221; button_text_color__hover_enabled=&#8221;off&#8221; button_one_text_color__hover_enabled=&#8221;off&#8221; button_two_text_color__hover_enabled=&#8221;off&#8221; button_border_width__hover_enabled=&#8221;off&#8221; button_one_border_width__hover_enabled=&#8221;off&#8221; button_two_border_width__hover_enabled=&#8221;off&#8221; button_border_color__hover_enabled=&#8221;off&#8221; button_one_border_color__hover_enabled=&#8221;off&#8221; button_two_border_color__hover_enabled=&#8221;off&#8221; button_border_radius__hover_enabled=&#8221;off&#8221; button_one_border_radius__hover_enabled=&#8221;off&#8221; button_two_border_radius__hover_enabled=&#8221;off&#8221; button_letter_spacing__hover_enabled=&#8221;off&#8221; button_one_letter_spacing__hover_enabled=&#8221;off&#8221; button_two_letter_spacing__hover_enabled=&#8221;off&#8221; button_bg_color__hover_enabled=&#8221;off&#8221; button_one_bg_color__hover_enabled=&#8221;off&#8221; button_two_bg_color__hover_enabled=&#8221;off&#8221;][\/et_pb_contact_field][et_pb_contact_field field_id=&#8221;Message&#8221; field_title=&#8221;Inhalt der Nachricht&#8221; field_type=&#8221;text&#8221; fullwidth_field=&#8221;on&#8221; _builder_version=&#8221;4.16&#8243; global_colors_info=&#8221;{}&#8221; button_text_size__hover_enabled=&#8221;off&#8221; button_one_text_size__hover_enabled=&#8221;off&#8221; button_two_text_size__hover_enabled=&#8221;off&#8221; button_text_color__hover_enabled=&#8221;off&#8221; button_one_text_color__hover_enabled=&#8221;off&#8221; button_two_text_color__hover_enabled=&#8221;off&#8221; button_border_width__hover_enabled=&#8221;off&#8221; button_one_border_width__hover_enabled=&#8221;off&#8221; button_two_border_width__hover_enabled=&#8221;off&#8221; button_border_color__hover_enabled=&#8221;off&#8221; button_one_border_color__hover_enabled=&#8221;off&#8221; button_two_border_color__hover_enabled=&#8221;off&#8221; button_border_radius__hover_enabled=&#8221;off&#8221; button_one_border_radius__hover_enabled=&#8221;off&#8221; button_two_border_radius__hover_enabled=&#8221;off&#8221; button_letter_spacing__hover_enabled=&#8221;off&#8221; button_one_letter_spacing__hover_enabled=&#8221;off&#8221; button_two_letter_spacing__hover_enabled=&#8221;off&#8221; button_bg_color__hover_enabled=&#8221;off&#8221; button_one_bg_color__hover_enabled=&#8221;off&#8221; button_two_bg_color__hover_enabled=&#8221;off&#8221;][\/et_pb_contact_field][\/et_pb_contact_form][\/et_pb_column][et_pb_column type=&#8221;1_2&#8243; _builder_version=&#8221;4.16&#8243; _module_preset=&#8221;default&#8221; global_colors_info=&#8221;{}&#8221;][et_pb_text _builder_version=&#8221;4.16&#8243; _module_preset=&#8221;default&#8221; global_colors_info=&#8221;{}&#8221;]<\/p>\n<p>&nbsp;<\/p>\n<p><img loading=\"lazy\" decoding=\"async\" data-src=\"http:\/\/szafranzaun.eu\/wp-content\/uploads\/2021\/03\/kreska.png\" width=\"168\" height=\"5\" alt=\"\" class=\"wp-image-51646 alignnone size-full lazyload\" data-srcset=\"https:\/\/szafranzaun.eu\/de\/wp-content\/uploads\/2021\/03\/kreska.png 168w, https:\/\/szafranzaun.eu\/de\/wp-content\/uploads\/2021\/03\/kreska-150x5.png 150w\" data-sizes=\"(max-width: 168px) 100vw, 168px\" src=\"data:image\/gif;base64,R0lGODlhAQABAAAAACH5BAEKAAEALAAAAAABAAEAAAICTAEAOw==\" style=\"--smush-placeholder-width: 168px; --smush-placeholder-aspect-ratio: 168\/5;\" \/><noscript><img loading=\"lazy\" decoding=\"async\" src=\"http:\/\/szafranzaun.eu\/wp-content\/uploads\/2021\/03\/kreska.png\" width=\"168\" height=\"5\" alt=\"\" class=\"wp-image-51646 alignnone size-full\" srcset=\"https:\/\/szafranzaun.eu\/de\/wp-content\/uploads\/2021\/03\/kreska.png 168w, https:\/\/szafranzaun.eu\/de\/wp-content\/uploads\/2021\/03\/kreska-150x5.png 150w\" sizes=\"(max-width: 168px) 100vw, 168px\" \/><\/noscript><\/p>\n<p><strong>Verkauf und Montage von Z\u00e4unen<\/strong> <img loading=\"lazy\" decoding=\"async\" data-src=\"http:\/\/szafranzaun.eu\/wp-content\/uploads\/2021\/03\/250px-Flag_of_Poland_normative.svg_.png\" width=\"40\" height=\"25\" alt=\"\" class=\"wp-image-51642 alignnone size-full lazyload\" src=\"data:image\/gif;base64,R0lGODlhAQABAAAAACH5BAEKAAEALAAAAAABAAEAAAICTAEAOw==\" style=\"--smush-placeholder-width: 40px; --smush-placeholder-aspect-ratio: 40\/25;\" \/><noscript><img loading=\"lazy\" decoding=\"async\" src=\"http:\/\/szafranzaun.eu\/wp-content\/uploads\/2021\/03\/250px-Flag_of_Poland_normative.svg_.png\" width=\"40\" height=\"25\" alt=\"\" class=\"wp-image-51642 alignnone size-full\" \/><\/noscript><img loading=\"lazy\" decoding=\"async\" data-src=\"http:\/\/szafranzaun.eu\/wp-content\/uploads\/2021\/03\/germany-flag-medium.jpg\" width=\"41\" height=\"25\" alt=\"\" class=\"wp-image-51645 alignnone size-full lazyload\" src=\"data:image\/gif;base64,R0lGODlhAQABAAAAACH5BAEKAAEALAAAAAABAAEAAAICTAEAOw==\" style=\"--smush-placeholder-width: 41px; --smush-placeholder-aspect-ratio: 41\/25;\" \/><noscript><img loading=\"lazy\" decoding=\"async\" src=\"http:\/\/szafranzaun.eu\/wp-content\/uploads\/2021\/03\/germany-flag-medium.jpg\" width=\"41\" height=\"25\" alt=\"\" class=\"wp-image-51645 alignnone size-full\" \/><\/noscript><\/p>\n<p><img loading=\"lazy\" decoding=\"async\" data-src=\"http:\/\/szafranzaun.eu\/wp-content\/uploads\/2021\/03\/obraz_2021-03-29_085059-1024x1024.png\" width=\"44\" height=\"44\" alt=\"\" class=\"wp-image-51641 alignnone size-large lazyload\" src=\"data:image\/gif;base64,R0lGODlhAQABAAAAACH5BAEKAAEALAAAAAABAAEAAAICTAEAOw==\" style=\"--smush-placeholder-width: 44px; --smush-placeholder-aspect-ratio: 44\/44;\" \/><noscript><img loading=\"lazy\" decoding=\"async\" src=\"http:\/\/szafranzaun.eu\/wp-content\/uploads\/2021\/03\/obraz_2021-03-29_085059-1024x1024.png\" width=\"44\" height=\"44\" alt=\"\" class=\"wp-image-51641 alignnone size-large\" \/><\/noscript>+49 174 789 13 15<\/p>\n<p><img loading=\"lazy\" decoding=\"async\" data-src=\"http:\/\/szafranzaun.eu\/wp-content\/uploads\/2021\/03\/email-ikona-odizolowywajaca-na-bialym-tle-106510001.jpg\" width=\"39\" height=\"39\" alt=\"\" class=\"wp-image-51644 alignnone size-full lazyload\" src=\"data:image\/gif;base64,R0lGODlhAQABAAAAACH5BAEKAAEALAAAAAABAAEAAAICTAEAOw==\" style=\"--smush-placeholder-width: 39px; --smush-placeholder-aspect-ratio: 39\/39;\" \/><noscript><img loading=\"lazy\" decoding=\"async\" src=\"http:\/\/szafranzaun.eu\/wp-content\/uploads\/2021\/03\/email-ikona-odizolowywajaca-na-bialym-tle-106510001.jpg\" width=\"39\" height=\"39\" alt=\"\" class=\"wp-image-51644 alignnone size-full\" \/><\/noscript>\u00a0szafranzaun@gmail.com<\/p>\n<p>&nbsp;<\/p>\n<p>&nbsp;<\/p>\n<p>[\/et_pb_text][\/et_pb_column][\/et_pb_row][\/et_pb_section]<\/p>\n","protected":false},"excerpt":{"rendered":"<p>\u00dcBER UNSsehen Sie sich unsere Realisierungen an -&gt;SZAFRAN Z\u00c4UNE AUS POLEN \u2013 UNTERNEHMENSINFORMATIONEN Wir sind ein polnischer Hersteller von Z\u00e4unen, Toren und Gel\u00e4ndern. Unser Hauptsitz befindet sich in Gubin, aber unser Angebot ist f\u00fcr Kunden aus ganz Polen und den Nachbarl\u00e4ndern zug\u00e4nglich. Alle unsere Produkte werden in Polen und Deutschland geschmiedet. Die angebotenen Produkte zeichnen [&hellip;]<\/p>\n","protected":false},"author":1,"featured_media":0,"parent":0,"menu_order":0,"comment_status":"closed","ping_status":"closed","template":"","meta":{"_et_pb_use_builder":"on","_et_pb_old_content":"","_et_gb_content_width":"","footnotes":""},"class_list":["post-6","page","type-page","status-publish","hentry"],"_links":{"self":[{"href":"https:\/\/szafranzaun.eu\/de\/wp-json\/wp\/v2\/pages\/6"}],"collection":[{"href":"https:\/\/szafranzaun.eu\/de\/wp-json\/wp\/v2\/pages"}],"about":[{"href":"https:\/\/szafranzaun.eu\/de\/wp-json\/wp\/v2\/types\/page"}],"author":[{"embeddable":true,"href":"https:\/\/szafranzaun.eu\/de\/wp-json\/wp\/v2\/users\/1"}],"replies":[{"embeddable":true,"href":"https:\/\/szafranzaun.eu\/de\/wp-json\/wp\/v2\/comments?post=6"}],"version-history":[{"count":12,"href":"https:\/\/szafranzaun.eu\/de\/wp-json\/wp\/v2\/pages\/6\/revisions"}],"predecessor-version":[{"id":224512,"href":"https:\/\/szafranzaun.eu\/de\/wp-json\/wp\/v2\/pages\/6\/revisions\/224512"}],"wp:attachment":[{"href":"https:\/\/szafranzaun.eu\/de\/wp-json\/wp\/v2\/media?parent=6"}],"curies":[{"name":"wp","href":"https:\/\/api.w.org\/{rel}","templated":true}]}}