{"id":8,"date":"2021-01-12T07:56:27","date_gmt":"2021-01-12T06:56:27","guid":{"rendered":"http:\/\/szafranzaun.eu\/index.php\/montaz\/"},"modified":"2021-09-09T11:05:47","modified_gmt":"2021-09-09T09:05:47","slug":"montage","status":"publish","type":"page","link":"https:\/\/szafranzaun.eu\/de\/montage\/","title":{"rendered":"Montage"},"content":{"rendered":"<p>[et_pb_section fb_built=&#8221;1&#8243; _builder_version=&#8221;4.5.7&#8243; use_background_color_gradient=&#8221;on&#8221; background_color_gradient_start=&#8221;rgba(0,0,0,0.43)&#8221; background_color_gradient_end=&#8221;rgba(0,0,0,0.43)&#8221; background_color_gradient_overlays_image=&#8221;on&#8221; background_image=&#8221;http:\/\/szafranzaun.eu\/wp-content\/uploads\/2021\/01\/slide-1.jpg&#8221; custom_padding=&#8221;0.8%||0.9%||false|false&#8221;][et_pb_row _builder_version=&#8221;3.26.8&#8243; max_width=&#8221;80%&#8221; custom_padding=&#8221;0px|||||&#8221;][et_pb_column type=&#8221;4_4&#8243; _builder_version=&#8221;3.26.8&#8243;][et_pb_text _builder_version=&#8221;4.9.3&#8243; header_font=&#8221;Montserrat|700||on|||||&#8221; header_text_align=&#8221;center&#8221; header_text_color=&#8221;#ffffff&#8221; header_font_size=&#8221;60px&#8221; header_line_height=&#8221;1.6em&#8221; custom_margin=&#8221;34px||4px|||&#8221; animation_style=&#8221;fade&#8221; header_font_size_tablet=&#8221;45px&#8221; header_font_size_phone=&#8221;30px&#8221; header_font_size_last_edited=&#8221;on|desktop&#8221;]<\/p>\n<h1 style=\"text-align: left;\">MONTAGE<\/h1>\n<p>[\/et_pb_text][et_pb_text _builder_version=&#8221;4.9.3&#8243; text_font=&#8221;Montserrat|700||on|||||&#8221; text_text_color=&#8221;#ffffff&#8221; text_font_size=&#8221;12px&#8221; text_letter_spacing=&#8221;6px&#8221; text_line_height=&#8221;1.3em&#8221; text_orientation=&#8221;center&#8221; width=&#8221;35%&#8221; module_alignment=&#8221;left&#8221; custom_margin=&#8221;-11px||||false|false&#8221; custom_padding=&#8221;25px||25px||true|false&#8221; animation_style=&#8221;fade&#8221; animation_delay=&#8221;250ms&#8221; link_option_url=&#8221;https:\/\/szafranzaun.eu\/de\/galerie\/&#8221; text_letter_spacing_tablet=&#8221;3px&#8221; text_letter_spacing_phone=&#8221;2px&#8221; text_letter_spacing_last_edited=&#8221;on|desktop&#8221; text_line_height_tablet=&#8221;1.4em&#8221; text_line_height_phone=&#8221;1.8em&#8221; text_line_height_last_edited=&#8221;on|desktop&#8221; border_width_all=&#8221;2px&#8221; border_color_all=&#8221;#ffffff&#8221; box_shadow_style=&#8221;preset2&#8243; box_shadow_color=&#8221;#000000&#8243; text_text_align=&#8221;center&#8221;]<\/p>\n<p>SEHEN SIE SICH UNSERE REALISIERUNGEN AN -&gt;<\/p>\n<p>[\/et_pb_text][\/et_pb_column][\/et_pb_row][\/et_pb_section][et_pb_section fb_built=&#8221;1&#8243; _builder_version=&#8221;4.8.1&#8243; _module_preset=&#8221;default&#8221;][et_pb_row _builder_version=&#8221;4.8.1&#8243; _module_preset=&#8221;default&#8221; max_width=&#8221;80%&#8221; custom_padding=&#8221;0px||65px|||&#8221;][et_pb_column type=&#8221;4_4&#8243; _builder_version=&#8221;4.8.1&#8243; _module_preset=&#8221;default&#8221;][et_pb_text _builder_version=&#8221;4.9.3&#8243; _module_preset=&#8221;default&#8221; header_font=&#8221;Roboto||||||||&#8221; header_text_color=&#8221;#0f4f89&#8243; header_line_height=&#8221;1.4em&#8221; custom_margin=&#8221;||9px|||&#8221;]<\/p>\n<h1>MONTAGE VON Z\u00c4UNEN UND TOREN<\/h1>\n<p>[\/et_pb_text][et_pb_divider color=&#8221;#91ce00&#8243; divider_weight=&#8221;4px&#8221; _builder_version=&#8221;4.8.1&#8243; _module_preset=&#8221;default&#8221; width=&#8221;13%&#8221; module_alignment=&#8221;left&#8221; custom_margin=&#8221;||15px|||&#8221;][\/et_pb_divider][et_pb_text _builder_version=&#8221;4.9.3&#8243; _module_preset=&#8221;default&#8221; text_font=&#8221;Raleway||||||||&#8221; text_text_color=&#8221;#000000&#8243; text_font_size=&#8221;16px&#8221; text_line_height=&#8221;1.8em&#8221; text_orientation=&#8221;justified&#8221;]<\/p>\n<p>Um die Erwartungen unserer Kunden zu erf\u00fcllen, bieten wir f\u00fcr alle von uns angebotenen Produkte einen Installationsservice an.<\/p>\n<p>Sie m\u00fcssen sich nicht fragen, wie Sie das Tor oder die Pforte montieren sollen, unser Spezialistenteam wird das f\u00fcr Sie tun. Wir handeln schnell und zuverl\u00e4ssig.<\/p>\n<p>[\/et_pb_text][\/et_pb_column][\/et_pb_row][et_pb_row column_structure=&#8221;1_2,1_2&#8243; _builder_version=&#8221;4.8.1&#8243; _module_preset=&#8221;default&#8221; max_width=&#8221;80%&#8221; custom_padding=&#8221;0px|||||&#8221;][et_pb_column type=&#8221;1_2&#8243; _builder_version=&#8221;4.8.1&#8243; _module_preset=&#8221;default&#8221;][et_pb_image src=&#8221;http:\/\/szafranzaun.eu\/wp-content\/uploads\/2021\/01\/montaz.jpg&#8221; title_text=&#8221;montaz&#8221; _builder_version=&#8221;4.8.1&#8243; _module_preset=&#8221;default&#8221; box_shadow_style=&#8221;preset2&#8243;][\/et_pb_image][\/et_pb_column][et_pb_column type=&#8221;1_2&#8243; _builder_version=&#8221;4.8.1&#8243; _module_preset=&#8221;default&#8221;][et_pb_image src=&#8221;http:\/\/szafranzaun.eu\/wp-content\/uploads\/2021\/01\/transport.jpg&#8221; title_text=&#8221;transport&#8221; _builder_version=&#8221;4.8.1&#8243; _module_preset=&#8221;default&#8221; box_shadow_style=&#8221;preset2&#8243;][\/et_pb_image][\/et_pb_column][\/et_pb_row][et_pb_row _builder_version=&#8221;4.9.3&#8243; _module_preset=&#8221;default&#8221;][et_pb_column type=&#8221;4_4&#8243; _builder_version=&#8221;4.9.3&#8243; _module_preset=&#8221;default&#8221;][et_pb_text _builder_version=&#8221;4.9.3&#8243; _module_preset=&#8221;default&#8221; header_font=&#8221;Roboto||||||||&#8221; header_text_color=&#8221;#0f4f89&#8243; header_line_height=&#8221;1.4em&#8221; custom_margin=&#8221;||9px|||&#8221; global_module=&#8221;224460&#8243;]<\/p>\n<h1>SEHEN SIE AUCH<\/h1>\n<p>[\/et_pb_text][et_pb_divider color=&#8221;#7CDA24&#8243; divider_weight=&#8221;4px&#8221; _builder_version=&#8221;4.8.1&#8243; _module_preset=&#8221;default&#8221; width=&#8221;13%&#8221; module_alignment=&#8221;left&#8221; custom_margin=&#8221;||15px|||&#8221; global_module=&#8221;224462&#8243;][\/et_pb_divider][\/et_pb_column][\/et_pb_row][et_pb_row column_structure=&#8221;1_3,1_3,1_3&#8243; disabled_on=&#8221;off|off|off&#8221; _builder_version=&#8221;4.8.1&#8243; _module_preset=&#8221;default&#8221; custom_padding=&#8221;||0px|||&#8221; global_module=&#8221;224420&#8243;][et_pb_column type=&#8221;1_3&#8243; _builder_version=&#8221;4.8.1&#8243; _module_preset=&#8221;default&#8221;][dizo_image_hover image=&#8221;http:\/\/szafranzaun.eu\/wp-content\/uploads\/2021\/03\/Model3002.jpg&#8221; effect_style=&#8221;modern&#8221; modern_style=&#8221;mdn-bette&#8221; t_prefix=&#8221;Schmiedeeiserne Z\u00e4une&#8221; content_text=&#8221;<\/p>\n<p>Geschmiedete und moderne Z\u00e4une der Spitzenklasse, die mit Liebe zum kleinsten Detail hergestellt werden<\/p>\n<p>&#8221; content_text_hidden_in_mobile=&#8221;on&#8221; button_url_new_window=&#8221;1&#8243; title_background_bgcolor=&#8221;rgba(0,0,0,0.5)&#8221; text_background_bgcolor=&#8221;rgba(0,0,0,0.75)&#8221; overlay_bgcolor=&#8221;#E02B20&#8243; modern_overlay_color=&#8221;rgba(255,249,249,0)&#8221; module_link_url=&#8221;https:\/\/szafranzaun.eu\/de\/schmiedeeiserne-zaune\/&#8221; module_link_url_new_window=&#8221;1&#8243; _builder_version=&#8221;4.9.3&#8243; _module_preset=&#8221;default&#8221; title_text_align=&#8221;right&#8221; custom_margin=&#8221;|-38px|0px||false|false&#8221;][\/dizo_image_hover][\/et_pb_column][et_pb_column type=&#8221;1_3&#8243; _builder_version=&#8221;4.8.1&#8243; _module_preset=&#8221;default&#8221;][dizo_image_hover image=&#8221;http:\/\/szafranzaun.eu\/wp-content\/uploads\/2021\/01\/image11.png&#8221; effect_style=&#8221;modern&#8221; modern_style=&#8221;mdn-bette&#8221; t_prefix=&#8221;Zaunpaneele&#8221; content_text=&#8221;<\/p>\n<p>Paneelanschl\u00e4ge sowohl gebogen 3D als auch doppelt 2D<\/p>\n<p>&#8221; content_text_hidden_in_mobile=&#8221;on&#8221; button_url_new_window=&#8221;1&#8243; title_background_bgcolor=&#8221;rgba(0,0,0,0.5)&#8221; text_background_bgcolor=&#8221;rgba(0,0,0,0.75)&#8221; overlay_bgcolor=&#8221;#E02B20&#8243; modern_overlay_color=&#8221;rgba(255,249,249,0)&#8221; module_link_url=&#8221;https:\/\/szafranzaun.eu\/de\/paneelzaune\/&#8221; module_link_url_new_window=&#8221;1&#8243; _builder_version=&#8221;4.9.3&#8243; _module_preset=&#8221;default&#8221; title_text_align=&#8221;right&#8221; custom_margin=&#8221;|-19px||-20px|false|false&#8221;][\/dizo_image_hover][\/et_pb_column][et_pb_column type=&#8221;1_3&#8243; _builder_version=&#8221;4.8.1&#8243; _module_preset=&#8221;default&#8221;][dizo_image_hover image=&#8221;http:\/\/szafranzaun.eu\/wp-content\/uploads\/2021\/01\/image111.png&#8221; effect_style=&#8221;modern&#8221; modern_style=&#8221;mdn-bette&#8221; t_prefix=&#8221;Tore und Pforten&#8221; content_text=&#8221;<\/p>\n<p>Das Angebot umfasst Schiebetore, zweifl\u00fcgelige Tore und Pforten. F\u00fcllen in \u00dcbereinstimmung mit dem gesamten Zaun<\/p>\n<p>&#8221; content_text_hidden_in_mobile=&#8221;on&#8221; button_url_new_window=&#8221;1&#8243; title_background_bgcolor=&#8221;rgba(0,0,0,0.5)&#8221; text_background_bgcolor=&#8221;rgba(0,0,0,0.75)&#8221; overlay_bgcolor=&#8221;#E02B20&#8243; modern_overlay_color=&#8221;rgba(255,249,249,0)&#8221; module_link_url=&#8221;https:\/\/szafranzaun.eu\/de\/tore-und-pforten\/&#8221; module_link_url_new_window=&#8221;1&#8243; _builder_version=&#8221;4.9.3&#8243; _module_preset=&#8221;default&#8221; title_text_align=&#8221;right&#8221; custom_margin=&#8221;|||-39px|false|false&#8221;][\/dizo_image_hover][\/et_pb_column][\/et_pb_row][et_pb_row column_structure=&#8221;1_3,1_3,1_3&#8243; disabled_on=&#8221;off|off|off&#8221; _builder_version=&#8221;4.8.1&#8243; _module_preset=&#8221;default&#8221; custom_padding=&#8221;3px|||||&#8221; global_module=&#8221;51578&#8243;][et_pb_column type=&#8221;1_3&#8243; _builder_version=&#8221;4.8.1&#8243; _module_preset=&#8221;default&#8221;][dizo_image_hover image=&#8221;http:\/\/szafranzaun.eu\/wp-content\/uploads\/2021\/03\/image11.png&#8221; effect_style=&#8221;modern&#8221; modern_style=&#8221;mdn-bette&#8221; t_prefix=&#8221;Balustraden f\u00fcr Balkone und Treppen&#8221; content_text=&#8221;<\/p>\n<p>Ma\u00dfgeschneiderte, perfekt komponierte Balkon- und Treppengel\u00e4nder<\/p>\n<p>&#8221; content_text_hidden_in_mobile=&#8221;on&#8221; button_url_new_window=&#8221;1&#8243; title_background_bgcolor=&#8221;rgba(0,0,0,0.5)&#8221; text_background_bgcolor=&#8221;rgba(0,0,0,0.75)&#8221; overlay_bgcolor=&#8221;#E02B20&#8243; modern_overlay_color=&#8221;rgba(255,249,249,0)&#8221; module_link_url=&#8221;https:\/\/szafranzaun.eu\/de\/balkon-und-treppengelander\/&#8221; module_link_url_new_window=&#8221;1&#8243; _builder_version=&#8221;4.9.3&#8243; _module_preset=&#8221;default&#8221; title_text_align=&#8221;right&#8221; custom_margin=&#8221;|-38px|0px||false|false&#8221; custom_padding=&#8221;0px|||||&#8221;][\/dizo_image_hover][\/et_pb_column][et_pb_column type=&#8221;1_3&#8243; _builder_version=&#8221;4.8.1&#8243; _module_preset=&#8221;default&#8221;][dizo_image_hover image=&#8221;http:\/\/szafranzaun.eu\/wp-content\/uploads\/2021\/01\/Projekt-bez-tytulu.png&#8221; effect_style=&#8221;modern&#8221; modern_style=&#8221;mdn-bette&#8221; t_prefix=&#8221;Weiteres Zubeh\u00f6r&#8221; content_text=&#8221;<\/p>\n<p>F\u00fcr den gesamten Zaun bieten wir u.a:<\/p>\n<p>&#8211; Vorgefertigtes Fundament<\/p>\n<p>&#8211; Torantrieb<\/p>\n<p>&#8211; Briefkasten<\/p>\n<p>&#8221; content_text_hidden_in_mobile=&#8221;on&#8221; button_url_new_window=&#8221;1&#8243; title_background_bgcolor=&#8221;rgba(0,0,0,0.5)&#8221; text_background_bgcolor=&#8221;rgba(0,0,0,0.75)&#8221; overlay_bgcolor=&#8221;#E02B20&#8243; modern_overlay_color=&#8221;rgba(255,249,249,0)&#8221; module_link_url=&#8221;https:\/\/szafranzaun.eu\/de\/zubehor\/&#8221; module_link_url_new_window=&#8221;1&#8243; _builder_version=&#8221;4.9.3&#8243; _module_preset=&#8221;default&#8221; title_text_align=&#8221;right&#8221; custom_margin=&#8221;|-19px||-20px|false|false&#8221;][\/dizo_image_hover][\/et_pb_column][et_pb_column type=&#8221;1_3&#8243; _builder_version=&#8221;4.8.1&#8243; _module_preset=&#8221;default&#8221;][dizo_image_hover image=&#8221;http:\/\/szafranzaun.eu\/wp-content\/uploads\/2021\/03\/photo2-1024&#215;683.png&#8221; effect_style=&#8221;modern&#8221; modern_style=&#8221;mdn-bette&#8221; t_prefix=&#8221;Pulverbeschichtungsanlage&#8221; content_text=&#8221;<\/p>\n<p>Alle von uns hergestellten Z\u00e4une werden mit der elektrostatischen Methode in einer modernen Lackierstra\u00dfe lackiert.<\/p>\n<p>&#8221; content_text_hidden_in_mobile=&#8221;on&#8221; button_url_new_window=&#8221;1&#8243; title_background_bgcolor=&#8221;rgba(0,0,0,0.5)&#8221; text_background_bgcolor=&#8221;rgba(0,0,0,0.75)&#8221; overlay_bgcolor=&#8221;#E02B20&#8243; modern_overlay_color=&#8221;rgba(255,249,249,0)&#8221; module_link_url=&#8221;https:\/\/szafranzaun.eu\/de\/pulverbeschichtung\/&#8221; module_link_url_new_window=&#8221;1&#8243; _builder_version=&#8221;4.9.3&#8243; _module_preset=&#8221;default&#8221; title_text_align=&#8221;right&#8221; custom_margin=&#8221;|||-39px|false|false&#8221;][\/dizo_image_hover][\/et_pb_column][\/et_pb_row][et_pb_row column_structure=&#8221;1_2,1_2&#8243; _builder_version=&#8221;4.8.1&#8243; _module_preset=&#8221;default&#8221; global_module=&#8221;224465&#8243; saved_tabs=&#8221;all&#8221;][et_pb_column type=&#8221;1_2&#8243; _builder_version=&#8221;4.8.1&#8243; _module_preset=&#8221;default&#8221;][et_pb_text _builder_version=&#8221;4.9.3&#8243; _module_preset=&#8221;default&#8221; hover_enabled=&#8221;0&#8243; sticky_enabled=&#8221;0&#8243;]<\/p>\n<p><strong>Registrierungsdaten:<\/strong><\/p>\n<p>Szafran Z<span>\u00e4<\/span>une aus Polen Sylwia Szafran<\/p>\n<p>Klonowa 1 Str.<\/p>\n<p>66-620 Gubin<\/p>\n<p>NIP:\u00a0<span>743-19-71-781<\/span><\/p>\n<p>REGON:\u00a0<span>365945686<\/span><\/p>\n<p><span><\/span><\/p>\n<p><strong>Werk: <\/strong><\/p>\n<p><span>ul. Kresowa 84, 66-620 Gubin<\/span><\/p>\n<p>[\/et_pb_text][et_pb_contact_form email=&#8221;dagmara.szafran.ploty@gmail.com&#8221; submit_button_text=&#8221;Senden&#8221; _builder_version=&#8221;4.9.3&#8243; _module_preset=&#8221;default&#8221; border_radii=&#8221;on|3px|3px|3px|3px&#8221; border_width_all=&#8221;1px&#8221;][et_pb_contact_field field_id=&#8221;Name&#8221; field_title=&#8221;Name&#8221; _builder_version=&#8221;4.9.3&#8243; button_text_size__hover_enabled=&#8221;off&#8221; button_one_text_size__hover_enabled=&#8221;off&#8221; button_two_text_size__hover_enabled=&#8221;off&#8221; button_text_color__hover_enabled=&#8221;off&#8221; button_one_text_color__hover_enabled=&#8221;off&#8221; button_two_text_color__hover_enabled=&#8221;off&#8221; button_border_width__hover_enabled=&#8221;off&#8221; button_one_border_width__hover_enabled=&#8221;off&#8221; button_two_border_width__hover_enabled=&#8221;off&#8221; button_border_color__hover_enabled=&#8221;off&#8221; button_one_border_color__hover_enabled=&#8221;off&#8221; button_two_border_color__hover_enabled=&#8221;off&#8221; button_border_radius__hover_enabled=&#8221;off&#8221; button_one_border_radius__hover_enabled=&#8221;off&#8221; button_two_border_radius__hover_enabled=&#8221;off&#8221; button_letter_spacing__hover_enabled=&#8221;off&#8221; button_one_letter_spacing__hover_enabled=&#8221;off&#8221; button_two_letter_spacing__hover_enabled=&#8221;off&#8221; button_bg_color__hover_enabled=&#8221;off&#8221; button_one_bg_color__hover_enabled=&#8221;off&#8221; button_two_bg_color__hover_enabled=&#8221;off&#8221;][\/et_pb_contact_field][et_pb_contact_field field_id=&#8221;Email&#8221; field_title=&#8221;E-mail&#8221; field_type=&#8221;email&#8221; _builder_version=&#8221;4.9.3&#8243; button_text_size__hover_enabled=&#8221;off&#8221; button_one_text_size__hover_enabled=&#8221;off&#8221; button_two_text_size__hover_enabled=&#8221;off&#8221; button_text_color__hover_enabled=&#8221;off&#8221; button_one_text_color__hover_enabled=&#8221;off&#8221; button_two_text_color__hover_enabled=&#8221;off&#8221; button_border_width__hover_enabled=&#8221;off&#8221; button_one_border_width__hover_enabled=&#8221;off&#8221; button_two_border_width__hover_enabled=&#8221;off&#8221; button_border_color__hover_enabled=&#8221;off&#8221; button_one_border_color__hover_enabled=&#8221;off&#8221; button_two_border_color__hover_enabled=&#8221;off&#8221; button_border_radius__hover_enabled=&#8221;off&#8221; button_one_border_radius__hover_enabled=&#8221;off&#8221; button_two_border_radius__hover_enabled=&#8221;off&#8221; button_letter_spacing__hover_enabled=&#8221;off&#8221; button_one_letter_spacing__hover_enabled=&#8221;off&#8221; button_two_letter_spacing__hover_enabled=&#8221;off&#8221; button_bg_color__hover_enabled=&#8221;off&#8221; button_one_bg_color__hover_enabled=&#8221;off&#8221; button_two_bg_color__hover_enabled=&#8221;off&#8221;][\/et_pb_contact_field][et_pb_contact_field field_id=&#8221;Message&#8221; field_title=&#8221;Inhalt der Nachricht&#8221; field_type=&#8221;text&#8221; fullwidth_field=&#8221;on&#8221; _builder_version=&#8221;4.9.3&#8243; button_text_size__hover_enabled=&#8221;off&#8221; button_one_text_size__hover_enabled=&#8221;off&#8221; button_two_text_size__hover_enabled=&#8221;off&#8221; button_text_color__hover_enabled=&#8221;off&#8221; button_one_text_color__hover_enabled=&#8221;off&#8221; button_two_text_color__hover_enabled=&#8221;off&#8221; button_border_width__hover_enabled=&#8221;off&#8221; button_one_border_width__hover_enabled=&#8221;off&#8221; button_two_border_width__hover_enabled=&#8221;off&#8221; button_border_color__hover_enabled=&#8221;off&#8221; button_one_border_color__hover_enabled=&#8221;off&#8221; button_two_border_color__hover_enabled=&#8221;off&#8221; button_border_radius__hover_enabled=&#8221;off&#8221; button_one_border_radius__hover_enabled=&#8221;off&#8221; button_two_border_radius__hover_enabled=&#8221;off&#8221; button_letter_spacing__hover_enabled=&#8221;off&#8221; button_one_letter_spacing__hover_enabled=&#8221;off&#8221; button_two_letter_spacing__hover_enabled=&#8221;off&#8221; button_bg_color__hover_enabled=&#8221;off&#8221; button_one_bg_color__hover_enabled=&#8221;off&#8221; button_two_bg_color__hover_enabled=&#8221;off&#8221;][\/et_pb_contact_field][\/et_pb_contact_form][\/et_pb_column][et_pb_column type=&#8221;1_2&#8243; _builder_version=&#8221;4.8.1&#8243; _module_preset=&#8221;default&#8221;][et_pb_text _builder_version=&#8221;4.9.3&#8243; _module_preset=&#8221;default&#8221; vertical_offset_tablet=&#8221;0&#8243; horizontal_offset_tablet=&#8221;0&#8243; z_index_tablet=&#8221;0&#8243; text_text_shadow_horizontal_length_tablet=&#8221;0px&#8221; text_text_shadow_vertical_length_tablet=&#8221;0px&#8221; text_text_shadow_blur_strength_tablet=&#8221;1px&#8221; link_text_shadow_horizontal_length_tablet=&#8221;0px&#8221; link_text_shadow_vertical_length_tablet=&#8221;0px&#8221; link_text_shadow_blur_strength_tablet=&#8221;1px&#8221; ul_text_shadow_horizontal_length_tablet=&#8221;0px&#8221; ul_text_shadow_vertical_length_tablet=&#8221;0px&#8221; ul_text_shadow_blur_strength_tablet=&#8221;1px&#8221; ol_text_shadow_horizontal_length_tablet=&#8221;0px&#8221; ol_text_shadow_vertical_length_tablet=&#8221;0px&#8221; ol_text_shadow_blur_strength_tablet=&#8221;1px&#8221; quote_text_shadow_horizontal_length_tablet=&#8221;0px&#8221; quote_text_shadow_vertical_length_tablet=&#8221;0px&#8221; quote_text_shadow_blur_strength_tablet=&#8221;1px&#8221; header_text_shadow_horizontal_length_tablet=&#8221;0px&#8221; header_text_shadow_vertical_length_tablet=&#8221;0px&#8221; header_text_shadow_blur_strength_tablet=&#8221;1px&#8221; header_2_text_shadow_horizontal_length_tablet=&#8221;0px&#8221; header_2_text_shadow_vertical_length_tablet=&#8221;0px&#8221; header_2_text_shadow_blur_strength_tablet=&#8221;1px&#8221; header_3_text_shadow_horizontal_length_tablet=&#8221;0px&#8221; header_3_text_shadow_vertical_length_tablet=&#8221;0px&#8221; header_3_text_shadow_blur_strength_tablet=&#8221;1px&#8221; header_4_text_shadow_horizontal_length_tablet=&#8221;0px&#8221; header_4_text_shadow_vertical_length_tablet=&#8221;0px&#8221; header_4_text_shadow_blur_strength_tablet=&#8221;1px&#8221; header_5_text_shadow_horizontal_length_tablet=&#8221;0px&#8221; header_5_text_shadow_vertical_length_tablet=&#8221;0px&#8221; header_5_text_shadow_blur_strength_tablet=&#8221;1px&#8221; header_6_text_shadow_horizontal_length_tablet=&#8221;0px&#8221; header_6_text_shadow_vertical_length_tablet=&#8221;0px&#8221; header_6_text_shadow_blur_strength_tablet=&#8221;1px&#8221; box_shadow_horizontal_tablet=&#8221;0px&#8221; box_shadow_vertical_tablet=&#8221;0px&#8221; box_shadow_blur_tablet=&#8221;40px&#8221; box_shadow_spread_tablet=&#8221;0px&#8221;]<\/p>\n<p>&nbsp;<\/p>\n<p>&nbsp;<\/p>\n<p><img loading=\"lazy\" decoding=\"async\" class=\"wp-image-51646 alignnone size-full lazyload\" data-src=\"http:\/\/szafranzaun.eu\/wp-content\/uploads\/2021\/03\/kreska.png\" alt=\"\" width=\"168\" height=\"5\" data-srcset=\"https:\/\/szafranzaun.eu\/de\/wp-content\/uploads\/2021\/03\/kreska.png 168w, https:\/\/szafranzaun.eu\/de\/wp-content\/uploads\/2021\/03\/kreska-150x5.png 150w\" data-sizes=\"(max-width: 168px) 100vw, 168px\" src=\"data:image\/gif;base64,R0lGODlhAQABAAAAACH5BAEKAAEALAAAAAABAAEAAAICTAEAOw==\" style=\"--smush-placeholder-width: 168px; --smush-placeholder-aspect-ratio: 168\/5;\" \/><noscript><img loading=\"lazy\" decoding=\"async\" class=\"wp-image-51646 alignnone size-full\" src=\"http:\/\/szafranzaun.eu\/wp-content\/uploads\/2021\/03\/kreska.png\" alt=\"\" width=\"168\" height=\"5\" srcset=\"https:\/\/szafranzaun.eu\/de\/wp-content\/uploads\/2021\/03\/kreska.png 168w, https:\/\/szafranzaun.eu\/de\/wp-content\/uploads\/2021\/03\/kreska-150x5.png 150w\" sizes=\"(max-width: 168px) 100vw, 168px\" \/><\/noscript><\/p>\n<p>Z\u00e4une: Preise und Installation\u00a0<\/p>\n<p><img loading=\"lazy\" decoding=\"async\" class=\"wp-image-51641 alignnone size-large lazyload\" data-src=\"http:\/\/szafranzaun.eu\/wp-content\/uploads\/2021\/03\/obraz_2021-03-29_085059-1024x1024.png\" alt=\"\" width=\"44\" height=\"44\" src=\"data:image\/gif;base64,R0lGODlhAQABAAAAACH5BAEKAAEALAAAAAABAAEAAAICTAEAOw==\" style=\"--smush-placeholder-width: 44px; --smush-placeholder-aspect-ratio: 44\/44;\" \/><noscript><img loading=\"lazy\" decoding=\"async\" class=\"wp-image-51641 alignnone size-large\" src=\"http:\/\/szafranzaun.eu\/wp-content\/uploads\/2021\/03\/obraz_2021-03-29_085059-1024x1024.png\" alt=\"\" width=\"44\" height=\"44\" \/><\/noscript>+49 174 789 13 15<\/p>\n<p><img loading=\"lazy\" decoding=\"async\" class=\"wp-image-51644 alignnone size-full lazyload\" data-src=\"http:\/\/szafranzaun.eu\/wp-content\/uploads\/2021\/03\/email-ikona-odizolowywajaca-na-bialym-tle-106510001.jpg\" alt=\"\" width=\"39\" height=\"39\" src=\"data:image\/gif;base64,R0lGODlhAQABAAAAACH5BAEKAAEALAAAAAABAAEAAAICTAEAOw==\" style=\"--smush-placeholder-width: 39px; --smush-placeholder-aspect-ratio: 39\/39;\" \/><noscript><img loading=\"lazy\" decoding=\"async\" class=\"wp-image-51644 alignnone size-full\" src=\"http:\/\/szafranzaun.eu\/wp-content\/uploads\/2021\/03\/email-ikona-odizolowywajaca-na-bialym-tle-106510001.jpg\" alt=\"\" width=\"39\" height=\"39\" \/><\/noscript>\u00a0szafranzaun@gmail.com<\/p>\n<p>&nbsp;<\/p>\n<p>&nbsp;<\/p>\n<p>&nbsp;<\/p>\n<p>[\/et_pb_text][\/et_pb_column][\/et_pb_row][\/et_pb_section]<\/p>\n","protected":false},"excerpt":{"rendered":"<p>MONTAGESEHEN SIE SICH UNSERE REALISIERUNGEN AN -&gt;MONTAGE VON Z\u00c4UNEN UND TORENUm die Erwartungen unserer Kunden zu erf\u00fcllen, bieten wir f\u00fcr alle von uns angebotenen Produkte einen Installationsservice an. Sie m\u00fcssen sich nicht fragen, wie Sie das Tor oder die Pforte montieren sollen, unser Spezialistenteam wird das f\u00fcr Sie tun. Wir handeln schnell und zuverl\u00e4ssig.SEHEN SIE [&hellip;]<\/p>\n","protected":false},"author":1,"featured_media":0,"parent":0,"menu_order":0,"comment_status":"closed","ping_status":"closed","template":"","meta":{"_et_pb_use_builder":"on","_et_pb_old_content":"","_et_gb_content_width":"","footnotes":""},"class_list":["post-8","page","type-page","status-publish","hentry"],"_links":{"self":[{"href":"https:\/\/szafranzaun.eu\/de\/wp-json\/wp\/v2\/pages\/8"}],"collection":[{"href":"https:\/\/szafranzaun.eu\/de\/wp-json\/wp\/v2\/pages"}],"about":[{"href":"https:\/\/szafranzaun.eu\/de\/wp-json\/wp\/v2\/types\/page"}],"author":[{"embeddable":true,"href":"https:\/\/szafranzaun.eu\/de\/wp-json\/wp\/v2\/users\/1"}],"replies":[{"embeddable":true,"href":"https:\/\/szafranzaun.eu\/de\/wp-json\/wp\/v2\/comments?post=8"}],"version-history":[{"count":7,"href":"https:\/\/szafranzaun.eu\/de\/wp-json\/wp\/v2\/pages\/8\/revisions"}],"predecessor-version":[{"id":224486,"href":"https:\/\/szafranzaun.eu\/de\/wp-json\/wp\/v2\/pages\/8\/revisions\/224486"}],"wp:attachment":[{"href":"https:\/\/szafranzaun.eu\/de\/wp-json\/wp\/v2\/media?parent=8"}],"curies":[{"name":"wp","href":"https:\/\/api.w.org\/{rel}","templated":true}]}}