{"id":51295,"date":"2021-03-03T11:00:12","date_gmt":"2021-03-03T10:00:12","guid":{"rendered":"http:\/\/szafranzaun.eu\/?page_id=51295"},"modified":"2021-06-16T07:54:34","modified_gmt":"2021-06-16T05:54:34","slug":"10-advantages-of-galvanized-and-powder-coated-doors","status":"publish","type":"page","link":"https:\/\/szafranzaun.eu\/en\/blog\/10-advantages-of-galvanized-and-powder-coated-doors\/","title":{"rendered":"10 advantages of galvanized and powder-coated doors"},"content":{"rendered":"<p>[et_pb_section fb_built=&#8221;1&#8243; _builder_version=&#8221;4.5.7&#8243; use_background_color_gradient=&#8221;on&#8221; background_color_gradient_start=&#8221;rgba(0,0,0,0.43)&#8221; background_color_gradient_end=&#8221;rgba(0,0,0,0.43)&#8221; background_color_gradient_overlays_image=&#8221;on&#8221; background_image=&#8221;http:\/\/szafranzaun.eu\/wp-content\/uploads\/2021\/01\/slide-1.jpg&#8221; custom_padding=&#8221;0.8%||0.9%||false|false&#8221;][et_pb_row _builder_version=&#8221;3.26.8&#8243; max_width=&#8221;80%&#8221; custom_padding=&#8221;0px|||||&#8221;][et_pb_column type=&#8221;4_4&#8243; _builder_version=&#8221;3.26.8&#8243;][et_pb_text _builder_version=&#8221;4.8.1&#8243; header_font=&#8221;Montserrat|700||on|||||&#8221; header_text_align=&#8221;center&#8221; header_text_color=&#8221;#ffffff&#8221; header_font_size=&#8221;60px&#8221; header_line_height=&#8221;1.6em&#8221; custom_margin=&#8221;34px||4px|||&#8221; animation_style=&#8221;fade&#8221; header_font_size_tablet=&#8221;45px&#8221; header_font_size_phone=&#8221;30px&#8221; header_font_size_last_edited=&#8221;on|desktop&#8221;]<\/p>\n<h1 style=\"text-align: left;\">blog<\/h1>\n<p>[\/et_pb_text][\/et_pb_column][\/et_pb_row][\/et_pb_section][et_pb_section fb_built=&#8221;1&#8243; _builder_version=&#8221;4.8.1&#8243; _module_preset=&#8221;default&#8221;][et_pb_row _builder_version=&#8221;4.8.1&#8243; _module_preset=&#8221;default&#8221; max_width=&#8221;80%&#8221; custom_padding=&#8221;0px||65px|||&#8221;][et_pb_column type=&#8221;4_4&#8243; _builder_version=&#8221;4.8.1&#8243; _module_preset=&#8221;default&#8221;][et_pb_text _builder_version=&#8221;4.9.3&#8243; _module_preset=&#8221;default&#8221; header_font=&#8221;Roboto||||||||&#8221; header_text_color=&#8221;#0f4f89&#8243; header_line_height=&#8221;1.4em&#8221; custom_margin=&#8221;||9px|||&#8221; hover_enabled=&#8221;0&#8243; sticky_enabled=&#8221;0&#8243;]<\/p>\n<h1>10 ADVANTAGES OF HOT DIP GALVANIZED AND POWDER COATED DOORS<\/h1>\n<p>[\/et_pb_text][et_pb_divider color=&#8221;#7CDA24&#8243; divider_weight=&#8221;4px&#8221; _builder_version=&#8221;4.8.1&#8243; _module_preset=&#8221;default&#8221; width=&#8221;13%&#8221; module_alignment=&#8221;left&#8221; custom_margin=&#8221;||15px|||&#8221;][\/et_pb_divider][et_pb_text _builder_version=&#8221;4.8.1&#8243; _module_preset=&#8221;default&#8221;]<\/p>\n<p><span>Brama wjazdowa jest jedn\u0105 z\u00a0najbardziej reprezentacyjnych cz\u0119\u015bci posesji, a\u00a0zarazem stanowi najcz\u0119\u015bciej u\u017cytkowany element ogrodzenia. Wygl\u0105d bramy, jak r\u00f3wnie\u017c jej\u00a0wytrzyma\u0142o\u015b\u0107 zale\u017c\u0105 od\u00a0materia\u0142\u00f3w u\u017cytych do\u00a0produkcji oraz\u00a0od\u00a0jej\u00a0fachowego wykonania. Aby poprawi\u0107 parametry bram, nak\u0142ada\u00a0si\u0119 na\u00a0nie\u00a0specjalne pow\u0142oki ochronne, kt\u00f3re s\u0105 niezb\u0119dne do\u00a0zapewnienia maksymalnej trwa\u0142o\u015bci i\u00a0d\u0142ugowieczno\u015bci.<\/span><\/p>\n<p>[\/et_pb_text][et_pb_text _builder_version=&#8221;4.9.3&#8243; _module_preset=&#8221;default&#8221; header_font=&#8221;Roboto||||||||&#8221; header_text_color=&#8221;#0f4f89&#8243; header_line_height=&#8221;1.4em&#8221; custom_margin=&#8221;||9px|||&#8221; hover_enabled=&#8221;0&#8243; sticky_enabled=&#8221;0&#8243;]<\/p>\n<h1>PROPERTIES OF HOT DIP GALVANIZED AND POWDER COATED DOORS<\/h1>\n<p>[\/et_pb_text][et_pb_divider color=&#8221;#7CDA24&#8243; divider_weight=&#8221;4px&#8221; _builder_version=&#8221;4.8.1&#8243; _module_preset=&#8221;default&#8221; width=&#8221;13%&#8221; module_alignment=&#8221;left&#8221; custom_margin=&#8221;||15px|||&#8221;][\/et_pb_divider][et_pb_text _builder_version=&#8221;4.9.3&#8243; _module_preset=&#8221;default&#8221; hover_enabled=&#8221;0&#8243; sticky_enabled=&#8221;0&#8243;]<\/p>\n<p>Powder coating and galvanizing (also known as hot dip galvanizing) are some of the more commonly used processes in door manufacturing. Powder coating is the electrostatic application of dry powder to a metal surface and then curing it to form a stable protective layer. Zinc plating, on the other hand, involves immersing the parts in a bath of molten zinc, heated to a temperature of about 440-460\u00b0C. Here are ten advantages of galvanized and powder coated gates:<\/p>\n<p><strong>1. Protection against corrosion<\/strong><\/p>\n<p>Zinc alloys form a special coating on the surface that undergoes passivation when the zinc reacts with oxygen or water to replace the interior metal. Powder coating, on the other hand, creates a barrier that prevents the gate from being penetrated and damaged from the inside.<\/p>\n<p><strong>2. Resistance<\/strong><\/p>\n<p>Gates with zinc or powder coatings are resistant to physical, chemical and atmospheric agents (e.g. UV radiation, extreme temperatures). Zinc coatings are also characterized by high resistance to friction and impact.<\/p>\n<p><strong>3. Constant thickness<\/strong><\/p>\n<p>The benefits of powder coating and hot dip galvanizing include the ability to create thicker coatings than with traditional paints. Every recess and corner is evenly coated, thus providing uniform protection.<\/p>\n<p><strong>4. Affordable<\/strong><\/p>\n<p>With powder coating, almost 100% of the material is used due to the possibility of recovering un-deposited particles, which lowers the cost of coating production. In addition, applying the coating is cheaper than buying a door made of stainless steel, for example.<\/p>\n<p><strong>5. Reducing maintenance costs<\/strong><\/p>\n<p>A stable, durable coating provides a significant reduction in maintenance costs, and low repair requirements mean that less material is used over the life of the door.<\/p>\n<p><strong>6. Speed of production<\/strong><\/p>\n<p>The door components are ready for use immediately after galvanizing or powder coating. Components require no further processing, minimizing order time, and the door can be in use the same moment installation is complete.<\/p>\n<p><strong>7. Easy to control the state of preservation<\/strong><\/p>\n<p>The condition of a galvanized gate&#8217;s coating can be visually inspected without the use of destructive thickness testing. There is also no need to inspect what is happening under the coating and what condition the interior is in, because the electrolytic oxidation of zinc counteracts the corrosion of the gate.<\/p>\n<p><strong>8. Environmentally friendly<\/strong><\/p>\n<p>Powder coating is an environmentally and human health friendly process because the coatings do not contain harmful solvents or release volatile organic compounds into the atmosphere.<\/p>\n<p><strong>9. Aesthetic<\/strong><\/p>\n<p>The resulting powder coatings, thanks to their considerable thickness (60-80 \u03bcm), are free of deformation, have no streaks, and the color is evenly distributed. In addition, the coating can be formed even in hard-to-reach cavities.<\/p>\n<p><strong>10. Long service life<\/strong><\/p>\n<p>Due to the strong electrolytic bond between the metal (e.g. iron) and the zinc layer, galvanized gates can last up to 50 years. This is due to the mentioned protection against water and oxygen.<\/p>\n<p>[\/et_pb_text][\/et_pb_column][\/et_pb_row][\/et_pb_section]<\/p>\n","protected":false},"excerpt":{"rendered":"<p>blog10 ADVANTAGES OF HOT DIP GALVANIZED AND POWDER COATED DOORSBrama wjazdowa jest jedn\u0105 z\u00a0najbardziej reprezentacyjnych cz\u0119\u015bci posesji, a\u00a0zarazem stanowi najcz\u0119\u015bciej u\u017cytkowany element ogrodzenia. Wygl\u0105d bramy, jak r\u00f3wnie\u017c jej\u00a0wytrzyma\u0142o\u015b\u0107 zale\u017c\u0105 od\u00a0materia\u0142\u00f3w u\u017cytych do\u00a0produkcji oraz\u00a0od\u00a0jej\u00a0fachowego wykonania. Aby poprawi\u0107 parametry bram, nak\u0142ada\u00a0si\u0119 na\u00a0nie\u00a0specjalne pow\u0142oki ochronne, kt\u00f3re s\u0105 niezb\u0119dne do\u00a0zapewnienia maksymalnej trwa\u0142o\u015bci i\u00a0d\u0142ugowieczno\u015bci.PROPERTIES OF HOT DIP GALVANIZED AND POWDER [&hellip;]<\/p>\n","protected":false},"author":1,"featured_media":0,"parent":12,"menu_order":0,"comment_status":"closed","ping_status":"closed","template":"","meta":{"_et_pb_use_builder":"on","_et_pb_old_content":"","_et_gb_content_width":"","footnotes":""},"class_list":["post-51295","page","type-page","status-publish","hentry"],"_links":{"self":[{"href":"https:\/\/szafranzaun.eu\/en\/wp-json\/wp\/v2\/pages\/51295"}],"collection":[{"href":"https:\/\/szafranzaun.eu\/en\/wp-json\/wp\/v2\/pages"}],"about":[{"href":"https:\/\/szafranzaun.eu\/en\/wp-json\/wp\/v2\/types\/page"}],"author":[{"embeddable":true,"href":"https:\/\/szafranzaun.eu\/en\/wp-json\/wp\/v2\/users\/1"}],"replies":[{"embeddable":true,"href":"https:\/\/szafranzaun.eu\/en\/wp-json\/wp\/v2\/comments?post=51295"}],"version-history":[{"count":5,"href":"https:\/\/szafranzaun.eu\/en\/wp-json\/wp\/v2\/pages\/51295\/revisions"}],"predecessor-version":[{"id":224067,"href":"https:\/\/szafranzaun.eu\/en\/wp-json\/wp\/v2\/pages\/51295\/revisions\/224067"}],"up":[{"embeddable":true,"href":"https:\/\/szafranzaun.eu\/en\/wp-json\/wp\/v2\/pages\/12"}],"wp:attachment":[{"href":"https:\/\/szafranzaun.eu\/en\/wp-json\/wp\/v2\/media?parent=51295"}],"curies":[{"name":"wp","href":"https:\/\/api.w.org\/{rel}","templated":true}]}}