{"id":10,"date":"2021-01-12T07:56:27","date_gmt":"2021-01-12T06:56:27","guid":{"rendered":"http:\/\/szafranzaun.eu\/index.php\/galeria\/"},"modified":"2021-06-17T07:43:31","modified_gmt":"2021-06-17T05:43:31","slug":"galeria","status":"publish","type":"page","link":"https:\/\/szafranzaun.eu\/pl\/galeria\/","title":{"rendered":"GALERIA"},"content":{"rendered":"<p>[et_pb_section fb_built=&#8221;1&#8243; _builder_version=&#8221;4.5.7&#8243; use_background_color_gradient=&#8221;on&#8221; background_color_gradient_start=&#8221;rgba(0,0,0,0.43)&#8221; background_color_gradient_end=&#8221;rgba(0,0,0,0.43)&#8221; background_color_gradient_overlays_image=&#8221;on&#8221; background_image=&#8221;http:\/\/szafranzaun.eu\/wp-content\/uploads\/2021\/01\/slide-1.jpg&#8221; custom_padding=&#8221;0.8%||0.9%||false|false&#8221;][et_pb_row _builder_version=&#8221;3.26.8&#8243; max_width=&#8221;80%&#8221; custom_padding=&#8221;0px|||||&#8221;][et_pb_column type=&#8221;4_4&#8243; _builder_version=&#8221;3.26.8&#8243;][et_pb_text _builder_version=&#8221;4.8.1&#8243; header_font=&#8221;Montserrat|700||on|||||&#8221; header_text_align=&#8221;center&#8221; header_text_color=&#8221;#ffffff&#8221; header_font_size=&#8221;60px&#8221; header_line_height=&#8221;1.6em&#8221; custom_margin=&#8221;34px||4px|||&#8221; animation_style=&#8221;fade&#8221; header_font_size_tablet=&#8221;45px&#8221; header_font_size_phone=&#8221;30px&#8221; header_font_size_last_edited=&#8221;on|desktop&#8221;]<\/p>\n<h1 style=\"text-align: left;\">galeria<\/h1>\n<p>[\/et_pb_text][\/et_pb_column][\/et_pb_row][\/et_pb_section][et_pb_section fb_built=&#8221;1&#8243; _builder_version=&#8221;4.8.1&#8243; _module_preset=&#8221;default&#8221;][et_pb_row _builder_version=&#8221;4.8.1&#8243; _module_preset=&#8221;default&#8221; max_width=&#8221;80%&#8221; custom_padding=&#8221;0px||65px|||&#8221;][et_pb_column type=&#8221;4_4&#8243; _builder_version=&#8221;4.8.1&#8243; _module_preset=&#8221;default&#8221;][et_pb_text _builder_version=&#8221;4.8.1&#8243; _module_preset=&#8221;default&#8221; header_font=&#8221;Roboto||||||||&#8221; header_text_color=&#8221;#0f4f89&#8243; header_line_height=&#8221;1.4em&#8221; custom_margin=&#8221;||9px|||&#8221;]<\/p>\n<h1>GALERIA REALIZACJI<\/h1>\n<p>[\/et_pb_text][et_pb_divider color=&#8221;#91ce00&#8243; divider_weight=&#8221;4px&#8221; _builder_version=&#8221;4.8.1&#8243; _module_preset=&#8221;default&#8221; width=&#8221;13%&#8221; module_alignment=&#8221;left&#8221; custom_margin=&#8221;||15px|||&#8221;][\/et_pb_divider][et_pb_text _builder_version=&#8221;4.8.1&#8243; _module_preset=&#8221;default&#8221; text_font=&#8221;Raleway||||||||&#8221; text_text_color=&#8221;#000000&#8243; text_font_size=&#8221;16px&#8221; text_line_height=&#8221;1.8em&#8221; text_orientation=&#8221;justified&#8221;]<\/p>\n<p>Zach\u0119camy Pa\u0144stwa do obejrzenia galerii naszych realizacji.\u00a0<\/p>\n<p>[\/et_pb_text][\/et_pb_column][\/et_pb_row][et_pb_row _builder_version=&#8221;4.8.1&#8243; _module_preset=&#8221;default&#8221;][et_pb_column type=&#8221;4_4&#8243; _builder_version=&#8221;4.8.1&#8243; _module_preset=&#8221;default&#8221;][et_pb_text _builder_version=&#8221;4.8.1&#8243; _module_preset=&#8221;default&#8221; header_font=&#8221;Roboto||||||||&#8221; header_text_color=&#8221;#0f4f89&#8243; header_line_height=&#8221;1.4em&#8221; custom_margin=&#8221;||9px|||&#8221;]<\/p>\n<h1>OGRODZENIA KUTE I NOWOCZESNE<\/h1>\n<p>[\/et_pb_text][et_pb_divider color=&#8221;#7CDA24&#8243; divider_weight=&#8221;4px&#8221; _builder_version=&#8221;4.8.1&#8243; _module_preset=&#8221;default&#8221; width=&#8221;13%&#8221; module_alignment=&#8221;left&#8221; custom_margin=&#8221;||15px|||&#8221;][\/et_pb_divider][et_pb_gallery gallery_ids=&#8221;51369,51370,51371,51372,51373,51374,51375,51376,51377,51378,51379,51380,51381,51382,51383,51384,51385,51386,51387,51388,51389,51390,51391,51392,51393,51394,51395,51396,51397,51398,51399,51400,51401,51402,51403,51404,51405,51406,51407,51408,51409,51410,51411,51412,51413,51414,51415,51416,51417,51418,51419,51420,51421,51422,51423,51424,51425,51426,51427,51428,51429,51430,51431,51432,51433,51434,51435,51436,51437,51438,51439,51440,51441,51442,51443,51444,51445,51446,51447,51448,51449,51450,51451,51452,51453,51454,51455,51456,51457,51458,51459,51460,51461,51462,51463,51464,51465,51466,51467,51468,51469,51470,51471,51472,51473,51474,51475&#8243; posts_number=&#8221;150&#8243; show_title_and_caption=&#8221;off&#8221; show_pagination=&#8221;off&#8221; zoom_icon_color=&#8221;rgba(0,0,0,0.01)&#8221; hover_overlay_color=&#8221;rgba(0,0,0,0.25)&#8221; _builder_version=&#8221;4.8.1&#8243; _module_preset=&#8221;default&#8221;][\/et_pb_gallery][\/et_pb_column][\/et_pb_row][et_pb_row _builder_version=&#8221;4.9.3&#8243; _module_preset=&#8221;default&#8221;][et_pb_column _builder_version=&#8221;4.9.3&#8243; _module_preset=&#8221;default&#8221; type=&#8221;4_4&#8243;][et_pb_text _builder_version=&#8221;4.9.3&#8243; _module_preset=&#8221;default&#8221; header_font=&#8221;Roboto||||||||&#8221; header_text_color=&#8221;#0f4f89&#8243; header_line_height=&#8221;1.4em&#8221; custom_margin=&#8221;||9px|||&#8221; global_module=&#8221;223944&#8243;]<\/p>\n<h1>ZOBACZ JESZCZE<\/h1>\n<p>[\/et_pb_text][et_pb_divider color=&#8221;#7CDA24&#8243; divider_weight=&#8221;4px&#8221; _builder_version=&#8221;4.8.1&#8243; _module_preset=&#8221;default&#8221; width=&#8221;13%&#8221; module_alignment=&#8221;left&#8221; custom_margin=&#8221;||15px|||&#8221; global_module=&#8221;51579&#8243;][\/et_pb_divider][\/et_pb_column][\/et_pb_row][et_pb_row column_structure=&#8221;1_3,1_3,1_3&#8243; disabled_on=&#8221;off|off|off&#8221; _builder_version=&#8221;4.8.1&#8243; _module_preset=&#8221;default&#8221; custom_padding=&#8221;||0px|||&#8221; global_module=&#8221;51577&#8243;][et_pb_column type=&#8221;1_3&#8243; _builder_version=&#8221;4.8.1&#8243; _module_preset=&#8221;default&#8221;][dizo_image_hover image=&#8221;http:\/\/szafranzaun.eu\/wp-content\/uploads\/2021\/03\/Model3002.jpg&#8221; effect_style=&#8221;modern&#8221; modern_style=&#8221;mdn-bette&#8221; t_prefix=&#8221;Ogrodzenia kute&#8221; content_text=&#8221;<\/p>\n<p>Najwy\u017cszej klasy ogrodzenia kute i nowoczesne wykonane z dba\u0142o\u015bci\u0105 o najmniejszy szczeg\u00f3\u0142<\/p>\n<p>&#8221; content_text_hidden_in_mobile=&#8221;on&#8221; button_url_new_window=&#8221;1&#8243; title_background_bgcolor=&#8221;rgba(0,0,0,0.5)&#8221; text_background_bgcolor=&#8221;rgba(0,0,0,0.75)&#8221; overlay_bgcolor=&#8221;#E02B20&#8243; modern_overlay_color=&#8221;rgba(255,249,249,0)&#8221; module_link_url=&#8221;https:\/\/szafranzaun.eu\/pl\/ogrodzenia-spawane\/&#8221; module_link_url_new_window=&#8221;1&#8243; _builder_version=&#8221;4.9.3&#8243; _module_preset=&#8221;default&#8221; title_text_align=&#8221;right&#8221; custom_margin=&#8221;|-38px|0px||false|false&#8221;][\/dizo_image_hover][\/et_pb_column][et_pb_column type=&#8221;1_3&#8243; _builder_version=&#8221;4.8.1&#8243; _module_preset=&#8221;default&#8221;][dizo_image_hover image=&#8221;http:\/\/szafranzaun.eu\/wp-content\/uploads\/2021\/01\/image11.png&#8221; effect_style=&#8221;modern&#8221; modern_style=&#8221;mdn-bette&#8221; t_prefix=&#8221;Panele ogrodzeniowe&#8221; content_text=&#8221;<\/p>\n<p>Ogrodzenia panelowe zar\u00f3wno przeginane 3D jak i podw\u00f3jne 2D<\/p>\n<p>&#8221; content_text_hidden_in_mobile=&#8221;on&#8221; button_url_new_window=&#8221;1&#8243; title_background_bgcolor=&#8221;rgba(0,0,0,0.5)&#8221; text_background_bgcolor=&#8221;rgba(0,0,0,0.75)&#8221; overlay_bgcolor=&#8221;#E02B20&#8243; modern_overlay_color=&#8221;rgba(255,249,249,0)&#8221; module_link_url=&#8221;https:\/\/szafranzaun.eu\/pl\/ogrodzenia-panelowe\/&#8221; module_link_url_new_window=&#8221;1&#8243; _builder_version=&#8221;4.9.3&#8243; _module_preset=&#8221;default&#8221; title_text_align=&#8221;right&#8221; custom_margin=&#8221;|-19px||-20px|false|false&#8221;][\/dizo_image_hover][\/et_pb_column][et_pb_column type=&#8221;1_3&#8243; _builder_version=&#8221;4.8.1&#8243; _module_preset=&#8221;default&#8221;][dizo_image_hover image=&#8221;http:\/\/szafranzaun.eu\/wp-content\/uploads\/2021\/01\/image111.png&#8221; effect_style=&#8221;modern&#8221; modern_style=&#8221;mdn-bette&#8221; t_prefix=&#8221;Bramy i furtki&#8221; content_text=&#8221;<\/p>\n<p>W ofercie bramy przesuwne, dwuskrzyd\u0142owe oraz furtki. Wype\u0142nienie zgodne z ca\u0142ym ogrodzeniem<\/p>\n<p>&#8221; content_text_hidden_in_mobile=&#8221;on&#8221; button_url_new_window=&#8221;1&#8243; title_background_bgcolor=&#8221;rgba(0,0,0,0.5)&#8221; text_background_bgcolor=&#8221;rgba(0,0,0,0.75)&#8221; overlay_bgcolor=&#8221;#E02B20&#8243; modern_overlay_color=&#8221;rgba(255,249,249,0)&#8221; module_link_url=&#8221;https:\/\/szafranzaun.eu\/pl\/bramy-i-furtki\/&#8221; module_link_url_new_window=&#8221;1&#8243; _builder_version=&#8221;4.9.3&#8243; _module_preset=&#8221;default&#8221; title_text_align=&#8221;right&#8221; custom_margin=&#8221;|||-39px|false|false&#8221;][\/dizo_image_hover][\/et_pb_column][\/et_pb_row][et_pb_row column_structure=&#8221;1_3,1_3,1_3&#8243; disabled_on=&#8221;off|off|off&#8221; _builder_version=&#8221;4.8.1&#8243; _module_preset=&#8221;default&#8221; custom_padding=&#8221;3px|||||&#8221; global_module=&#8221;51578&#8243;][et_pb_column type=&#8221;1_3&#8243; _builder_version=&#8221;4.8.1&#8243; _module_preset=&#8221;default&#8221;][dizo_image_hover image=&#8221;http:\/\/szafranzaun.eu\/wp-content\/uploads\/2021\/03\/image11.png&#8221; effect_style=&#8221;modern&#8221; modern_style=&#8221;mdn-bette&#8221; t_prefix=&#8221;Balustrady balkonowe i schodowe&#8221; content_text=&#8221;<\/p>\n<p>Wykonane na zam\u00f3wienie, idealnie skomponowane balustrady balkonowe i schodowe<\/p>\n<p>&#8221; content_text_hidden_in_mobile=&#8221;on&#8221; button_url_new_window=&#8221;1&#8243; title_background_bgcolor=&#8221;rgba(0,0,0,0.5)&#8221; text_background_bgcolor=&#8221;rgba(0,0,0,0.75)&#8221; overlay_bgcolor=&#8221;#E02B20&#8243; modern_overlay_color=&#8221;rgba(255,249,249,0)&#8221; module_link_url=&#8221;https:\/\/szafranzaun.eu\/pl\/balustrady-i-schody\/&#8221; module_link_url_new_window=&#8221;1&#8243; _builder_version=&#8221;4.9.3&#8243; _module_preset=&#8221;default&#8221; title_text_align=&#8221;right&#8221; custom_margin=&#8221;|-38px|0px||false|false&#8221; custom_padding=&#8221;0px|||||&#8221;][\/dizo_image_hover][\/et_pb_column][et_pb_column type=&#8221;1_3&#8243; _builder_version=&#8221;4.8.1&#8243; _module_preset=&#8221;default&#8221;][dizo_image_hover image=&#8221;http:\/\/szafranzaun.eu\/wp-content\/uploads\/2021\/01\/Projekt-bez-tytulu.png&#8221; effect_style=&#8221;modern&#8221; modern_style=&#8221;mdn-bette&#8221; t_prefix=&#8221;Dodatkowe akcesoria&#8221; content_text=&#8221;<\/p>\n<p style=%22text-align: center;%22>Do ca\u0142o\u015bci ogrodzenia proponujemy m.in.:<\/p>\n<p style=%22text-align: center;%22>&#8211; Podmur\u00f3wka prefabrykowana<\/p>\n<p style=%22text-align: center;%22>&#8211; Nap\u0119d bramy<\/p>\n<p style=%22text-align: center;%22>&#8211; Skrzynka na listy<\/p>\n<p>&#8221; content_text_hidden_in_mobile=&#8221;on&#8221; button_url_new_window=&#8221;1&#8243; title_background_bgcolor=&#8221;rgba(0,0,0,0.5)&#8221; text_background_bgcolor=&#8221;rgba(0,0,0,0.75)&#8221; overlay_bgcolor=&#8221;#E02B20&#8243; modern_overlay_color=&#8221;rgba(255,249,249,0)&#8221; module_link_url=&#8221;https:\/\/szafranzaun.eu\/pl\/akcesoria\/&#8221; module_link_url_new_window=&#8221;1&#8243; _builder_version=&#8221;4.9.3&#8243; _module_preset=&#8221;default&#8221; title_text_align=&#8221;right&#8221; custom_margin=&#8221;|-19px||-20px|false|false&#8221;][\/dizo_image_hover][\/et_pb_column][et_pb_column type=&#8221;1_3&#8243; _builder_version=&#8221;4.8.1&#8243; _module_preset=&#8221;default&#8221;][dizo_image_hover image=&#8221;http:\/\/szafranzaun.eu\/wp-content\/uploads\/2021\/03\/photo2-1024&#215;683.png&#8221; effect_style=&#8221;modern&#8221; modern_style=&#8221;mdn-bette&#8221; t_prefix=&#8221;Malarnia proszkowa&#8221; content_text=&#8221;<\/p>\n<p>Wszystkie produkowane przez nas ogrodzenia malowane s\u0105 metod\u0105 elektrostatyczn\u0105 w nowoczesnej linii lakierniczej.<\/p>\n<p>&#8221; content_text_hidden_in_mobile=&#8221;on&#8221; button_url_new_window=&#8221;1&#8243; title_background_bgcolor=&#8221;rgba(0,0,0,0.5)&#8221; text_background_bgcolor=&#8221;rgba(0,0,0,0.75)&#8221; overlay_bgcolor=&#8221;#E02B20&#8243; modern_overlay_color=&#8221;rgba(255,249,249,0)&#8221; module_link_url=&#8221;https:\/\/szafranzaun.eu\/pl\/malarnia-proszkowa\/&#8221; module_link_url_new_window=&#8221;1&#8243; _builder_version=&#8221;4.9.3&#8243; _module_preset=&#8221;default&#8221; title_text_align=&#8221;right&#8221; custom_margin=&#8221;|||-39px|false|false&#8221;][\/dizo_image_hover][\/et_pb_column][\/et_pb_row][et_pb_row column_structure=&#8221;1_2,1_2&#8243; _builder_version=&#8221;4.8.1&#8243; _module_preset=&#8221;default&#8221; saved_tabs=&#8221;all&#8221; global_module=&#8221;223928&#8243;][et_pb_column type=&#8221;1_2&#8243; _builder_version=&#8221;4.8.1&#8243; _module_preset=&#8221;default&#8221;][et_pb_text _builder_version=&#8221;4.8.1&#8243; _module_preset=&#8221;default&#8221;]<\/p>\n<p><strong>Dane rejestrowe:<\/strong><\/p>\n<p>Szafran Zaune aus Polen Sylwia Szafran<\/p>\n<p>ul. Klonowa 1<\/p>\n<p>66-620 Gubin<\/p>\n<p>NIP:\u00a0<span>743-19-71-781<\/span><\/p>\n<p>REGON:\u00a0<span>365945686<\/span><\/p>\n<p><span><\/span><\/p>\n<p><strong>Zak\u0142ad produkcyjny: <\/strong><\/p>\n<p><span>ul. Kresowa 84, 66-620 Gubin<\/span><\/p>\n<p>[\/et_pb_text][et_pb_contact_form email=&#8221;dagmara.szafran.ploty@gmail.com&#8221; _builder_version=&#8221;4.8.1&#8243; _module_preset=&#8221;default&#8221; border_radii=&#8221;on|3px|3px|3px|3px&#8221; border_width_all=&#8221;1px&#8221;][et_pb_contact_field field_id=&#8221;Name&#8221; field_title=&#8221;Nazwa&#8221; _builder_version=&#8221;3.16&#8243; button_text_size__hover_enabled=&#8221;off&#8221; button_one_text_size__hover_enabled=&#8221;off&#8221; button_two_text_size__hover_enabled=&#8221;off&#8221; button_text_color__hover_enabled=&#8221;off&#8221; button_one_text_color__hover_enabled=&#8221;off&#8221; button_two_text_color__hover_enabled=&#8221;off&#8221; button_border_width__hover_enabled=&#8221;off&#8221; button_one_border_width__hover_enabled=&#8221;off&#8221; button_two_border_width__hover_enabled=&#8221;off&#8221; button_border_color__hover_enabled=&#8221;off&#8221; button_one_border_color__hover_enabled=&#8221;off&#8221; button_two_border_color__hover_enabled=&#8221;off&#8221; button_border_radius__hover_enabled=&#8221;off&#8221; button_one_border_radius__hover_enabled=&#8221;off&#8221; button_two_border_radius__hover_enabled=&#8221;off&#8221; button_letter_spacing__hover_enabled=&#8221;off&#8221; button_one_letter_spacing__hover_enabled=&#8221;off&#8221; button_two_letter_spacing__hover_enabled=&#8221;off&#8221; button_bg_color__hover_enabled=&#8221;off&#8221; button_one_bg_color__hover_enabled=&#8221;off&#8221; button_two_bg_color__hover_enabled=&#8221;off&#8221;][\/et_pb_contact_field][et_pb_contact_field field_id=&#8221;Email&#8221; field_title=&#8221;Adres mejlowy&#8221; field_type=&#8221;email&#8221; _builder_version=&#8221;3.16&#8243; button_text_size__hover_enabled=&#8221;off&#8221; button_one_text_size__hover_enabled=&#8221;off&#8221; button_two_text_size__hover_enabled=&#8221;off&#8221; button_text_color__hover_enabled=&#8221;off&#8221; button_one_text_color__hover_enabled=&#8221;off&#8221; button_two_text_color__hover_enabled=&#8221;off&#8221; button_border_width__hover_enabled=&#8221;off&#8221; button_one_border_width__hover_enabled=&#8221;off&#8221; button_two_border_width__hover_enabled=&#8221;off&#8221; button_border_color__hover_enabled=&#8221;off&#8221; button_one_border_color__hover_enabled=&#8221;off&#8221; button_two_border_color__hover_enabled=&#8221;off&#8221; button_border_radius__hover_enabled=&#8221;off&#8221; button_one_border_radius__hover_enabled=&#8221;off&#8221; button_two_border_radius__hover_enabled=&#8221;off&#8221; button_letter_spacing__hover_enabled=&#8221;off&#8221; button_one_letter_spacing__hover_enabled=&#8221;off&#8221; button_two_letter_spacing__hover_enabled=&#8221;off&#8221; button_bg_color__hover_enabled=&#8221;off&#8221; button_one_bg_color__hover_enabled=&#8221;off&#8221; button_two_bg_color__hover_enabled=&#8221;off&#8221;][\/et_pb_contact_field][et_pb_contact_field field_id=&#8221;Message&#8221; field_title=&#8221;Wiadomo\u015b\u0107&#8221; field_type=&#8221;text&#8221; fullwidth_field=&#8221;on&#8221; _builder_version=&#8221;3.16&#8243; button_text_size__hover_enabled=&#8221;off&#8221; button_one_text_size__hover_enabled=&#8221;off&#8221; button_two_text_size__hover_enabled=&#8221;off&#8221; button_text_color__hover_enabled=&#8221;off&#8221; button_one_text_color__hover_enabled=&#8221;off&#8221; button_two_text_color__hover_enabled=&#8221;off&#8221; button_border_width__hover_enabled=&#8221;off&#8221; button_one_border_width__hover_enabled=&#8221;off&#8221; button_two_border_width__hover_enabled=&#8221;off&#8221; button_border_color__hover_enabled=&#8221;off&#8221; button_one_border_color__hover_enabled=&#8221;off&#8221; button_two_border_color__hover_enabled=&#8221;off&#8221; button_border_radius__hover_enabled=&#8221;off&#8221; button_one_border_radius__hover_enabled=&#8221;off&#8221; button_two_border_radius__hover_enabled=&#8221;off&#8221; button_letter_spacing__hover_enabled=&#8221;off&#8221; button_one_letter_spacing__hover_enabled=&#8221;off&#8221; button_two_letter_spacing__hover_enabled=&#8221;off&#8221; button_bg_color__hover_enabled=&#8221;off&#8221; button_one_bg_color__hover_enabled=&#8221;off&#8221; button_two_bg_color__hover_enabled=&#8221;off&#8221;][\/et_pb_contact_field][\/et_pb_contact_form][\/et_pb_column][et_pb_column type=&#8221;1_2&#8243; _builder_version=&#8221;4.8.1&#8243; _module_preset=&#8221;default&#8221;][et_pb_text _builder_version=&#8221;4.9.3&#8243; _module_preset=&#8221;default&#8221;]<\/p>\n<p><strong>Sprzeda\u017c detaliczna i hurtowa<\/strong>\u00a0<\/p>\n<p><img loading=\"lazy\" decoding=\"async\" data-src=\"http:\/\/szafranzaun.eu\/wp-content\/uploads\/2021\/03\/obraz_2021-03-29_085059-1024x1024.png\" width=\"44\" height=\"44\" alt=\"\" class=\"wp-image-51641 alignnone size-large lazyload\" src=\"data:image\/gif;base64,R0lGODlhAQABAAAAACH5BAEKAAEALAAAAAABAAEAAAICTAEAOw==\" style=\"--smush-placeholder-width: 44px; --smush-placeholder-aspect-ratio: 44\/44;\" \/><noscript><img loading=\"lazy\" decoding=\"async\" data-src=\"http:\/\/szafranzaun.eu\/wp-content\/uploads\/2021\/03\/obraz_2021-03-29_085059-1024x1024.png\" width=\"44\" height=\"44\" alt=\"\" class=\"wp-image-51641 alignnone size-large lazyload\" src=\"data:image\/gif;base64,R0lGODlhAQABAAAAACH5BAEKAAEALAAAAAABAAEAAAICTAEAOw==\" style=\"--smush-placeholder-width: 44px; --smush-placeholder-aspect-ratio: 44\/44;\" \/><noscript><img loading=\"lazy\" decoding=\"async\" src=\"http:\/\/szafranzaun.eu\/wp-content\/uploads\/2021\/03\/obraz_2021-03-29_085059-1024x1024.png\" width=\"44\" height=\"44\" alt=\"\" class=\"wp-image-51641 alignnone size-large\" \/><\/noscript><\/noscript>+48 696 193 382<\/p>\n<p><img loading=\"lazy\" decoding=\"async\" data-src=\"http:\/\/szafranzaun.eu\/wp-content\/uploads\/2021\/03\/email-ikona-odizolowywajaca-na-bialym-tle-106510001.jpg\" width=\"39\" height=\"39\" alt=\"\" class=\"wp-image-51644 alignnone size-full lazyload\" src=\"data:image\/gif;base64,R0lGODlhAQABAAAAACH5BAEKAAEALAAAAAABAAEAAAICTAEAOw==\" style=\"--smush-placeholder-width: 39px; --smush-placeholder-aspect-ratio: 39\/39;\" \/><noscript><img loading=\"lazy\" decoding=\"async\" data-src=\"http:\/\/szafranzaun.eu\/wp-content\/uploads\/2021\/03\/email-ikona-odizolowywajaca-na-bialym-tle-106510001.jpg\" width=\"39\" height=\"39\" alt=\"\" class=\"wp-image-51644 alignnone size-full lazyload\" src=\"data:image\/gif;base64,R0lGODlhAQABAAAAACH5BAEKAAEALAAAAAABAAEAAAICTAEAOw==\" style=\"--smush-placeholder-width: 39px; --smush-placeholder-aspect-ratio: 39\/39;\" \/><noscript><img loading=\"lazy\" decoding=\"async\" src=\"http:\/\/szafranzaun.eu\/wp-content\/uploads\/2021\/03\/email-ikona-odizolowywajaca-na-bialym-tle-106510001.jpg\" width=\"39\" height=\"39\" alt=\"\" class=\"wp-image-51644 alignnone size-full\" \/><\/noscript><\/noscript><a href=\"mailto:dagmara.szafran.ploty@gmail.com\">dagmara@szafranzaun.eu<\/a><\/p>\n<p><img loading=\"lazy\" decoding=\"async\" data-src=\"http:\/\/szafranzaun.eu\/wp-content\/uploads\/2021\/03\/kreska.png\" width=\"168\" height=\"5\" alt=\"\" class=\"wp-image-51646 alignnone size-full lazyload\" data-srcset=\"https:\/\/szafranzaun.eu\/pl\/wp-content\/uploads\/2021\/03\/kreska.png 168w, https:\/\/szafranzaun.eu\/pl\/wp-content\/uploads\/2021\/03\/kreska-150x5.png 150w\" data-sizes=\"(max-width: 168px) 100vw, 168px\" src=\"data:image\/gif;base64,R0lGODlhAQABAAAAACH5BAEKAAEALAAAAAABAAEAAAICTAEAOw==\" style=\"--smush-placeholder-width: 168px; --smush-placeholder-aspect-ratio: 168\/5;\" \/><noscript><img loading=\"lazy\" decoding=\"async\" src=\"http:\/\/szafranzaun.eu\/wp-content\/uploads\/2021\/03\/kreska.png\" width=\"168\" height=\"5\" alt=\"\" class=\"wp-image-51646 alignnone size-full\" srcset=\"https:\/\/szafranzaun.eu\/pl\/wp-content\/uploads\/2021\/03\/kreska.png 168w, https:\/\/szafranzaun.eu\/pl\/wp-content\/uploads\/2021\/03\/kreska-150x5.png 150w\" sizes=\"(max-width: 168px) 100vw, 168px\" \/><\/noscript><\/p>\n<p><strong>Sprzeda\u017c hurtowa oraz przetargi<\/strong> \u00a0<\/p>\n<p><img loading=\"lazy\" decoding=\"async\" data-src=\"http:\/\/szafranzaun.eu\/wp-content\/uploads\/2021\/03\/obraz_2021-03-29_085059-1024x1024.png\" width=\"44\" height=\"44\" alt=\"\" class=\"wp-image-51641 alignnone size-large lazyload\" src=\"data:image\/gif;base64,R0lGODlhAQABAAAAACH5BAEKAAEALAAAAAABAAEAAAICTAEAOw==\" style=\"--smush-placeholder-width: 44px; --smush-placeholder-aspect-ratio: 44\/44;\" \/><noscript><img loading=\"lazy\" decoding=\"async\" data-src=\"http:\/\/szafranzaun.eu\/wp-content\/uploads\/2021\/03\/obraz_2021-03-29_085059-1024x1024.png\" width=\"44\" height=\"44\" alt=\"\" class=\"wp-image-51641 alignnone size-large lazyload\" src=\"data:image\/gif;base64,R0lGODlhAQABAAAAACH5BAEKAAEALAAAAAABAAEAAAICTAEAOw==\" style=\"--smush-placeholder-width: 44px; --smush-placeholder-aspect-ratio: 44\/44;\" \/><noscript><img loading=\"lazy\" decoding=\"async\" src=\"http:\/\/szafranzaun.eu\/wp-content\/uploads\/2021\/03\/obraz_2021-03-29_085059-1024x1024.png\" width=\"44\" height=\"44\" alt=\"\" class=\"wp-image-51641 alignnone size-large\" \/><\/noscript><\/noscript>+48 787 078 658<\/p>\n<p><img loading=\"lazy\" decoding=\"async\" data-src=\"http:\/\/szafranzaun.eu\/wp-content\/uploads\/2021\/03\/email-ikona-odizolowywajaca-na-bialym-tle-106510001.jpg\" width=\"39\" height=\"39\" alt=\"\" class=\"wp-image-51644 alignnone size-full lazyload\" src=\"data:image\/gif;base64,R0lGODlhAQABAAAAACH5BAEKAAEALAAAAAABAAEAAAICTAEAOw==\" style=\"--smush-placeholder-width: 39px; --smush-placeholder-aspect-ratio: 39\/39;\" \/><noscript><img loading=\"lazy\" decoding=\"async\" data-src=\"http:\/\/szafranzaun.eu\/wp-content\/uploads\/2021\/03\/email-ikona-odizolowywajaca-na-bialym-tle-106510001.jpg\" width=\"39\" height=\"39\" alt=\"\" class=\"wp-image-51644 alignnone size-full lazyload\" src=\"data:image\/gif;base64,R0lGODlhAQABAAAAACH5BAEKAAEALAAAAAABAAEAAAICTAEAOw==\" style=\"--smush-placeholder-width: 39px; --smush-placeholder-aspect-ratio: 39\/39;\" \/><noscript><img loading=\"lazy\" decoding=\"async\" src=\"http:\/\/szafranzaun.eu\/wp-content\/uploads\/2021\/03\/email-ikona-odizolowywajaca-na-bialym-tle-106510001.jpg\" width=\"39\" height=\"39\" alt=\"\" class=\"wp-image-51644 alignnone size-full\" \/><\/noscript><\/noscript><a href=\"mailto:info@szafran-fence.com\">lukasz@szafranzaun.eu<\/a><\/p>\n<p>&nbsp;<\/p>\n<p>&nbsp;<\/p>\n<p>&nbsp;<\/p>\n<p>[\/et_pb_text][\/et_pb_column][\/et_pb_row][\/et_pb_section]<\/p>\n","protected":false},"excerpt":{"rendered":"<p>galeriaGALERIA REALIZACJIZach\u0119camy Pa\u0144stwa do obejrzenia galerii naszych realizacji.\u00a0OGRODZENIA KUTE I NOWOCZESNEZOBACZ JESZCZE<div class=\"et_pb_module dizo_image_hover dizo_image_hover_0 dizo_bg_img\">\n\t\t\t\t\n\t\t\t\t\n\t\t\t\t\n\t\t\t\t\n\t\t\t\t\n\t\t\t\t\n\t\t\t\t<div class=\"et_pb_module_inner\">\n\t\t\t\t\t<div class=\"dih_container \">\r\n\t\t\t\t<div class = \"dih_img_wrapper modern_style mdn-bette\">\r\n\t\t\t\t\t<div class = \"dih_image\"><img decoding=\"async\" data-src=\"http:\/\/szafranzaun.eu\/wp-content\/uploads\/2021\/03\/Model3002.jpg\" alt=\"\" src=\"data:image\/gif;base64,R0lGODlhAQABAAAAACH5BAEKAAEALAAAAAABAAEAAAICTAEAOw==\" class=\"lazyload\" \/><noscript><img decoding=\"async\" src=\"http:\/\/szafranzaun.eu\/wp-content\/uploads\/2021\/03\/Model3002.jpg\" alt=\"\"\/><\/noscript><\/div>\r\n\t\t\t\t\t<span class =\"modern_img_overlay\"><\/span>\r\n\t\t\t\t\t\r\n\t\t\t\t\t<div class =\"dih_content_wrapper\">\r\n\t\t\t\t\t\t<div class = \"dih_content\">\r\n\t\t\t\t\t\t<h2 class = \"dih_title\">\r\n\t\t\t<span class = \"prefix\">Ogrodzenia kute<\/span> \r\n\t\t\t \r\n\t\t\t\r\n\t\t\t<\/h2>\r\n\t\t\t\t\t\t<div class =\"dih_text\">\r\n\t\t\t Najwy\u017cszej klasy ogrodzenia kute i nowoczesne wykonane z dba\u0142o\u015bci\u0105 o najmniejszy szczeg\u00f3\u0142 \r\n\t\t\t\r\n\t\t\t<\/div>\r\n\t\t\t\t\t\t\r\n\t\t\t\t\t\t<\/div>\r\n\t\t\t\t<\/div>\r\n\t\t\t\t<a class= \"dih_link\" href=\"https:\/\/szafranzaun.eu\/pl\/ogrodzenia-spawane\/\" ><\/a>\r\n\t\t\t<\/div>\r\n\t\t\t<\/div>\n\t\t\t\t<\/div>\n\t\t\t<\/div><div class=\"et_pb_module dizo_image_hover dizo_image_hover_1 dizo_bg_img\">\n\t\t\t\t\n\t\t\t\t\n\t\t\t\t\n\t\t\t\t\n\t\t\t\t\n\t\t\t\t\n\t\t\t\t<div class=\"et_pb_module_inner\">\n\t\t\t\t\t<div class=\"dih_container \">\r\n\t\t\t\t<div class = \"dih_img_wrapper \">\r\n\t\t\t\t\t<div class = \"dih_image\"><img decoding=\"async\" src=\"\" alt=\"\"\/><\/div>\r\n\t\t\t\t\t\r\n\t\t\t\t\t\r\n\t\t\t\t\t<div class =\"dih_content_wrapper\">\r\n\t\t\t\t\t\t<div class = \"dih_content\">\r\n\t\t\t\t\t\t<h2 class = \"dih_title\">\r\n\t\t\t<span class = \"prefix\">&#8221;Panele<\/span> \r\n\t\t\t \r\n\t\t\t\r\n\t\t\t<\/h2>\r\n\t\t\t\t\t\t<div class =\"dih_text\">\r\n\t\t\t&#8221;\r\n\t\t\t\r\n\t\t\t<\/div>\r\n\t\t\t\t\t\t\r\n\t\t\t\t\t\t<\/div>\r\n\t\t\t\t<\/div>\r\n\t\t\t\t\r\n\t\t\t<\/div>\r\n\t\t\t<\/div>\n\t\t\t\t<\/div>\n\t\t\t<\/div><\/p>\n","protected":false},"author":1,"featured_media":0,"parent":0,"menu_order":0,"comment_status":"closed","ping_status":"closed","template":"","meta":{"_et_pb_use_builder":"on","_et_pb_old_content":"","_et_gb_content_width":"","footnotes":""},"class_list":["post-10","page","type-page","status-publish","hentry"],"_links":{"self":[{"href":"https:\/\/szafranzaun.eu\/pl\/wp-json\/wp\/v2\/pages\/10"}],"collection":[{"href":"https:\/\/szafranzaun.eu\/pl\/wp-json\/wp\/v2\/pages"}],"about":[{"href":"https:\/\/szafranzaun.eu\/pl\/wp-json\/wp\/v2\/types\/page"}],"author":[{"embeddable":true,"href":"https:\/\/szafranzaun.eu\/pl\/wp-json\/wp\/v2\/users\/1"}],"replies":[{"embeddable":true,"href":"https:\/\/szafranzaun.eu\/pl\/wp-json\/wp\/v2\/comments?post=10"}],"version-history":[{"count":4,"href":"https:\/\/szafranzaun.eu\/pl\/wp-json\/wp\/v2\/pages\/10\/revisions"}],"predecessor-version":[{"id":223955,"href":"https:\/\/szafranzaun.eu\/pl\/wp-json\/wp\/v2\/pages\/10\/revisions\/223955"}],"wp:attachment":[{"href":"https:\/\/szafranzaun.eu\/pl\/wp-json\/wp\/v2\/media?parent=10"}],"curies":[{"name":"wp","href":"https:\/\/api.w.org\/{rel}","templated":true}]}}