{"id":12,"date":"2021-01-12T07:56:27","date_gmt":"2021-01-12T06:56:27","guid":{"rendered":"http:\/\/szafranzaun.eu\/index.php\/blog\/"},"modified":"2021-09-02T08:54:24","modified_gmt":"2021-09-02T06:54:24","slug":"blog","status":"publish","type":"page","link":"https:\/\/szafranzaun.eu\/pl\/blog\/","title":{"rendered":"BLOG"},"content":{"rendered":"<p>[et_pb_section fb_built=&#8221;1&#8243; _builder_version=&#8221;4.5.7&#8243; use_background_color_gradient=&#8221;on&#8221; background_color_gradient_start=&#8221;rgba(0,0,0,0.43)&#8221; background_color_gradient_end=&#8221;rgba(0,0,0,0.43)&#8221; background_color_gradient_overlays_image=&#8221;on&#8221; background_image=&#8221;http:\/\/szafranzaun.eu\/wp-content\/uploads\/2021\/01\/slide-1.jpg&#8221; custom_padding=&#8221;0.8%||0.9%||false|false&#8221;][et_pb_row _builder_version=&#8221;3.26.8&#8243; max_width=&#8221;80%&#8221; custom_padding=&#8221;0px|||||&#8221;][et_pb_column type=&#8221;4_4&#8243; _builder_version=&#8221;3.26.8&#8243;][et_pb_text _builder_version=&#8221;4.8.1&#8243; header_font=&#8221;Montserrat|700||on|||||&#8221; header_text_align=&#8221;center&#8221; header_text_color=&#8221;#ffffff&#8221; header_font_size=&#8221;60px&#8221; header_line_height=&#8221;1.6em&#8221; custom_margin=&#8221;34px||4px|||&#8221; animation_style=&#8221;fade&#8221; header_font_size_tablet=&#8221;45px&#8221; header_font_size_phone=&#8221;30px&#8221; header_font_size_last_edited=&#8221;on|desktop&#8221;]<\/p>\n<h1 style=\"text-align: left;\">blog<\/h1>\n<p>[\/et_pb_text][\/et_pb_column][\/et_pb_row][\/et_pb_section][et_pb_section fb_built=&#8221;1&#8243; _builder_version=&#8221;4.8.1&#8243; _module_preset=&#8221;default&#8221;][et_pb_row _builder_version=&#8221;4.8.1&#8243; _module_preset=&#8221;default&#8221; max_width=&#8221;80%&#8221; custom_padding=&#8221;0px||65px|||&#8221;][et_pb_column type=&#8221;4_4&#8243; _builder_version=&#8221;4.8.1&#8243; _module_preset=&#8221;default&#8221;][et_pb_text _builder_version=&#8221;4.9.3&#8243; _module_preset=&#8221;default&#8221; header_font=&#8221;Roboto||||||||&#8221; header_text_color=&#8221;#0f4f89&#8243; header_line_height=&#8221;1.4em&#8221; custom_margin=&#8221;||9px|||&#8221;]<\/p>\n<h2 style=\"font-family: 'Roboto',Helvetica,Arial,Lucida,sans-serif;color: #0f4f89 !important;line-height: 1.4em;font-size: 30px;\">BLOG<\/h2>\n<p>[\/et_pb_text][et_pb_divider color=&#8221;#7CDA24&#8243; divider_weight=&#8221;4px&#8221; _builder_version=&#8221;4.8.1&#8243; _module_preset=&#8221;default&#8221; width=&#8221;13%&#8221; module_alignment=&#8221;left&#8221; custom_margin=&#8221;||15px|||&#8221;][\/et_pb_divider][et_pb_text _builder_version=&#8221;4.9.3&#8243; _module_preset=&#8221;default&#8221; text_text_color=&#8221;#000000&#8243; header_font=&#8221;Roboto||||||||&#8221; header_text_color=&#8221;#0f4f89&#8243; header_line_height=&#8221;1.4em&#8221; custom_margin=&#8221;||9px|||&#8221; link_option_url=&#8221;https:\/\/szafranzaun.eu\/pl\/blog\/5-korzysci-z-zakupu-bramy-na-zamowienie\/&#8221; hover_enabled=&#8221;0&#8243; sticky_enabled=&#8221;0&#8243;]<\/p>\n<h2 style=\"font-family: 'Roboto',Helvetica,Arial,Lucida,sans-serif; color: #0f4f89 !important; line-height: 1.4em; font-size: 30px;\"><span style=\"color: #000000;\">5 KORZY\u015aCI Z ZAKUPU BRAMY NA ZAM\u00d3WIENIE<\/span><\/h2>\n<p>[\/et_pb_text][et_pb_divider color=&#8221;#7CDA24&#8243; divider_weight=&#8221;4px&#8221; _builder_version=&#8221;4.8.1&#8243; _module_preset=&#8221;default&#8221; width=&#8221;13%&#8221; module_alignment=&#8221;left&#8221; custom_margin=&#8221;||15px|||&#8221;][\/et_pb_divider][et_pb_image src=&#8221;http:\/\/szafranzaun.eu\/wp-content\/uploads\/2021\/03\/brama-kuta.jpg&#8221; title_text=&#8221;wrought iron fence&#8221; url=&#8221;https:\/\/szafranzaun.eu\/pl\/blog\/5-korzysci-z-zakupu-bramy-na-zamowienie\/&#8221; _builder_version=&#8221;4.9.3&#8243; _module_preset=&#8221;default&#8221; hover_enabled=&#8221;0&#8243; sticky_enabled=&#8221;0&#8243;][\/et_pb_image][et_pb_text _builder_version=&#8221;4.8.1&#8243; _module_preset=&#8221;default&#8221;]<\/p>\n<p><span>Wyb\u00f3r bramy wjazdowej nie\u00a0jest \u0142atwy. Do\u00a0dyspozycji mamy dost\u0119pne w\u00a0ka\u017cdym markecie budowlanym produkty oraz\u00a0m.in. unikalne, kute bramy wjazdowe, kt\u00f3re odznaczaj\u0105\u00a0si\u0119 nie\u00a0tylko\u00a0wi\u0119ksz\u0105 trwa\u0142o\u015bci\u0105, ale\u00a0tak\u017ce niepowtarzalnym designem. Opcja ta\u00a0jest coraz ch\u0119tniej wybierana przez w\u0142a\u015bcicieli nieruchomo\u015bci. Wyja\u015bniamy, dlaczego warto zdecydowa\u0107\u00a0si\u0119 na\u00a0zakup bramy na\u00a0zam\u00f3wienie.<\/span><\/p>\n<p>[\/et_pb_text][et_pb_button button_url=&#8221;https:\/\/szafranzaun.eu\/pl\/blog\/5-korzysci-z-zakupu-bramy-na-zamowienie\/&#8221; button_text=&#8221;Czytaj wi\u0119cej&#8221; button_alignment=&#8221;left&#8221; _builder_version=&#8221;4.9.3&#8243; _module_preset=&#8221;default&#8221; custom_button=&#8221;on&#8221; button_text_size=&#8221;21px&#8221; button_text_color=&#8221;#FFFFFF&#8221; button_bg_color=&#8221;#3771c8&#8243; button_border_radius=&#8221;6px&#8221; button_letter_spacing=&#8221;0px&#8221; button_icon=&#8221;%%3%%&#8221; button_icon_color=&#8221;#FFFFFF&#8221; button_on_hover=&#8221;off&#8221; hover_enabled=&#8221;0&#8243; sticky_enabled=&#8221;0&#8243;][\/et_pb_button][et_pb_text _builder_version=&#8221;4.9.3&#8243; _module_preset=&#8221;default&#8221; header_font=&#8221;Roboto||||||||&#8221; header_text_color=&#8221;#0f4f89&#8243; header_line_height=&#8221;1.4em&#8221; custom_margin=&#8221;||9px|||&#8221; link_option_url=&#8221;https:\/\/szafranzaun.eu\/pl\/blog\/na-co-zwrocic-uwage-dobierajac-ogrodzenie-zewnetrzne\/&#8221; hover_enabled=&#8221;0&#8243; sticky_enabled=&#8221;0&#8243;]<\/p>\n<h2 style=\"font-family: 'Roboto',Helvetica,Arial,Lucida,sans-serif; color: #0f4f89 !important; line-height: 1.4em; font-size: 30px;\"><span style=\"color: #000000;\">NA CO ZWR\u00d3CI\u0106 UWAG\u0118 DOBIERAJ\u0104C OGRODZENIE ZEWN\u0118TRZNE?<\/span><\/h2>\n<p>[\/et_pb_text][et_pb_divider color=&#8221;#7CDA24&#8243; divider_weight=&#8221;4px&#8221; _builder_version=&#8221;4.8.1&#8243; _module_preset=&#8221;default&#8221; width=&#8221;13%&#8221; module_alignment=&#8221;left&#8221; custom_margin=&#8221;||15px|||&#8221;][\/et_pb_divider][et_pb_image src=&#8221;http:\/\/szafranzaun.eu\/wp-content\/uploads\/2021\/03\/ogrodzenia-zewnetrzne.jpg&#8221; title_text=&#8221;Spacious house with garage&#8221; url=&#8221;https:\/\/szafranzaun.eu\/pl\/blog\/na-co-zwrocic-uwage-dobierajac-ogrodzenie-zewnetrzne\/&#8221; align=&#8221;center&#8221; _builder_version=&#8221;4.9.3&#8243; _module_preset=&#8221;default&#8221; hover_enabled=&#8221;0&#8243; sticky_enabled=&#8221;0&#8243;][\/et_pb_image][et_pb_text _builder_version=&#8221;4.8.1&#8243; _module_preset=&#8221;default&#8221;]<\/p>\n<p><span>Ogrodzenie to\u00a0wa\u017cny element, kt\u00f3ry ma wp\u0142yw na\u00a0wygl\u0105d ca\u0142ej naszej posesji i\u00a0zwraca uwag\u0119 przechodni\u00f3w. Pe\u0142ni wiele funkcji jednocze\u015bnie: wp\u0142ywa na\u00a0estetyk\u0119, chroni przed nieproszonymi go\u015b\u0107mi, zapewnia prywatno\u015b\u0107 i\u00a0odgradza od\u00a0\u015bwiata zewn\u0119trznego. Jednak jak dobra\u0107 ogrodzenie tak, by\u00a0rzeczywi\u015bcie \u0142\u0105czy\u0142o w\u00a0sobie wszystkie te cechy? Na\u00a0co warto zwr\u00f3ci\u0107 uwag\u0119? I\u00a0jak wybra\u0107 jedn\u0105, wymarzon\u0105 propozycj\u0119 w\u00a0g\u0105szczu wszystkich dost\u0119pnych opcji? Temat ten\u00a0omawiamy w\u00a0naszym artykule.<\/span><\/p>\n<p>[\/et_pb_text][et_pb_button button_url=&#8221;https:\/\/szafranzaun.eu\/pl\/blog\/na-co-zwrocic-uwage-dobierajac-ogrodzenie-zewnetrzne\/&#8221; button_text=&#8221;Czytaj wi\u0119cej&#8221; button_alignment=&#8221;left&#8221; _builder_version=&#8221;4.9.3&#8243; _module_preset=&#8221;default&#8221; custom_button=&#8221;on&#8221; button_text_size=&#8221;21px&#8221; button_text_color=&#8221;#FFFFFF&#8221; button_bg_color=&#8221;#3771c8&#8243; button_border_radius=&#8221;6px&#8221; button_letter_spacing=&#8221;0px&#8221; button_icon=&#8221;%%3%%&#8221; button_icon_color=&#8221;#FFFFFF&#8221; button_on_hover=&#8221;off&#8221; hover_enabled=&#8221;0&#8243; sticky_enabled=&#8221;0&#8243;][\/et_pb_button][et_pb_text _builder_version=&#8221;4.9.3&#8243; _module_preset=&#8221;default&#8221; header_font=&#8221;Roboto||||||||&#8221; header_text_color=&#8221;#0f4f89&#8243; header_line_height=&#8221;1.4em&#8221; custom_margin=&#8221;||9px|||&#8221; link_option_url=&#8221;https:\/\/szafranzaun.eu\/pl\/blog\/10-zalet-bram-cynkowanych-i-malowanych-proszkowo&#8221; hover_enabled=&#8221;0&#8243; sticky_enabled=&#8221;0&#8243;]<\/p>\n<h2 style=\"font-family: 'Roboto',Helvetica,Arial,Lucida,sans-serif; color: #0f4f89 !important; line-height: 1.4em; font-size: 30px;\"><span style=\"color: #000000;\">10 ZALET BRAM CYNKOWANYCH OGNIOWO I MALOWANYCH PROSZKOWO<\/span><\/h2>\n<p>[\/et_pb_text][et_pb_divider color=&#8221;#7CDA24&#8243; divider_weight=&#8221;4px&#8221; _builder_version=&#8221;4.8.1&#8243; _module_preset=&#8221;default&#8221; width=&#8221;13%&#8221; module_alignment=&#8221;left&#8221; custom_margin=&#8221;||15px|||&#8221;][\/et_pb_divider][et_pb_image src=&#8221;http:\/\/szafranzaun.eu\/wp-content\/uploads\/2021\/03\/brama.jpg&#8221; title_text=&#8221;Classic Iron Gate and house&#8221; url=&#8221;https:\/\/szafranzaun.eu\/pl\/blog\/10-zalet-bram-cynkowanych-i-malowanych-proszkowo&#8221; align=&#8221;center&#8221; _builder_version=&#8221;4.9.3&#8243; _module_preset=&#8221;default&#8221; hover_enabled=&#8221;0&#8243; sticky_enabled=&#8221;0&#8243;][\/et_pb_image][et_pb_text _builder_version=&#8221;4.8.1&#8243; _module_preset=&#8221;default&#8221;]<\/p>\n<p><span>Brama wjazdowa jest jedn\u0105 z\u00a0najbardziej reprezentacyjnych cz\u0119\u015bci posesji, a\u00a0zarazem stanowi najcz\u0119\u015bciej u\u017cytkowany element ogrodzenia. Wygl\u0105d bramy, jak r\u00f3wnie\u017c jej\u00a0wytrzyma\u0142o\u015b\u0107 zale\u017c\u0105 od\u00a0materia\u0142\u00f3w u\u017cytych do\u00a0produkcji oraz\u00a0od\u00a0jej\u00a0fachowego wykonania. Aby poprawi\u0107 parametry bram, nak\u0142ada\u00a0si\u0119 na\u00a0nie\u00a0specjalne pow\u0142oki ochronne, kt\u00f3re s\u0105 niezb\u0119dne do\u00a0zapewnienia maksymalnej trwa\u0142o\u015bci i\u00a0d\u0142ugowieczno\u015bci.<\/span><\/p>\n<p>[\/et_pb_text][et_pb_button button_url=&#8221;https:\/\/szafranzaun.eu\/pl\/blog\/10-zalet-bram-cynkowanych-i-malowanych-proszkowo&#8221; button_text=&#8221;Czytaj wi\u0119cej&#8221; button_alignment=&#8221;left&#8221; _builder_version=&#8221;4.9.3&#8243; _module_preset=&#8221;default&#8221; custom_button=&#8221;on&#8221; button_text_size=&#8221;21px&#8221; button_text_color=&#8221;#FFFFFF&#8221; button_bg_color=&#8221;#3771c8&#8243; button_border_radius=&#8221;6px&#8221; button_letter_spacing=&#8221;0px&#8221; button_icon=&#8221;%%3%%&#8221; button_icon_color=&#8221;#FFFFFF&#8221; button_on_hover=&#8221;off&#8221; hover_enabled=&#8221;0&#8243; sticky_enabled=&#8221;0&#8243;][\/et_pb_button][et_pb_text _builder_version=&#8221;4.9.3&#8243; _module_preset=&#8221;default&#8221; header_font=&#8221;Roboto||||||||&#8221; header_text_color=&#8221;#0f4f89&#8243; header_line_height=&#8221;1.4em&#8221; custom_margin=&#8221;||9px|||&#8221; link_option_url=&#8221;https:\/\/szafranzaun.eu\/pl\/blog\/jak-dzialaja-napedy-do-bram\/&#8221; hover_enabled=&#8221;0&#8243; sticky_enabled=&#8221;0&#8243;]<\/p>\n<h2 style=\"font-family: 'Roboto',Helvetica,Arial,Lucida,sans-serif; color: #0f4f89 !important; line-height: 1.4em; font-size: 30px;\"><span style=\"color: #000000;\">JAK DZIA\u0141AJ\u0104 NAP\u0118DY DO BRAM?<\/span><\/h2>\n<p>[\/et_pb_text][et_pb_divider color=&#8221;#7CDA24&#8243; divider_weight=&#8221;4px&#8221; _builder_version=&#8221;4.8.1&#8243; _module_preset=&#8221;default&#8221; width=&#8221;13%&#8221; module_alignment=&#8221;left&#8221; custom_margin=&#8221;||15px|||&#8221;][\/et_pb_divider][et_pb_image src=&#8221;http:\/\/szafranzaun.eu\/wp-content\/uploads\/2021\/03\/automatyzacja_bram.jpg&#8221; title_text=&#8221;Automatic Sliding Gate and house, 3D illustration&#8221; url=&#8221;https:\/\/szafranzaun.eu\/pl\/blog\/jak-dzialaja-napedy-do-bram\/&#8221; _builder_version=&#8221;4.9.3&#8243; _module_preset=&#8221;default&#8221; hover_enabled=&#8221;0&#8243; sticky_enabled=&#8221;0&#8243;][\/et_pb_image][et_pb_text _builder_version=&#8221;4.8.1&#8243; _module_preset=&#8221;default&#8221;]<\/p>\n<p><span>Nap\u0119dy do\u00a0bram maj\u0105 wp\u0142yw na\u00a0wygl\u0105d, a\u00a0tak\u017ce bezpiecze\u0144stwo pracy. Automatyk\u0119 do\u00a0bram najlepiej wybra\u0107 w\u00a0fazie projektowania, a\u00a0tak\u017ce tworzenia ca\u0142ego ogrodzenia. Dzi\u0119ki temu mo\u017cliwe b\u0119dzie odpowiednie rozplanowanie, a\u00a0tak\u017ce instalacja pozwalaj\u0105ca na\u00a0prac\u0119 nap\u0119du. Takie podej\u015bcie zabezpieczy u\u017cytkownika przed wykonywaniem dodatkowych prac zwi\u0105zanych z\u00a0kopaniem lub\u00a0usuwaniem kostki. Jaka jest zasada dzia\u0142ania nap\u0119d\u00f3w do\u00a0bram?<\/span><\/p>\n<p>[\/et_pb_text][et_pb_button button_url=&#8221;https:\/\/szafranzaun.eu\/pl\/blog\/jak-dzialaja-napedy-do-bram\/&#8221; button_text=&#8221;Czytaj wi\u0119cej&#8221; button_alignment=&#8221;left&#8221; _builder_version=&#8221;4.9.3&#8243; _module_preset=&#8221;default&#8221; custom_button=&#8221;on&#8221; button_text_size=&#8221;21px&#8221; button_text_color=&#8221;#FFFFFF&#8221; button_bg_color=&#8221;#3771c8&#8243; button_border_radius=&#8221;6px&#8221; button_letter_spacing=&#8221;0px&#8221; button_icon=&#8221;%%3%%&#8221; button_icon_color=&#8221;#FFFFFF&#8221; button_on_hover=&#8221;off&#8221; hover_enabled=&#8221;0&#8243; sticky_enabled=&#8221;0&#8243;][\/et_pb_button][et_pb_text _builder_version=&#8221;4.9.3&#8243; _module_preset=&#8221;default&#8221; header_font=&#8221;Roboto||||||||&#8221; header_text_color=&#8221;#0f4f89&#8243; header_line_height=&#8221;1.4em&#8221; custom_margin=&#8221;||9px|||&#8221; link_option_url=&#8221;https:\/\/szafranzaun.eu\/pl\/blog\/witamy-na-blogu-firmy-szafran\/&#8221; hover_enabled=&#8221;0&#8243; sticky_enabled=&#8221;0&#8243;]<\/p>\n<h2 style=\"font-family: 'Roboto',Helvetica,Arial,Lucida,sans-serif; color: #0f4f89 !important; line-height: 1.4em; font-size: 30px;\"><span style=\"color: #000000;\">WITAMY NA BLOGU FIRMY SZAFRAN<\/span><\/h2>\n<p>[\/et_pb_text][et_pb_divider color=&#8221;#7CDA24&#8243; divider_weight=&#8221;4px&#8221; _builder_version=&#8221;4.8.1&#8243; _module_preset=&#8221;default&#8221; width=&#8221;13%&#8221; module_alignment=&#8221;left&#8221; custom_margin=&#8221;||15px|||&#8221;][\/et_pb_divider][et_pb_image src=&#8221;http:\/\/szafranzaun.eu\/wp-content\/uploads\/2021\/03\/wpispowitalny.jpg&#8221; title_text=&#8221;wpispowitalny&#8221; url=&#8221;https:\/\/szafranzaun.eu\/pl\/blog\/witamy-na-blogu-firmy-szafran\/&#8221; align=&#8221;center&#8221; _builder_version=&#8221;4.9.3&#8243; _module_preset=&#8221;default&#8221; hover_enabled=&#8221;0&#8243; sticky_enabled=&#8221;0&#8243;][\/et_pb_image][et_pb_text _builder_version=&#8221;4.8.1&#8243; _module_preset=&#8221;default&#8221;]<\/p>\n<p><span>Blog firmy Szafran.\u00a0<\/span><\/p>\n<p>[\/et_pb_text][et_pb_button button_url=&#8221;https:\/\/szafranzaun.eu\/pl\/blog\/witamy-na-blogu-firmy-szafran\/&#8221; button_text=&#8221;Czytaj wi\u0119cej&#8221; button_alignment=&#8221;left&#8221; _builder_version=&#8221;4.9.3&#8243; _module_preset=&#8221;default&#8221; custom_button=&#8221;on&#8221; button_text_size=&#8221;21px&#8221; button_text_color=&#8221;#FFFFFF&#8221; button_bg_color=&#8221;#3771c8&#8243; button_border_radius=&#8221;6px&#8221; button_letter_spacing=&#8221;0px&#8221; button_icon=&#8221;%%3%%&#8221; button_icon_color=&#8221;#FFFFFF&#8221; button_on_hover=&#8221;off&#8221; hover_enabled=&#8221;0&#8243; sticky_enabled=&#8221;0&#8243;][\/et_pb_button][\/et_pb_column][\/et_pb_row][\/et_pb_section]<\/p>\n","protected":false},"excerpt":{"rendered":"<p>blogBLOG5 KORZY\u015aCI Z ZAKUPU BRAMY NA ZAM\u00d3WIENIEWyb\u00f3r bramy wjazdowej nie\u00a0jest \u0142atwy. Do\u00a0dyspozycji mamy dost\u0119pne w\u00a0ka\u017cdym markecie budowlanym produkty oraz\u00a0m.in. unikalne, kute bramy wjazdowe, kt\u00f3re odznaczaj\u0105\u00a0si\u0119 nie\u00a0tylko\u00a0wi\u0119ksz\u0105 trwa\u0142o\u015bci\u0105, ale\u00a0tak\u017ce niepowtarzalnym designem. Opcja ta\u00a0jest coraz ch\u0119tniej wybierana przez w\u0142a\u015bcicieli nieruchomo\u015bci. Wyja\u015bniamy, dlaczego warto zdecydowa\u0107\u00a0si\u0119 na\u00a0zakup bramy na\u00a0zam\u00f3wienie.NA CO ZWR\u00d3CI\u0106 UWAG\u0118 DOBIERAJ\u0104C OGRODZENIE ZEWN\u0118TRZNE?Ogrodzenie to\u00a0wa\u017cny element, kt\u00f3ry ma [&hellip;]<\/p>\n","protected":false},"author":1,"featured_media":0,"parent":0,"menu_order":0,"comment_status":"closed","ping_status":"closed","template":"","meta":{"_et_pb_use_builder":"on","_et_pb_old_content":"","_et_gb_content_width":"","footnotes":""},"class_list":["post-12","page","type-page","status-publish","hentry"],"_links":{"self":[{"href":"https:\/\/szafranzaun.eu\/pl\/wp-json\/wp\/v2\/pages\/12"}],"collection":[{"href":"https:\/\/szafranzaun.eu\/pl\/wp-json\/wp\/v2\/pages"}],"about":[{"href":"https:\/\/szafranzaun.eu\/pl\/wp-json\/wp\/v2\/types\/page"}],"author":[{"embeddable":true,"href":"https:\/\/szafranzaun.eu\/pl\/wp-json\/wp\/v2\/users\/1"}],"replies":[{"embeddable":true,"href":"https:\/\/szafranzaun.eu\/pl\/wp-json\/wp\/v2\/comments?post=12"}],"version-history":[{"count":8,"href":"https:\/\/szafranzaun.eu\/pl\/wp-json\/wp\/v2\/pages\/12\/revisions"}],"predecessor-version":[{"id":224101,"href":"https:\/\/szafranzaun.eu\/pl\/wp-json\/wp\/v2\/pages\/12\/revisions\/224101"}],"wp:attachment":[{"href":"https:\/\/szafranzaun.eu\/pl\/wp-json\/wp\/v2\/media?parent=12"}],"curies":[{"name":"wp","href":"https:\/\/api.w.org\/{rel}","templated":true}]}}