{"id":51289,"date":"2021-03-03T10:43:58","date_gmt":"2021-03-03T09:43:58","guid":{"rendered":"http:\/\/szafranzaun.eu\/?page_id=51289"},"modified":"2021-09-02T08:32:52","modified_gmt":"2021-09-02T06:32:52","slug":"jak-dzialaja-napedy-do-bram","status":"publish","type":"page","link":"https:\/\/szafranzaun.eu\/pl\/blog\/jak-dzialaja-napedy-do-bram\/","title":{"rendered":"Jak dzia\u0142aj\u0105 nap\u0119dy do bram"},"content":{"rendered":"<p>[et_pb_section fb_built=&#8221;1&#8243; _builder_version=&#8221;4.5.7&#8243; use_background_color_gradient=&#8221;on&#8221; background_color_gradient_start=&#8221;rgba(0,0,0,0.43)&#8221; background_color_gradient_end=&#8221;rgba(0,0,0,0.43)&#8221; background_color_gradient_overlays_image=&#8221;on&#8221; background_image=&#8221;http:\/\/szafranzaun.eu\/wp-content\/uploads\/2021\/01\/slide-1.jpg&#8221; custom_padding=&#8221;0.8%||0.9%||false|false&#8221;][et_pb_row _builder_version=&#8221;3.26.8&#8243; max_width=&#8221;80%&#8221; custom_padding=&#8221;0px|||||&#8221;][et_pb_column type=&#8221;4_4&#8243; _builder_version=&#8221;3.26.8&#8243;][et_pb_text _builder_version=&#8221;4.9.3&#8243; header_font=&#8221;Montserrat|700||on|||||&#8221; header_text_align=&#8221;center&#8221; header_text_color=&#8221;#ffffff&#8221; header_font_size=&#8221;60px&#8221; header_line_height=&#8221;1.6em&#8221; custom_margin=&#8221;34px||4px|||&#8221; animation_style=&#8221;fade&#8221; hover_enabled=&#8221;0&#8243; header_font_size_tablet=&#8221;45px&#8221; header_font_size_phone=&#8221;30px&#8221; header_font_size_last_edited=&#8221;on|desktop&#8221; sticky_enabled=&#8221;0&#8243;]<\/p>\n<h2 style=\"text-align: left;font-family: 'Montserrat',Helvetica,Arial,Lucida,sans-serif;font-weight: 700;text-transform: uppercase;font-size: 60px;color: #ffffff !important;line-height: 1.6em;padding-bottom: 10px;\">blog<\/h2>\n<p>[\/et_pb_text][\/et_pb_column][\/et_pb_row][\/et_pb_section][et_pb_section fb_built=&#8221;1&#8243; _builder_version=&#8221;4.8.1&#8243; _module_preset=&#8221;default&#8221;][et_pb_row _builder_version=&#8221;4.8.1&#8243; _module_preset=&#8221;default&#8221; max_width=&#8221;80%&#8221; custom_padding=&#8221;0px||65px|||&#8221;][et_pb_column type=&#8221;4_4&#8243; _builder_version=&#8221;4.8.1&#8243; _module_preset=&#8221;default&#8221;][et_pb_text _builder_version=&#8221;4.8.1&#8243; _module_preset=&#8221;default&#8221; header_font=&#8221;Roboto||||||||&#8221; header_text_color=&#8221;#0f4f89&#8243; header_line_height=&#8221;1.4em&#8221; custom_margin=&#8221;||9px|||&#8221;]<\/p>\n<h1>JAK DZIA\u0141AJ\u0104 NAP\u0118DY DO BRAM<\/h1>\n<p>[\/et_pb_text][et_pb_divider color=&#8221;#7CDA24&#8243; divider_weight=&#8221;4px&#8221; _builder_version=&#8221;4.8.1&#8243; _module_preset=&#8221;default&#8221; width=&#8221;13%&#8221; module_alignment=&#8221;left&#8221; custom_margin=&#8221;||15px|||&#8221;][\/et_pb_divider][et_pb_text _builder_version=&#8221;4.8.1&#8243; _module_preset=&#8221;default&#8221;]<\/p>\n<p><span>Nap\u0119dy do\u00a0bram maj\u0105 wp\u0142yw na\u00a0wygl\u0105d, a\u00a0tak\u017ce bezpiecze\u0144stwo pracy. Automatyk\u0119 do\u00a0bram najlepiej wybra\u0107 w\u00a0fazie projektowania, a\u00a0tak\u017ce tworzenia ca\u0142ego ogrodzenia. Dzi\u0119ki temu mo\u017cliwe b\u0119dzie odpowiednie rozplanowanie, a\u00a0tak\u017ce instalacja pozwalaj\u0105ca na\u00a0prac\u0119 nap\u0119du. Takie podej\u015bcie zabezpieczy u\u017cytkownika przed wykonywaniem dodatkowych prac zwi\u0105zanych z\u00a0kopaniem lub\u00a0usuwaniem kostki. Jaka jest zasada dzia\u0142ania nap\u0119d\u00f3w do\u00a0bram?<\/span><\/p>\n<p>[\/et_pb_text][et_pb_text _builder_version=&#8221;4.8.1&#8243; _module_preset=&#8221;default&#8221; header_font=&#8221;Roboto||||||||&#8221; header_text_color=&#8221;#0f4f89&#8243; header_line_height=&#8221;1.4em&#8221; custom_margin=&#8221;||9px|||&#8221;]<\/p>\n<h1>NAP\u0118DY MECHANICZNE I HYDRAULICZNE<\/h1>\n<p>[\/et_pb_text][et_pb_divider color=&#8221;#7CDA24&#8243; divider_weight=&#8221;4px&#8221; _builder_version=&#8221;4.8.1&#8243; _module_preset=&#8221;default&#8221; width=&#8221;13%&#8221; module_alignment=&#8221;left&#8221; custom_margin=&#8221;||15px|||&#8221;][\/et_pb_divider][et_pb_text _builder_version=&#8221;4.8.1&#8243; _module_preset=&#8221;default&#8221;]<\/p>\n<p><strong>Bramy skrzyd\u0142owe mog\u0105 mie\u0107 nap\u0119dy mechaniczne, a\u00a0tak\u017ce elektrohydrauliczne<\/strong><span>. Najcz\u0119\u015bciej wykorzystywane jest pierwsze rozwi\u0105zanie. S\u0105 to\u00a0nap\u0119dy \u015brubowe, z\u00a0tak\u00a0zwanym \u0142amanym ramieniem, i\u00a0podziemne. S\u0105 to\u00a0niezwykle niezawodne konstrukcje w\u00a0naszych warunkach klimatycznych.\u00a0<\/span><strong>W nap\u0119dach elektrohydraulicznych zamiast \u015bruby stosuje\u00a0si\u0119 si\u0142ownik hydrauliczny wyr\u00f3\u017cniaj\u0105cy\u00a0si\u0119 du\u017c\u0105 wytrzyma\u0142o\u015bci\u0105 i\u00a0trwa\u0142o\u015bci\u0105<\/strong><span>. S\u0105 doskona\u0142ym rozwi\u0105zaniem w\u00a0przypadku bram, kt\u00f3re u\u017cytkowane s\u0105 z\u00a0du\u017c\u0105 cz\u0119stotliwo\u015bci\u0105. W\u00a0przypadku nap\u0119d\u00f3w hydraulicznych trzeba zamontowa\u0107 zestaw grza\u0142ek, kt\u00f3ry pozwoli na\u00a0utrzymanie w\u0142a\u015bciwej temperatury cieczy roboczej w\u00a0czasie mroz\u00f3w.<\/span><\/p>\n<p>[\/et_pb_text][et_pb_text _builder_version=&#8221;4.8.1&#8243; _module_preset=&#8221;default&#8221; header_font=&#8221;Roboto||||||||&#8221; header_text_color=&#8221;#0f4f89&#8243; header_line_height=&#8221;1.4em&#8221; custom_margin=&#8221;||9px|||&#8221;]<\/p>\n<h1>NAP\u0118DY Z \u0141AMANYM RAMIENIEM<\/h1>\n<p>[\/et_pb_text][et_pb_divider color=&#8221;#7CDA24&#8243; divider_weight=&#8221;4px&#8221; _builder_version=&#8221;4.8.1&#8243; _module_preset=&#8221;default&#8221; width=&#8221;13%&#8221; module_alignment=&#8221;left&#8221; custom_margin=&#8221;||15px|||&#8221;][\/et_pb_divider][et_pb_text _builder_version=&#8221;4.8.1&#8243; _module_preset=&#8221;default&#8221;]<\/p>\n<p><span>Innym rozwi\u0105zaniem s\u0105<\/span><a href=\"https:\/\/szafranzaun.eu\/pl\/oferta\/napedy-elektryczne\"><span>\u00a0<\/span>nap\u0119dy do\u00a0bram<\/a><span>\u00a0z\u00a0\u0142amanym ramieniem. Mog\u0105 by\u0107 u\u017cywane do\u00a0automatyzacji bram, kt\u00f3re montowane s\u0105 na\u00a0niezwykle szerokich s\u0142upkach. Monta\u017c takich bram jest bardzo \u0142atwy. Odbywa\u00a0si\u0119 przez do\u0142\u0105czenie do\u00a0zestawu w\u0142a\u015bciwych uchwyt\u00f3w mocuj\u0105cych. Nie\u00a0trzeba tutaj u\u017cywa\u0107 spawarki.<\/span><\/p>\n<p>[\/et_pb_text][et_pb_text _builder_version=&#8221;4.8.1&#8243; _module_preset=&#8221;default&#8221; header_font=&#8221;Roboto||||||||&#8221; header_text_color=&#8221;#0f4f89&#8243; header_line_height=&#8221;1.4em&#8221; custom_margin=&#8221;||9px|||&#8221;]<\/p>\n<h1>NAP\u0118DY PODZIEMNE<\/h1>\n<p>[\/et_pb_text][et_pb_divider color=&#8221;#7CDA24&#8243; divider_weight=&#8221;4px&#8221; _builder_version=&#8221;4.8.1&#8243; _module_preset=&#8221;default&#8221; width=&#8221;13%&#8221; module_alignment=&#8221;left&#8221; custom_margin=&#8221;||15px|||&#8221;][\/et_pb_divider][et_pb_text _builder_version=&#8221;4.8.1&#8243; _module_preset=&#8221;default&#8221;]<\/p>\n<p><span>Nap\u0119dy podziemne s\u0105 najkosztowniejsze. Ich\u00a0lokalizacja sprawia, \u017ce s\u0105 praktycznie niedostrzegalne.\u00a0<\/span><strong>Zapewniaj\u0105 p\u0142ynn\u0105, a\u00a0ponadto bezawaryjn\u0105 prac\u0119 przez d\u0142ugi czas<\/strong><span>. Jednak\u017ce monta\u017c tego rozwi\u0105zania wymaga du\u017cej wiedzy i\u00a0do\u015bwiadczenia. Takie rozwi\u0105zanie niejednokrotnie zwi\u0105zane jest z\u00a0dokonaniem zmian konstrukcyjnych w\u00a0s\u0142upach.<\/span><\/p>\n<p>[\/et_pb_text][\/et_pb_column][\/et_pb_row][\/et_pb_section]<\/p>\n","protected":false},"excerpt":{"rendered":"<p>blogJAK DZIA\u0141AJ\u0104 NAP\u0118DY DO BRAMNap\u0119dy do\u00a0bram maj\u0105 wp\u0142yw na\u00a0wygl\u0105d, a\u00a0tak\u017ce bezpiecze\u0144stwo pracy. Automatyk\u0119 do\u00a0bram najlepiej wybra\u0107 w\u00a0fazie projektowania, a\u00a0tak\u017ce tworzenia ca\u0142ego ogrodzenia. Dzi\u0119ki temu mo\u017cliwe b\u0119dzie odpowiednie rozplanowanie, a\u00a0tak\u017ce instalacja pozwalaj\u0105ca na\u00a0prac\u0119 nap\u0119du. Takie podej\u015bcie zabezpieczy u\u017cytkownika przed wykonywaniem dodatkowych prac zwi\u0105zanych z\u00a0kopaniem lub\u00a0usuwaniem kostki. Jaka jest zasada dzia\u0142ania nap\u0119d\u00f3w do\u00a0bram?NAP\u0118DY MECHANICZNE I HYDRAULICZNEBramy skrzyd\u0142owe [&hellip;]<\/p>\n","protected":false},"author":1,"featured_media":0,"parent":12,"menu_order":0,"comment_status":"closed","ping_status":"closed","template":"","meta":{"_et_pb_use_builder":"on","_et_pb_old_content":"","_et_gb_content_width":"","footnotes":""},"class_list":["post-51289","page","type-page","status-publish","hentry"],"_links":{"self":[{"href":"https:\/\/szafranzaun.eu\/pl\/wp-json\/wp\/v2\/pages\/51289"}],"collection":[{"href":"https:\/\/szafranzaun.eu\/pl\/wp-json\/wp\/v2\/pages"}],"about":[{"href":"https:\/\/szafranzaun.eu\/pl\/wp-json\/wp\/v2\/types\/page"}],"author":[{"embeddable":true,"href":"https:\/\/szafranzaun.eu\/pl\/wp-json\/wp\/v2\/users\/1"}],"replies":[{"embeddable":true,"href":"https:\/\/szafranzaun.eu\/pl\/wp-json\/wp\/v2\/comments?post=51289"}],"version-history":[{"count":5,"href":"https:\/\/szafranzaun.eu\/pl\/wp-json\/wp\/v2\/pages\/51289\/revisions"}],"predecessor-version":[{"id":224096,"href":"https:\/\/szafranzaun.eu\/pl\/wp-json\/wp\/v2\/pages\/51289\/revisions\/224096"}],"up":[{"embeddable":true,"href":"https:\/\/szafranzaun.eu\/pl\/wp-json\/wp\/v2\/pages\/12"}],"wp:attachment":[{"href":"https:\/\/szafranzaun.eu\/pl\/wp-json\/wp\/v2\/media?parent=51289"}],"curies":[{"name":"wp","href":"https:\/\/api.w.org\/{rel}","templated":true}]}}