{"id":51295,"date":"2021-03-03T11:00:12","date_gmt":"2021-03-03T10:00:12","guid":{"rendered":"http:\/\/szafranzaun.eu\/?page_id=51295"},"modified":"2021-09-02T08:33:51","modified_gmt":"2021-09-02T06:33:51","slug":"10-zalet-bram-cynkowanych-i-malowanych-proszkowo","status":"publish","type":"page","link":"https:\/\/szafranzaun.eu\/pl\/blog\/10-zalet-bram-cynkowanych-i-malowanych-proszkowo\/","title":{"rendered":"10 zalet bram cynkowanych i malowanych proszkowo"},"content":{"rendered":"<p>[et_pb_section fb_built=&#8221;1&#8243; _builder_version=&#8221;4.5.7&#8243; use_background_color_gradient=&#8221;on&#8221; background_color_gradient_start=&#8221;rgba(0,0,0,0.43)&#8221; background_color_gradient_end=&#8221;rgba(0,0,0,0.43)&#8221; background_color_gradient_overlays_image=&#8221;on&#8221; background_image=&#8221;http:\/\/szafranzaun.eu\/wp-content\/uploads\/2021\/01\/slide-1.jpg&#8221; custom_padding=&#8221;0.8%||0.9%||false|false&#8221;][et_pb_row _builder_version=&#8221;3.26.8&#8243; max_width=&#8221;80%&#8221; custom_padding=&#8221;0px|||||&#8221;][et_pb_column type=&#8221;4_4&#8243; _builder_version=&#8221;3.26.8&#8243;][et_pb_text _builder_version=&#8221;4.9.3&#8243; header_font=&#8221;Montserrat|700||on|||||&#8221; header_text_align=&#8221;center&#8221; header_text_color=&#8221;#ffffff&#8221; header_font_size=&#8221;60px&#8221; header_line_height=&#8221;1.6em&#8221; custom_margin=&#8221;34px||4px|||&#8221; animation_style=&#8221;fade&#8221; hover_enabled=&#8221;0&#8243; header_font_size_tablet=&#8221;45px&#8221; header_font_size_phone=&#8221;30px&#8221; header_font_size_last_edited=&#8221;on|desktop&#8221; sticky_enabled=&#8221;0&#8243;]<\/p>\n<h2 style=\"text-align: left;font-family: 'Montserrat',Helvetica,Arial,Lucida,sans-serif;font-weight: 700;text-transform: uppercase;font-size: 60px;color: #ffffff !important;line-height: 1.6em;padding-bottom: 10px;\">blog<\/h2>\n<p>[\/et_pb_text][\/et_pb_column][\/et_pb_row][\/et_pb_section][et_pb_section fb_built=&#8221;1&#8243; _builder_version=&#8221;4.8.1&#8243; _module_preset=&#8221;default&#8221;][et_pb_row _builder_version=&#8221;4.8.1&#8243; _module_preset=&#8221;default&#8221; max_width=&#8221;80%&#8221; custom_padding=&#8221;0px||65px|||&#8221;][et_pb_column type=&#8221;4_4&#8243; _builder_version=&#8221;4.8.1&#8243; _module_preset=&#8221;default&#8221;][et_pb_text _builder_version=&#8221;4.8.1&#8243; _module_preset=&#8221;default&#8221; header_font=&#8221;Roboto||||||||&#8221; header_text_color=&#8221;#0f4f89&#8243; header_line_height=&#8221;1.4em&#8221; custom_margin=&#8221;||9px|||&#8221;]<\/p>\n<h1>10 ZALET BRAM CYNKOWANYCH OGNIOWO I MALOWANYCH PROSZKOWO<\/h1>\n<p>[\/et_pb_text][et_pb_divider color=&#8221;#7CDA24&#8243; divider_weight=&#8221;4px&#8221; _builder_version=&#8221;4.8.1&#8243; _module_preset=&#8221;default&#8221; width=&#8221;13%&#8221; module_alignment=&#8221;left&#8221; custom_margin=&#8221;||15px|||&#8221;][\/et_pb_divider][et_pb_text _builder_version=&#8221;4.8.1&#8243; _module_preset=&#8221;default&#8221;]<\/p>\n<p><span>Brama wjazdowa jest jedn\u0105 z\u00a0najbardziej reprezentacyjnych cz\u0119\u015bci posesji, a\u00a0zarazem stanowi najcz\u0119\u015bciej u\u017cytkowany element ogrodzenia. Wygl\u0105d bramy, jak r\u00f3wnie\u017c jej\u00a0wytrzyma\u0142o\u015b\u0107 zale\u017c\u0105 od\u00a0materia\u0142\u00f3w u\u017cytych do\u00a0produkcji oraz\u00a0od\u00a0jej\u00a0fachowego wykonania. Aby poprawi\u0107 parametry bram, nak\u0142ada\u00a0si\u0119 na\u00a0nie\u00a0specjalne pow\u0142oki ochronne, kt\u00f3re s\u0105 niezb\u0119dne do\u00a0zapewnienia maksymalnej trwa\u0142o\u015bci i\u00a0d\u0142ugowieczno\u015bci.<\/span><\/p>\n<p>[\/et_pb_text][et_pb_text _builder_version=&#8221;4.9.3&#8243; _module_preset=&#8221;default&#8221; header_font=&#8221;Roboto||||||||&#8221; header_text_color=&#8221;#0f4f89&#8243; header_line_height=&#8221;1.4em&#8221; custom_margin=&#8221;||9px|||&#8221; hover_enabled=&#8221;0&#8243; sticky_enabled=&#8221;0&#8243;]<\/p>\n<h2 style=\"font-family: 'Roboto',Helvetica,Arial,Lucida,sans-serif;color: #0f4f89 !important;line-height: 1.4em;font-size: 30px;\">W\u0141A\u015aCIWO\u015aCI BRAM CYNKOWANYCH OGNIOWO I MALOWANYCH PROSZKOWO<\/h2>\n<p>[\/et_pb_text][et_pb_divider color=&#8221;#7CDA24&#8243; divider_weight=&#8221;4px&#8221; _builder_version=&#8221;4.8.1&#8243; _module_preset=&#8221;default&#8221; width=&#8221;13%&#8221; module_alignment=&#8221;left&#8221; custom_margin=&#8221;||15px|||&#8221;][\/et_pb_divider][et_pb_text _builder_version=&#8221;4.8.1&#8243; _module_preset=&#8221;default&#8221;]<\/p>\n<p>Jednymi z\u00a0ch\u0119tniej wykorzystywanych proces\u00f3w przy produkcji bram jest<span>\u00a0<\/span><strong>powlekanie proszkowe oraz\u00a0cynkowanie<\/strong><span>\u00a0<\/span>(znane r\u00f3wnie\u017c jako cynkowanie ogniowe). Malowanie proszkowe to\u00a0elektrostatyczne nak\u0142adanie suchego proszku na\u00a0metalow\u0105 powierzchni\u0119, a\u00a0nast\u0119pnie utwardzanie go celem utworzenia stabilnej warstwy ochronnej. Cynkowanie polega natomiast na\u00a0zanurzeniu element\u00f3w w\u00a0k\u0105pieli stopionego cynku, ogrzewanej do\u00a0temperatury oko\u0142o 440-460\u00b0C. Oto dziesi\u0119\u0107 zalet, jakimi odznaczaj\u0105\u00a0si\u0119 bramy cynkowane i\u00a0malowane proszkowo:<\/p>\n<ol>\n<li>\n<p><strong>Ochrona przed korozj\u0105<\/strong><\/p>\n<\/li>\n<\/ol>\n<p>Stopy cynku tworz\u0105 na\u00a0powierzchni specjaln\u0105 pow\u0142ok\u0119, kt\u00f3ra ulega pasywacji, gdy cynk reaguje z\u00a0tlenem lub\u00a0wod\u0105 w\u00a0zast\u0119pstwie metalu z\u00a0wn\u0119trza. Malowanie proszkowe tworzy natomiast barier\u0119, kt\u00f3ra zapobiega przedostawaniu\u00a0si\u0119 i\u00a0niszczeniu bramy od\u00a0\u015brodka.<\/p>\n<ol start=\"2\">\n<li><strong>Odporno\u015b\u0107<\/strong><\/li>\n<\/ol>\n<p>Bramy posiadaj\u0105ce pow\u0142oki cynkowe lub\u00a0proszkowe s\u0105 odporne na\u00a0oddzia\u0142ywanie czynnik\u00f3w fizycznych, chemicznych oraz\u00a0atmosferycznych (np. promieniowanie UV, skrajne temperatury). Pow\u0142oki cynkowe odznaczaj\u0105\u00a0si\u0119 ponadto wysok\u0105 odporno\u015bci\u0105 na\u00a0tarcie i\u00a0uderzenia.<\/p>\n<ol start=\"3\">\n<li><strong>Sta\u0142a grubo\u015b\u0107<\/strong><\/li>\n<\/ol>\n<p>Korzy\u015bci z\u00a0powlekania proszkowego i\u00a0cynkowania ogniowego obejmuj\u0105 mo\u017cliwo\u015b\u0107 tworzenia grubszych pow\u0142ok ni\u017c w\u00a0przypadku u\u017cycia tradycyjnych farb. Ka\u017cde wg\u0142\u0119bienie i\u00a0naro\u017cnik jest r\u00f3wnomiernie powlekany, przez co maj\u0105 zapewnion\u0105 jednolit\u0105 ochron\u0119.<\/p>\n<ol start=\"4\">\n<li><strong>Korzystna cena<\/strong><\/li>\n<\/ol>\n<p>Przy malowaniu proszkowym wykorzystuje\u00a0si\u0119 niemal 100% materia\u0142u dzi\u0119ki mo\u017cliwo\u015bci odzyskania nieosadzonych cz\u0105stek, co obni\u017ca koszt produkcji pow\u0142oki. Dodatkowo nak\u0142adanie pow\u0142oki jest ta\u0144sze ni\u017c zakup bramy np. ze stali nierdzewnej.<\/p>\n<ol start=\"5\">\n<li><strong>Obni\u017cenie koszt\u00f3w konserwacji<\/strong><\/li>\n<\/ol>\n<p>Stabilna, trwa\u0142a pow\u0142oka zapewnia znaczn\u0105 redukcj\u0119 koszt\u00f3w utrzymania, a\u00a0niskie wymagania dotycz\u0105ce napraw oznaczaj\u0105, \u017ce przez ca\u0142y okres u\u017cytkowania bramy zu\u017cywa\u00a0si\u0119 mniej materia\u0142\u00f3w.<\/p>\n<ol start=\"6\">\n<li><strong>Szybko\u015b\u0107 produkcji<\/strong><\/li>\n<\/ol>\n<p>Elementy bramy tu\u017c po\u00a0ocynkowaniu lub\u00a0pokryciu proszkowo s\u0105 od\u00a0razu gotowe do\u00a0u\u017cycia. Komponenty nie\u00a0wymagaj\u0105 dalszej obr\u00f3bki, co minimalizuje czas zam\u00f3wienia, a\u00a0brama mo\u017ce by\u0107 u\u017cytkowana w\u00a0tym samym momencie, gdy zako\u0144czy\u00a0si\u0119 jej\u00a0monta\u017c.<\/p>\n<ol start=\"7\">\n<li><strong>\u0141atwo\u015b\u0107 kontroli stanu zachowania<\/strong><\/li>\n<\/ol>\n<p>Stan pow\u0142oki bramy ocynkowanej mo\u017cna sprawdza\u0107 wzrokowo, bez\u00a0stosowania niszcz\u0105cych bada\u0144 grubo\u015bci. Nie\u00a0ma r\u00f3wnie\u017c potrzeby kontroli, co dzieje\u00a0si\u0119 pod\u00a0pow\u0142ok\u0105 i\u00a0w\u00a0jakim stanie znajduje\u00a0si\u0119 wn\u0119trze, poniewa\u017c elektrolityczne utlenianie cynku przeciwdzia\u0142a korozji bramy.<\/p>\n<ol start=\"8\">\n<li><strong>Przyjazne dla \u015brodowiska<\/strong><\/li>\n<\/ol>\n<p>Malowanie proszkowe jest procesem przyjaznym dla \u015brodowiska i\u00a0zdrowia ludzkiego, poniewa\u017c pow\u0142oki nie\u00a0zawieraj\u0105 szkodliwych rozpuszczalnik\u00f3w ani\u00a0nie\u00a0uwalniaj\u0105 lotnych zwi\u0105zk\u00f3w organicznych do\u00a0atmosfery.<\/p>\n<ol start=\"9\">\n<li><strong>Estetyczne<\/strong><\/li>\n<\/ol>\n<p>Otrzymywane pow\u0142oki proszkowe dzi\u0119ki swojej znacznej grubo\u015bci (60-80 \u03bcm) s\u0105 pozbawione deformacji, nie\u00a0posiadaj\u0105 zaciek\u00f3w, a\u00a0kolor rozk\u0142ada\u00a0si\u0119 r\u00f3wnomiernie. Dodatkowo pow\u0142oka mo\u017ce by\u0107 uformowana nawet w\u00a0trudno dost\u0119pnych zag\u0142\u0119bieniach.<\/p>\n<ol start=\"10\">\n<li><strong>D\u0142uga \u017cywotno\u015b\u0107<\/strong><\/li>\n<\/ol>\n<p>Ze wzgl\u0119du na\u00a0silne, elektrolityczne wi\u0105zanie mi\u0119dzy metalem (np. \u017celazem) a\u00a0warstw\u0105 cynku bramy cynkowane mog\u0105 przetrwa\u0107 a\u017c do\u00a050 lat. Wynika to\u00a0ze wspomnianej ochrony przed wod\u0105 i\u00a0tlenem.<\/p>\n<p>[\/et_pb_text][\/et_pb_column][\/et_pb_row][\/et_pb_section]<\/p>\n","protected":false},"excerpt":{"rendered":"<p>blog10 ZALET BRAM CYNKOWANYCH OGNIOWO I MALOWANYCH PROSZKOWOBrama wjazdowa jest jedn\u0105 z\u00a0najbardziej reprezentacyjnych cz\u0119\u015bci posesji, a\u00a0zarazem stanowi najcz\u0119\u015bciej u\u017cytkowany element ogrodzenia. Wygl\u0105d bramy, jak r\u00f3wnie\u017c jej\u00a0wytrzyma\u0142o\u015b\u0107 zale\u017c\u0105 od\u00a0materia\u0142\u00f3w u\u017cytych do\u00a0produkcji oraz\u00a0od\u00a0jej\u00a0fachowego wykonania. Aby poprawi\u0107 parametry bram, nak\u0142ada\u00a0si\u0119 na\u00a0nie\u00a0specjalne pow\u0142oki ochronne, kt\u00f3re s\u0105 niezb\u0119dne do\u00a0zapewnienia maksymalnej trwa\u0142o\u015bci i\u00a0d\u0142ugowieczno\u015bci.W\u0141A\u015aCIWO\u015aCI BRAM CYNKOWANYCH OGNIOWO I MALOWANYCH PROSZKOWOJednymi z\u00a0ch\u0119tniej wykorzystywanych [&hellip;]<\/p>\n","protected":false},"author":1,"featured_media":0,"parent":12,"menu_order":0,"comment_status":"closed","ping_status":"closed","template":"","meta":{"_et_pb_use_builder":"on","_et_pb_old_content":"","_et_gb_content_width":"","footnotes":""},"class_list":["post-51295","page","type-page","status-publish","hentry"],"_links":{"self":[{"href":"https:\/\/szafranzaun.eu\/pl\/wp-json\/wp\/v2\/pages\/51295"}],"collection":[{"href":"https:\/\/szafranzaun.eu\/pl\/wp-json\/wp\/v2\/pages"}],"about":[{"href":"https:\/\/szafranzaun.eu\/pl\/wp-json\/wp\/v2\/types\/page"}],"author":[{"embeddable":true,"href":"https:\/\/szafranzaun.eu\/pl\/wp-json\/wp\/v2\/users\/1"}],"replies":[{"embeddable":true,"href":"https:\/\/szafranzaun.eu\/pl\/wp-json\/wp\/v2\/comments?post=51295"}],"version-history":[{"count":4,"href":"https:\/\/szafranzaun.eu\/pl\/wp-json\/wp\/v2\/pages\/51295\/revisions"}],"predecessor-version":[{"id":224095,"href":"https:\/\/szafranzaun.eu\/pl\/wp-json\/wp\/v2\/pages\/51295\/revisions\/224095"}],"up":[{"embeddable":true,"href":"https:\/\/szafranzaun.eu\/pl\/wp-json\/wp\/v2\/pages\/12"}],"wp:attachment":[{"href":"https:\/\/szafranzaun.eu\/pl\/wp-json\/wp\/v2\/media?parent=51295"}],"curies":[{"name":"wp","href":"https:\/\/api.w.org\/{rel}","templated":true}]}}