{"id":51300,"date":"2021-03-03T11:24:59","date_gmt":"2021-03-03T10:24:59","guid":{"rendered":"http:\/\/szafranzaun.eu\/?page_id=51300"},"modified":"2021-09-02T08:36:58","modified_gmt":"2021-09-02T06:36:58","slug":"na-co-zwrocic-uwage-dobierajac-ogrodzenie-zewnetrzne","status":"publish","type":"page","link":"https:\/\/szafranzaun.eu\/pl\/blog\/na-co-zwrocic-uwage-dobierajac-ogrodzenie-zewnetrzne\/","title":{"rendered":"Na co zwr\u00f3ci\u0107 uwag\u0119 dobieraj\u0105c ogrodzenie zewn\u0119trzne"},"content":{"rendered":"<p>[et_pb_section fb_built=&#8221;1&#8243; _builder_version=&#8221;4.5.7&#8243; use_background_color_gradient=&#8221;on&#8221; background_color_gradient_start=&#8221;rgba(0,0,0,0.43)&#8221; background_color_gradient_end=&#8221;rgba(0,0,0,0.43)&#8221; background_color_gradient_overlays_image=&#8221;on&#8221; background_image=&#8221;http:\/\/szafranzaun.eu\/wp-content\/uploads\/2021\/01\/slide-1.jpg&#8221; custom_padding=&#8221;0.8%||0.9%||false|false&#8221;][et_pb_row _builder_version=&#8221;3.26.8&#8243; max_width=&#8221;80%&#8221; custom_padding=&#8221;0px|||||&#8221;][et_pb_column type=&#8221;4_4&#8243; _builder_version=&#8221;3.26.8&#8243;][et_pb_text _builder_version=&#8221;4.9.3&#8243; header_font=&#8221;Montserrat|700||on|||||&#8221; header_text_align=&#8221;center&#8221; header_text_color=&#8221;#ffffff&#8221; header_font_size=&#8221;60px&#8221; header_line_height=&#8221;1.6em&#8221; custom_margin=&#8221;34px||4px|||&#8221; animation_style=&#8221;fade&#8221; hover_enabled=&#8221;0&#8243; header_font_size_tablet=&#8221;45px&#8221; header_font_size_phone=&#8221;30px&#8221; header_font_size_last_edited=&#8221;on|desktop&#8221; sticky_enabled=&#8221;0&#8243;]<\/p>\n<h2 style=\"text-align: left;font-family: 'Montserrat',Helvetica,Arial,Lucida,sans-serif;font-weight: 700;text-transform: uppercase;font-size: 60px;color: #ffffff !important;line-height: 1.6em;padding-bottom: 10px;\">blog<\/h2>\n<p>[\/et_pb_text][\/et_pb_column][\/et_pb_row][\/et_pb_section][et_pb_section fb_built=&#8221;1&#8243; _builder_version=&#8221;4.8.1&#8243; _module_preset=&#8221;default&#8221;][et_pb_row _builder_version=&#8221;4.8.1&#8243; _module_preset=&#8221;default&#8221; max_width=&#8221;80%&#8221; custom_padding=&#8221;0px||65px|||&#8221;][et_pb_column type=&#8221;4_4&#8243; _builder_version=&#8221;4.8.1&#8243; _module_preset=&#8221;default&#8221;][et_pb_text _builder_version=&#8221;4.8.1&#8243; _module_preset=&#8221;default&#8221; header_font=&#8221;Roboto||||||||&#8221; header_text_color=&#8221;#0f4f89&#8243; header_line_height=&#8221;1.4em&#8221; custom_margin=&#8221;||9px|||&#8221;]<\/p>\n<h1>NA CO ZWR\u00d3CI\u0106 UWAG\u0118 DOBIERAJ\u0104C OGRODZENIE ZEWN\u0118TRZNE?<\/h1>\n<p>[\/et_pb_text][et_pb_divider color=&#8221;#7CDA24&#8243; divider_weight=&#8221;4px&#8221; _builder_version=&#8221;4.8.1&#8243; _module_preset=&#8221;default&#8221; width=&#8221;13%&#8221; module_alignment=&#8221;left&#8221; custom_margin=&#8221;||15px|||&#8221;][\/et_pb_divider][et_pb_text _builder_version=&#8221;4.8.1&#8243; _module_preset=&#8221;default&#8221;]<\/p>\n<p><span>Ogrodzenie to\u00a0wa\u017cny element, kt\u00f3ry ma wp\u0142yw na\u00a0wygl\u0105d ca\u0142ej naszej posesji i\u00a0zwraca uwag\u0119 przechodni\u00f3w. Pe\u0142ni wiele funkcji jednocze\u015bnie: wp\u0142ywa na\u00a0estetyk\u0119, chroni przed nieproszonymi go\u015b\u0107mi, zapewnia prywatno\u015b\u0107 i\u00a0odgradza od\u00a0\u015bwiata zewn\u0119trznego. Jednak jak dobra\u0107 ogrodzenie tak, by\u00a0rzeczywi\u015bcie \u0142\u0105czy\u0142o w\u00a0sobie wszystkie te cechy? Na\u00a0co warto zwr\u00f3ci\u0107 uwag\u0119? I\u00a0jak wybra\u0107 jedn\u0105, wymarzon\u0105 propozycj\u0119 w\u00a0g\u0105szczu wszystkich dost\u0119pnych opcji? Temat ten\u00a0omawiamy w\u00a0naszym artykule.<\/span><\/p>\n<p>[\/et_pb_text][et_pb_text _builder_version=&#8221;4.9.3&#8243; _module_preset=&#8221;default&#8221; header_font=&#8221;Roboto||||||||&#8221; header_text_color=&#8221;#0f4f89&#8243; header_line_height=&#8221;1.4em&#8221; custom_margin=&#8221;||9px|||&#8221; hover_enabled=&#8221;0&#8243; sticky_enabled=&#8221;0&#8243;]<\/p>\n<h2 style=\"font-family: 'Roboto',Helvetica,Arial,Lucida,sans-serif;color: #0f4f89 !important;line-height: 1.4em;font-size: 30px;\">FUNKCJONALNO\u015a\u0106 I ESTETYKA<\/h2>\n<p>[\/et_pb_text][et_pb_divider color=&#8221;#7CDA24&#8243; divider_weight=&#8221;4px&#8221; _builder_version=&#8221;4.8.1&#8243; _module_preset=&#8221;default&#8221; width=&#8221;13%&#8221; module_alignment=&#8221;left&#8221; custom_margin=&#8221;||15px|||&#8221;][\/et_pb_divider][et_pb_text _builder_version=&#8221;4.8.1&#8243; _module_preset=&#8221;default&#8221;]<\/p>\n<p>Przede wszystkim warto pami\u0119ta\u0107, \u017ce ogrodzenie powinno \u0142\u0105czy\u0107 w\u00a0sobie dwie podstawowe cechy, czyli\u00a0funkcjonalno\u015b\u0107 i\u00a0estetyk\u0119. Dlaczego? Funkcjonalno\u015b\u0107 sprawi, \u017ce wybrany przez nas produkt zapewni nam wszystkie wspomniane wcze\u015bniej korzy\u015bci. B\u0119dzie wi\u0119c\u00a0zar\u00f3wno odstrasza\u0142 nieproszone osoby, jak i\u00a0ochroni nas przed spojrzeniami s\u0105siad\u00f3w. Zagwarantuje prywatno\u015b\u0107, a\u00a0do\u00a0tego odgrodzi od\u00a0ha\u0142asu, czy\u00a0nawet zanieczyszcze\u0144.<\/p>\n<p>Jednoczesne ogrodzenie powinno wyr\u00f3\u017cnia\u0107\u00a0si\u0119 eleganckim designem, kt\u00f3ry przemieni go w\u00a0prawdziw\u0105 ozdob\u0119 i\u00a0dope\u0142nienie naszego domu. Dost\u0119pne obecnie opcje to\u00a0nie\u00a0tylko\u00a0kilka element\u00f3w zbitych ze sob\u0105. To\u00a0pi\u0119kne, kunsztownie wykonane propozycje, kt\u00f3rych styl i\u00a0kolorystyk\u0119 mo\u017cemy dobra\u0107 do\u00a0osobistych preferencji. Dobrze dobrany produkt pozwoli nam zachowa\u0107 harmoni\u0119 i\u00a0doskona\u0142\u0105 kompozycj\u0119.<\/p>\n<p>[\/et_pb_text][et_pb_text _builder_version=&#8221;4.9.3&#8243; _module_preset=&#8221;default&#8221; header_font=&#8221;Roboto||||||||&#8221; header_text_color=&#8221;#0f4f89&#8243; header_line_height=&#8221;1.4em&#8221; custom_margin=&#8221;||9px|||&#8221; hover_enabled=&#8221;0&#8243; sticky_enabled=&#8221;0&#8243;]<\/p>\n<h2 style=\"font-family: 'Roboto',Helvetica,Arial,Lucida,sans-serif;color: #0f4f89 !important;line-height: 1.4em;font-size: 30px;\">WYSOKA JAKO\u015a\u0106<\/h2>\n<p>[\/et_pb_text][et_pb_divider color=&#8221;#7CDA24&#8243; divider_weight=&#8221;4px&#8221; _builder_version=&#8221;4.8.1&#8243; _module_preset=&#8221;default&#8221; width=&#8221;13%&#8221; module_alignment=&#8221;left&#8221; custom_margin=&#8221;||15px|||&#8221;][\/et_pb_divider][et_pb_text _builder_version=&#8221;4.8.1&#8243; _module_preset=&#8221;default&#8221;]<\/p>\n<p><strong>Wybieraj\u0105c ogrodzenie<\/strong>, warto te\u017c zwr\u00f3ci\u0107 uwag\u0119 na\u00a0jego\u00a0jako\u015b\u0107. Wysoka klasa powinna by\u0107 widoczna zar\u00f3wno w\u00a0u\u017cytych materia\u0142ach, jak i\u00a0w\u00a0sposobie wykonania i\u00a0\u0142\u0105czenia poszczeg\u00f3lnych element\u00f3w. Dlaczego to\u00a0tak\u00a0wa\u017cne? Przede wszystkim dlatego, \u017ce ogrodzenie to\u00a0inwestycja na\u00a0lata. Je\u015bli chcemy, by\u00a0zachowa\u0142o sw\u00f3j oryginalny kszta\u0142t, czy\u00a0doskona\u0142y wygl\u0105d warto wybra\u0107 propozycj\u0119 stworzon\u0105 wed\u0142ug najwy\u017cszych standard\u00f3w. Pod\u00a0uwag\u0119 nale\u017cy wzi\u0105\u0107 fakt, \u017ce jest ono umiejscowione na\u00a0zewn\u0105trz, gdzie styka\u00a0si\u0119 ze szkodliwymi czynnikami zewn\u0119trznymi, w\u00a0tym z\u00a0wiatrem, promieniami s\u0142onecznymi, deszczem, czy\u00a0wahaniami temperatur.<\/p>\n<p>Kolejny czynnik to\u00a0\u0142atwa piel\u0119gnacja. Nikt z\u00a0nas nie\u00a0chcia\u0142by sp\u0119dza\u0107 d\u0142ugich godzin na\u00a0malowaniu, czy\u00a0ci\u0105g\u0142ym czyszczeniu powierzchni ogrodzenia. Je\u015bli jeste\u015bmy zapracowani lub\u00a0po\u00a0prostu nie\u00a0lubimy prac naprawczych, tym bardziej powinni\u015bmy wybra\u0107 solidn\u0105 i\u00a0dobrze wykonan\u0105 propozycj\u0119. Na\u00a0szcz\u0119\u015bcie zakup pi\u0119knego ogrodzenia, kt\u00f3re nie\u00a0wymaga nadmiernych wysi\u0142k\u00f3w, nie\u00a0jest obecnie problemem.<\/p>\n<p>[\/et_pb_text][et_pb_text _builder_version=&#8221;4.9.3&#8243; _module_preset=&#8221;default&#8221; header_font=&#8221;Roboto||||||||&#8221; header_text_color=&#8221;#0f4f89&#8243; header_line_height=&#8221;1.4em&#8221; custom_margin=&#8221;||9px|||&#8221; hover_enabled=&#8221;0&#8243; sticky_enabled=&#8221;0&#8243;]<\/p>\n<h2 style=\"font-family: 'Roboto',Helvetica,Arial,Lucida,sans-serif;color: #0f4f89 !important;line-height: 1.4em;font-size: 30px;\">ELEMENTY KONSTRUKCJI<\/h2>\n<p>[\/et_pb_text][et_pb_divider color=&#8221;#7CDA24&#8243; divider_weight=&#8221;4px&#8221; _builder_version=&#8221;4.8.1&#8243; _module_preset=&#8221;default&#8221; width=&#8221;13%&#8221; module_alignment=&#8221;left&#8221; custom_margin=&#8221;||15px|||&#8221;][\/et_pb_divider][et_pb_text _builder_version=&#8221;4.8.1&#8243; _module_preset=&#8221;default&#8221;]<\/p>\n<p><span>Warto zwr\u00f3ci\u0107 tak\u017ce uwag\u0119 na\u00a0szczeg\u00f3\u0142y w\u00a0budowie ogrodzenia, kt\u00f3re zapewni\u0105 bezpiecze\u0144stwo nam i\u00a0naszym bliskim. O\u00a0czym mowa? Dobieraj\u0105c\u00a0<\/span><a href=\"https:\/\/szafranzaun.eu\/pl\/oferta\/ogrodzenia\"><u>ogrodzenie zewn\u0119trzne<\/u><\/a><span>, warto zastanowi\u0107 si\u0119, jaka powinna by\u0107 jego\u00a0wysoko\u015b\u0107. Najlepiej, by\u00a0uniemo\u017cliwia\u0142a ona przeskoczenie czy\u00a0przej\u015bcie na\u00a0teren posesji. Dla jeszcze wi\u0119kszego bezpiecze\u0144stwa warto zdecydowa\u0107\u00a0si\u0119 tak\u017ce na\u00a0dodatkowe elementy umieszczone na\u00a0szczycie konstrukcji. Kolejny element, kt\u00f3ry utrudni, a\u00a0cz\u0119sto nawet uniemo\u017cliwi nieproszonym osobom wkroczenie na\u00a0nasze podw\u00f3rko to\u00a0pionowe szczebelki i\u00a0g\u0119ste u\u0142o\u017cenie oczek. Dbaj\u0105c o\u00a0nawet drobne detale, zapewniamy komfort wszystkim naszym domownikom, nie\u00a0trac\u0105c przy tym walor\u00f3w estetycznych.<\/span><\/p>\n<p>[\/et_pb_text][et_pb_text _builder_version=&#8221;4.9.3&#8243; _module_preset=&#8221;default&#8221; header_font=&#8221;Roboto||||||||&#8221; header_text_color=&#8221;#0f4f89&#8243; header_line_height=&#8221;1.4em&#8221; custom_margin=&#8221;||9px|||&#8221; hover_enabled=&#8221;0&#8243; sticky_enabled=&#8221;0&#8243;]<\/p>\n<h2 style=\"font-family: 'Roboto',Helvetica,Arial,Lucida,sans-serif;color: #0f4f89 !important;line-height: 1.4em;font-size: 30px;\">NASZA OFERTA<\/h2>\n<p>[\/et_pb_text][et_pb_divider color=&#8221;#7CDA24&#8243; divider_weight=&#8221;4px&#8221; _builder_version=&#8221;4.8.1&#8243; _module_preset=&#8221;default&#8221; width=&#8221;13%&#8221; module_alignment=&#8221;left&#8221; custom_margin=&#8221;||15px|||&#8221;][\/et_pb_divider][et_pb_text _builder_version=&#8221;4.8.1&#8243; _module_preset=&#8221;default&#8221;]<\/p>\n<div id=\"content\" class=\"col-xs-12\">\n<article class=\"item-page\">\n<div class=\"row\">\n<div class=\"col-md-12\">\n<p>Jednak gdzie znale\u017a\u0107 ogrodzenie zewn\u0119trzne, kt\u00f3re b\u0119dzie \u0142\u0105czy\u0107 w\u00a0sobie wszystkie wspomniane elementy? Szeroki wyb\u00f3r propozycji znajdziemy na\u00a0stronie firmy Szafran Z\u00e4une aus Polen. Doskona\u0142ymi produktami s\u0105 zw\u0142aszcza metalowe konstrukcje, kt\u00f3re wyr\u00f3\u017cniaj\u0105\u00a0si\u0119 najwy\u017csz\u0105 jako\u015bci\u0105, nowoczesnym wygl\u0105dem i\u00a0odporno\u015bci\u0105 na\u00a0uszkodzenia. Dost\u0119pne s\u0105 r\u00f3\u017cne warianty odmienne pod\u00a0wzgl\u0119dem wzoru, koloru, czy\u00a0zdobie\u0144. Oferta sprawdzi\u00a0si\u0119 zar\u00f3wno w\u00a0domu minimalisty, jak i\u00a0kogo\u015b, kto ceni bogaty design. Kupuj\u0105c ogrodzenia bezpo\u015brednio od\u00a0polskiego producenta, zyskujemy te\u017c pewno\u015b\u0107, \u017ce trafi do\u00a0nas produkt spe\u0142niaj\u0105cy najwy\u017csze standardy i\u00a0normy jako\u015bciowe.<\/p>\n<\/div>\n<\/div>\n<\/article>\n<div class=\"clearfix\"><\/div>\n<div class=\"clearfix\"><\/div>\n<\/div>\n<p>[\/et_pb_text][\/et_pb_column][\/et_pb_row][\/et_pb_section]<\/p>\n","protected":false},"excerpt":{"rendered":"<p>blogNA CO ZWR\u00d3CI\u0106 UWAG\u0118 DOBIERAJ\u0104C OGRODZENIE ZEWN\u0118TRZNE?Ogrodzenie to\u00a0wa\u017cny element, kt\u00f3ry ma wp\u0142yw na\u00a0wygl\u0105d ca\u0142ej naszej posesji i\u00a0zwraca uwag\u0119 przechodni\u00f3w. Pe\u0142ni wiele funkcji jednocze\u015bnie: wp\u0142ywa na\u00a0estetyk\u0119, chroni przed nieproszonymi go\u015b\u0107mi, zapewnia prywatno\u015b\u0107 i\u00a0odgradza od\u00a0\u015bwiata zewn\u0119trznego. Jednak jak dobra\u0107 ogrodzenie tak, by\u00a0rzeczywi\u015bcie \u0142\u0105czy\u0142o w\u00a0sobie wszystkie te cechy? Na\u00a0co warto zwr\u00f3ci\u0107 uwag\u0119? I\u00a0jak wybra\u0107 jedn\u0105, wymarzon\u0105 propozycj\u0119 w\u00a0g\u0105szczu [&hellip;]<\/p>\n","protected":false},"author":1,"featured_media":0,"parent":12,"menu_order":0,"comment_status":"closed","ping_status":"closed","template":"","meta":{"_et_pb_use_builder":"on","_et_pb_old_content":"","_et_gb_content_width":"","footnotes":""},"class_list":["post-51300","page","type-page","status-publish","hentry"],"_links":{"self":[{"href":"https:\/\/szafranzaun.eu\/pl\/wp-json\/wp\/v2\/pages\/51300"}],"collection":[{"href":"https:\/\/szafranzaun.eu\/pl\/wp-json\/wp\/v2\/pages"}],"about":[{"href":"https:\/\/szafranzaun.eu\/pl\/wp-json\/wp\/v2\/types\/page"}],"author":[{"embeddable":true,"href":"https:\/\/szafranzaun.eu\/pl\/wp-json\/wp\/v2\/users\/1"}],"replies":[{"embeddable":true,"href":"https:\/\/szafranzaun.eu\/pl\/wp-json\/wp\/v2\/comments?post=51300"}],"version-history":[{"count":5,"href":"https:\/\/szafranzaun.eu\/pl\/wp-json\/wp\/v2\/pages\/51300\/revisions"}],"predecessor-version":[{"id":224099,"href":"https:\/\/szafranzaun.eu\/pl\/wp-json\/wp\/v2\/pages\/51300\/revisions\/224099"}],"up":[{"embeddable":true,"href":"https:\/\/szafranzaun.eu\/pl\/wp-json\/wp\/v2\/pages\/12"}],"wp:attachment":[{"href":"https:\/\/szafranzaun.eu\/pl\/wp-json\/wp\/v2\/media?parent=51300"}],"curies":[{"name":"wp","href":"https:\/\/api.w.org\/{rel}","templated":true}]}}