{"id":51306,"date":"2021-03-03T11:30:55","date_gmt":"2021-03-03T10:30:55","guid":{"rendered":"http:\/\/szafranzaun.eu\/?page_id=51306"},"modified":"2021-09-02T08:26:32","modified_gmt":"2021-09-02T06:26:32","slug":"5-korzysci-z-zakupu-bramy-na-zamowienie","status":"publish","type":"page","link":"https:\/\/szafranzaun.eu\/pl\/blog\/5-korzysci-z-zakupu-bramy-na-zamowienie\/","title":{"rendered":"5 korzy\u015bci z zakupu bramy na zam\u00f3wienie"},"content":{"rendered":"<p>[et_pb_section fb_built=&#8221;1&#8243; _builder_version=&#8221;4.5.7&#8243; use_background_color_gradient=&#8221;on&#8221; background_color_gradient_start=&#8221;rgba(0,0,0,0.43)&#8221; background_color_gradient_end=&#8221;rgba(0,0,0,0.43)&#8221; background_color_gradient_overlays_image=&#8221;on&#8221; background_image=&#8221;http:\/\/szafranzaun.eu\/wp-content\/uploads\/2021\/01\/slide-1.jpg&#8221; custom_padding=&#8221;0.8%||0.9%||false|false&#8221;][et_pb_row _builder_version=&#8221;3.26.8&#8243; max_width=&#8221;80%&#8221; custom_padding=&#8221;0px|||||&#8221;][et_pb_column type=&#8221;4_4&#8243; _builder_version=&#8221;3.26.8&#8243;][et_pb_text _builder_version=&#8221;4.9.3&#8243; header_font=&#8221;Montserrat|700||on|||||&#8221; header_text_align=&#8221;center&#8221; header_text_color=&#8221;#ffffff&#8221; header_font_size=&#8221;60px&#8221; header_line_height=&#8221;1.6em&#8221; custom_margin=&#8221;34px||4px|||&#8221; animation_style=&#8221;fade&#8221; hover_enabled=&#8221;0&#8243; header_font_size_tablet=&#8221;45px&#8221; header_font_size_phone=&#8221;30px&#8221; header_font_size_last_edited=&#8221;on|desktop&#8221; sticky_enabled=&#8221;0&#8243;]<\/p>\n<h2 style=\"text-align: left;font-family: 'Montserrat',Helvetica,Arial,Lucida,sans-serif;font-weight: 700;text-transform: uppercase;font-size: 60px;color: #ffffff !important;line-height: 1.6em;padding-bottom: 10px;\">blog<\/h2>\n<p>[\/et_pb_text][\/et_pb_column][\/et_pb_row][\/et_pb_section][et_pb_section fb_built=&#8221;1&#8243; _builder_version=&#8221;4.8.1&#8243; _module_preset=&#8221;default&#8221;][et_pb_row _builder_version=&#8221;4.8.1&#8243; _module_preset=&#8221;default&#8221; max_width=&#8221;80%&#8221; custom_padding=&#8221;0px||65px|||&#8221;][et_pb_column type=&#8221;4_4&#8243; _builder_version=&#8221;4.8.1&#8243; _module_preset=&#8221;default&#8221;][et_pb_text _builder_version=&#8221;4.8.1&#8243; _module_preset=&#8221;default&#8221; header_font=&#8221;Roboto||||||||&#8221; header_text_color=&#8221;#0f4f89&#8243; header_line_height=&#8221;1.4em&#8221; custom_margin=&#8221;||9px|||&#8221;]<\/p>\n<h1>5 KORZY\u015aCI Z ZAKUPU BRAMY NA ZAM\u00d3WIENIE<\/h1>\n<p>[\/et_pb_text][et_pb_divider color=&#8221;#7CDA24&#8243; divider_weight=&#8221;4px&#8221; _builder_version=&#8221;4.8.1&#8243; _module_preset=&#8221;default&#8221; width=&#8221;13%&#8221; module_alignment=&#8221;left&#8221; custom_margin=&#8221;||15px|||&#8221;][\/et_pb_divider][et_pb_text _builder_version=&#8221;4.8.1&#8243; _module_preset=&#8221;default&#8221;]<\/p>\n<p><span>Wyb\u00f3r bramy wjazdowej nie\u00a0jest \u0142atwy. Do\u00a0dyspozycji mamy dost\u0119pne w\u00a0ka\u017cdym markecie budowlanym produkty oraz\u00a0m.in. unikalne, kute bramy wjazdowe, kt\u00f3re odznaczaj\u0105\u00a0si\u0119 nie\u00a0tylko\u00a0wi\u0119ksz\u0105 trwa\u0142o\u015bci\u0105, ale\u00a0tak\u017ce niepowtarzalnym designem. Opcja ta\u00a0jest coraz ch\u0119tniej wybierana przez w\u0142a\u015bcicieli nieruchomo\u015bci. Wyja\u015bniamy, dlaczego warto zdecydowa\u0107\u00a0si\u0119 na\u00a0zakup bramy na\u00a0zam\u00f3wienie.<\/span><\/p>\n<p>[\/et_pb_text][et_pb_text _builder_version=&#8221;4.9.3&#8243; _module_preset=&#8221;default&#8221; header_font=&#8221;Roboto||||||||&#8221; header_text_color=&#8221;#0f4f89&#8243; header_line_height=&#8221;1.4em&#8221; custom_margin=&#8221;||9px|||&#8221; hover_enabled=&#8221;0&#8243; sticky_enabled=&#8221;0&#8243;]<\/p>\n<h2 style=\"font-family: 'Roboto',Helvetica,Arial,Lucida,sans-serif;color: #0f4f89 !important;line-height: 1.4em;font-size: 30px;\">JAKIE ZALETY MA ZAKUP BRAMY WJAZDOWEJ NA ZAM\u00d3WIENIE?<\/h2>\n<p>[\/et_pb_text][et_pb_divider color=&#8221;#7CDA24&#8243; divider_weight=&#8221;4px&#8221; _builder_version=&#8221;4.8.1&#8243; _module_preset=&#8221;default&#8221; width=&#8221;13%&#8221; module_alignment=&#8221;left&#8221; custom_margin=&#8221;||15px|||&#8221;][\/et_pb_divider][et_pb_text _builder_version=&#8221;4.8.1&#8243; _module_preset=&#8221;default&#8221;]<\/p>\n<ol>\n<li><strong>Po pierwsze: najwy\u017csza jako\u015b\u0107<\/strong><strong><br \/><\/strong>Jako\u015b\u0107 bramy wjazdowej przek\u0142ada\u00a0si\u0119 na\u00a0jej\u00a0trwa\u0142o\u015b\u0107 oraz\u00a0funkcjonalno\u015b\u0107. Z\u00a0tego wzgl\u0119du<span>\u00a0<\/span><strong>coraz wi\u0119cej w\u0142a\u015bcicieli nieruchomo\u015bci wybiera kute bramy wjazdowe<\/strong>, kt\u00f3re nie\u00a0tylko\u00a0wyr\u00f3\u017cniaj\u0105\u00a0si\u0119 wyj\u0105tkow\u0105 odporno\u015bci\u0105 na\u00a0dzia\u0142anie czynnik\u00f3w atmosferycznych, ale\u00a0tak\u017ce doskonale komponuj\u0105\u00a0si\u0119 z\u00a0r\u00f3\u017cnymi materia\u0142ami stosowanymi do\u00a0wyko\u0144czenia domu oraz\u00a0aran\u017cacji ogrodu. Brama wjazdowa na\u00a0indywidualne zam\u00f3wienie jest wyj\u0105tkow\u0105 wizyt\u00f3wk\u0105 posesji, kt\u00f3ra przetrwa w\u00a0nienagannym stanie przez d\u0142ugie lata.\n<\/li>\n<li><strong>Po drugie: mo\u017cliwo\u015b\u0107 dopasowania do\u00a0ka\u017cdego ogrodzenia<br \/><\/strong>Brama wjazdowa na\u00a0zam\u00f3wienie mo\u017ce by\u0107 dopasowana pod\u00a0wzgl\u0119dem stylu do\u00a0ka\u017cdego ogrodzenia. Rozwi\u0105zanie to\u00a0<strong>pozwala tak\u017ce na\u00a0zachowanie harmonii<\/strong><span>\u00a0<\/span>pomi\u0119dzy stylem wyko\u0144czenia domu a\u00a0reprezentuj\u0105c\u0105 posesj\u0119 bram\u0105.\n<\/li>\n<li><strong>Po trzecie: rozmiar dopasowany do\u00a0indywidualnych potrzeb<br \/><\/strong>Kute<span>\u00a0<\/span><span><a href=\"https:\/\/szafranzaun.eu\/pl\/oferta\/bramy\">bramy wjazdowe na\u00a0zam\u00f3wienie<\/a><\/span><span>\u00a0<\/span>mog\u0105 zosta\u0107 dopasowane do\u00a0indywidualnych potrzeb klient\u00f3w nie\u00a0tylko\u00a0pod\u00a0wzgl\u0119dem stylu, ale\u00a0tak\u017ce wielko\u015bci. To\u00a0najlepsze rozwi\u0105zanie w\u00a0przypadku posiadania podjazdu o\u00a0niestandardowej szeroko\u015bci lub\u00a0korzystania z\u00a0du\u017cych samochod\u00f3w dostawczych.\n<\/li>\n<li><strong>Po czwarte: niepowtarzalny design<br \/><\/strong>Inwestuj\u0105c w\u00a0aran\u017cacj\u0119 przydomowej przestrzeni, coraz cz\u0119\u015bciej decydujemy\u00a0si\u0119 na\u00a0<strong>niestandardowe rozwi\u0105zania<\/strong>,<span>\u00a0<\/span><strong>kt\u00f3re s\u0105 wyznacznikiem stylu<\/strong><span>\u00a0<\/span>i\u00a0podkre\u015blaj\u0105 indywidualny charakter w\u0142a\u015bcicieli posesji. Brama wjazdowa na\u00a0zam\u00f3wienie to\u00a0jeden ze sposob\u00f3w, aby odr\u00f3\u017cni\u0107 sw\u00f3j teren od\u00a0posesji s\u0105siad\u00f3w. Naszym klientom oferujemy bramy wjazdowe o\u00a0niepowtarzalnym i\u00a0zgodnym z\u00a0indywidualnymi potrzebami wzornictwie, a\u00a0tak\u017ce ca\u0142e ogrodzenia, kt\u00f3re stan\u0105\u00a0si\u0119 niepowtarzaln\u0105 ozdob\u0105 otoczenia domu lub\u00a0firmy.\n<\/li>\n<li><strong>Po pi\u0105te: dost\u0119pno\u015b\u0107 r\u00f3\u017cnych rozwi\u0105za\u0144<br \/><\/strong>Bramy na\u00a0zam\u00f3wienie to\u00a0nie\u00a0tylko\u00a0bramy uchylne, ale\u00a0tak\u017ce nowoczesne bramy przesuwne. Dzi\u0119ki dost\u0119pno\u015bci r\u00f3\u017cnych typ\u00f3w bram, mo\u017cliwe jest dopasowanie konkretnego rozwi\u0105zania np. do\u00a0specyfiki terenu i\u00a0potrzeb mieszka\u0144c\u00f3w posesji. Bramy kute<span>\u00a0<\/span><strong>mog\u0105 zosta\u0107 wyposa\u017cone w\u00a0nap\u0119d elektryczny<\/strong>, dzi\u0119ki kt\u00f3remu otwieranie masywnej bramy nie\u00a0b\u0119dzie \u017cadnym problemem.\n<\/li>\n<li><strong>Po sz\u00f3ste: mo\u017cliwo\u015b\u0107 zastosowania niezale\u017cnie od\u00a0przeznaczenia terenu<br \/><\/strong>Bramy kute doskonale sprawdzaj\u0105\u00a0si\u0119 nie\u00a0tylko\u00a0na\u00a0prywatnych posesjach. Ich\u00a0funkcjonalno\u015b\u0107 oraz\u00a0trwa\u0142o\u015b\u0107 doceniaj\u0105 tak\u017ce w\u0142a\u015bciciele obiekt\u00f3w przemys\u0142owych. Naszym klientom oferujemy rozwi\u0105zania idealnie dopasowane do\u00a0indywidualnego stylu, architektury otoczenia oraz\u00a0przeznaczenia.<\/li>\n<\/ol>\n<p>[\/et_pb_text][\/et_pb_column][\/et_pb_row][\/et_pb_section]<\/p>\n","protected":false},"excerpt":{"rendered":"<p>blog5 KORZY\u015aCI Z ZAKUPU BRAMY NA ZAM\u00d3WIENIEWyb\u00f3r bramy wjazdowej nie\u00a0jest \u0142atwy. Do\u00a0dyspozycji mamy dost\u0119pne w\u00a0ka\u017cdym markecie budowlanym produkty oraz\u00a0m.in. unikalne, kute bramy wjazdowe, kt\u00f3re odznaczaj\u0105\u00a0si\u0119 nie\u00a0tylko\u00a0wi\u0119ksz\u0105 trwa\u0142o\u015bci\u0105, ale\u00a0tak\u017ce niepowtarzalnym designem. Opcja ta\u00a0jest coraz ch\u0119tniej wybierana przez w\u0142a\u015bcicieli nieruchomo\u015bci. Wyja\u015bniamy, dlaczego warto zdecydowa\u0107\u00a0si\u0119 na\u00a0zakup bramy na\u00a0zam\u00f3wienie.JAKIE ZALETY MA ZAKUP BRAMY WJAZDOWEJ NA ZAM\u00d3WIENIE? Po pierwsze: najwy\u017csza [&hellip;]<\/p>\n","protected":false},"author":1,"featured_media":0,"parent":12,"menu_order":0,"comment_status":"closed","ping_status":"closed","template":"","meta":{"_et_pb_use_builder":"on","_et_pb_old_content":"","_et_gb_content_width":"","footnotes":""},"class_list":["post-51306","page","type-page","status-publish","hentry"],"_links":{"self":[{"href":"https:\/\/szafranzaun.eu\/pl\/wp-json\/wp\/v2\/pages\/51306"}],"collection":[{"href":"https:\/\/szafranzaun.eu\/pl\/wp-json\/wp\/v2\/pages"}],"about":[{"href":"https:\/\/szafranzaun.eu\/pl\/wp-json\/wp\/v2\/types\/page"}],"author":[{"embeddable":true,"href":"https:\/\/szafranzaun.eu\/pl\/wp-json\/wp\/v2\/users\/1"}],"replies":[{"embeddable":true,"href":"https:\/\/szafranzaun.eu\/pl\/wp-json\/wp\/v2\/comments?post=51306"}],"version-history":[{"count":4,"href":"https:\/\/szafranzaun.eu\/pl\/wp-json\/wp\/v2\/pages\/51306\/revisions"}],"predecessor-version":[{"id":224091,"href":"https:\/\/szafranzaun.eu\/pl\/wp-json\/wp\/v2\/pages\/51306\/revisions\/224091"}],"up":[{"embeddable":true,"href":"https:\/\/szafranzaun.eu\/pl\/wp-json\/wp\/v2\/pages\/12"}],"wp:attachment":[{"href":"https:\/\/szafranzaun.eu\/pl\/wp-json\/wp\/v2\/media?parent=51306"}],"curies":[{"name":"wp","href":"https:\/\/api.w.org\/{rel}","templated":true}]}}