{"id":6,"date":"2021-01-12T07:56:27","date_gmt":"2021-01-12T06:56:27","guid":{"rendered":"http:\/\/szafranzaun.eu\/index.php\/o-nas\/"},"modified":"2021-12-07T14:48:15","modified_gmt":"2021-12-07T13:48:15","slug":"o-nas","status":"publish","type":"page","link":"https:\/\/szafranzaun.eu\/pl\/o-nas\/","title":{"rendered":"O NAS"},"content":{"rendered":"<p>[et_pb_section fb_built=&#8221;1&#8243; _builder_version=&#8221;4.5.7&#8243; use_background_color_gradient=&#8221;on&#8221; background_color_gradient_start=&#8221;rgba(0,0,0,0.43)&#8221; background_color_gradient_end=&#8221;rgba(0,0,0,0.43)&#8221; background_color_gradient_overlays_image=&#8221;on&#8221; background_image=&#8221;http:\/\/szafranzaun.eu\/wp-content\/uploads\/2021\/01\/slide-1.jpg&#8221; custom_padding=&#8221;0.8%||0.9%||false|false&#8221;][et_pb_row _builder_version=&#8221;3.26.8&#8243; max_width=&#8221;80%&#8221; custom_padding=&#8221;0px|||||&#8221;][et_pb_column type=&#8221;4_4&#8243; _builder_version=&#8221;3.26.8&#8243;][et_pb_text _builder_version=&#8221;4.8.1&#8243; header_font=&#8221;Montserrat|700||on|||||&#8221; header_text_align=&#8221;center&#8221; header_text_color=&#8221;#ffffff&#8221; header_font_size=&#8221;60px&#8221; header_line_height=&#8221;1.6em&#8221; custom_margin=&#8221;34px||4px|||&#8221; animation_style=&#8221;fade&#8221; header_font_size_tablet=&#8221;45px&#8221; header_font_size_phone=&#8221;30px&#8221; header_font_size_last_edited=&#8221;on|desktop&#8221;]<\/p>\n<h1 style=\"text-align: left;\">O NAS<\/h1>\n<p>[\/et_pb_text][et_pb_text _builder_version=&#8221;4.8.1&#8243; text_font=&#8221;Montserrat|700||on|||||&#8221; text_text_color=&#8221;#ffffff&#8221; text_font_size=&#8221;12px&#8221; text_letter_spacing=&#8221;6px&#8221; text_line_height=&#8221;1.3em&#8221; text_orientation=&#8221;center&#8221; width=&#8221;35%&#8221; module_alignment=&#8221;left&#8221; custom_margin=&#8221;-11px||||false|false&#8221; custom_padding=&#8221;25px||25px||true|false&#8221; animation_style=&#8221;fade&#8221; animation_delay=&#8221;250ms&#8221; link_option_url=&#8221;http:\/\/szafranzaun.eu\/index.php\/galeria\/&#8221; text_letter_spacing_tablet=&#8221;3px&#8221; text_letter_spacing_phone=&#8221;2px&#8221; text_letter_spacing_last_edited=&#8221;on|desktop&#8221; text_line_height_tablet=&#8221;1.4em&#8221; text_line_height_phone=&#8221;1.8em&#8221; text_line_height_last_edited=&#8221;on|desktop&#8221; border_width_all=&#8221;2px&#8221; border_color_all=&#8221;#ffffff&#8221; box_shadow_style=&#8221;preset2&#8243; box_shadow_color=&#8221;#000000&#8243; text_text_align=&#8221;center&#8221;]<\/p>\n<p>sprawd\u017a nasze realizacje -&gt;<\/p>\n<p>[\/et_pb_text][\/et_pb_column][\/et_pb_row][\/et_pb_section][et_pb_section fb_built=&#8221;1&#8243; _builder_version=&#8221;4.8.1&#8243; _module_preset=&#8221;default&#8221;][et_pb_row _builder_version=&#8221;4.8.1&#8243; _module_preset=&#8221;default&#8221; max_width=&#8221;80%&#8221; custom_padding=&#8221;0px||65px|||&#8221;][et_pb_column type=&#8221;4_4&#8243; _builder_version=&#8221;4.8.1&#8243; _module_preset=&#8221;default&#8221;][et_pb_text _builder_version=&#8221;4.9.3&#8243; _module_preset=&#8221;default&#8221; header_font=&#8221;Roboto||||||||&#8221; header_text_color=&#8221;#0f4f89&#8243; header_line_height=&#8221;1.4em&#8221; custom_margin=&#8221;||9px|||&#8221;]<\/p>\n<h2 style=\"font-family: 'Roboto',Helvetica,Arial,Lucida,sans-serif;color: #0f4f89 !important;line-height: 1.4em;font-size: 30px;\">SZAFRAN Z\u00c4UNE AUS POLEN \u2013 INFORMACJE O FIRMIE<\/h2>\n<p>[\/et_pb_text][et_pb_divider color=&#8221;#91ce00&#8243; divider_weight=&#8221;4px&#8221; _builder_version=&#8221;4.8.1&#8243; _module_preset=&#8221;default&#8221; width=&#8221;13%&#8221; module_alignment=&#8221;left&#8221; custom_margin=&#8221;||15px|||&#8221;][\/et_pb_divider][et_pb_text _builder_version=&#8221;4.8.1&#8243; _module_preset=&#8221;default&#8221; text_font=&#8221;Raleway||||||||&#8221; text_text_color=&#8221;#000000&#8243; text_font_size=&#8221;16px&#8221; text_line_height=&#8221;1.8em&#8221; text_orientation=&#8221;justified&#8221;]<\/p>\n<p>Jeste\u015bmy polskim producentem ogrodze\u0144, bram oraz balustrad. Nasza siedziba znajduje si\u0119 w miejscowo\u015bci Gubin, jednak z naszej oferty mog\u0105 skorzysta\u0107 Klienci z ca\u0142ej Polski.<\/p>\n<p>Wszystkie nasze wyroby kute s\u0105 w Polsce oraz w Niemczech. Oferowane produkty cechuj\u0105 si\u0119 pi\u0119knym wygl\u0105dem oraz odzwierciedlaj\u0105 najnowsze trendy architektury mieszkaniowej.<\/p>\n<p>Nasz\u0105 firm\u0119 tworzy zesp\u00f3\u0142 do\u015bwiadczonych pracownik\u00f3w, kt\u00f3rzy od lat dzia\u0142aj\u0105 w bran\u017cy wyrobu ogrodze\u0144. Ich szeroka wiedza oraz umiej\u0119tno\u015bci sprawiaj\u0105, \u017ce mo\u017cemy oferowa\u0107 Klientom us\u0142ugi na najwy\u017cszym poziomie. Dodatkowo nasi fachowcy zawsze s\u0142u\u017c\u0105 pomoc\u0105 oraz doradztwem w kwestiach technicznych i materia\u0142owych.<\/p>\n<p>[\/et_pb_text][\/et_pb_column][\/et_pb_row][et_pb_row column_structure=&#8221;1_2,1_2&#8243; _builder_version=&#8221;4.8.1&#8243; _module_preset=&#8221;default&#8221; max_width=&#8221;80%&#8221; custom_padding=&#8221;0px|||||&#8221;][et_pb_column type=&#8221;1_2&#8243; _builder_version=&#8221;4.8.1&#8243; _module_preset=&#8221;default&#8221;][et_pb_image src=&#8221;http:\/\/szafranzaun.eu\/wp-content\/uploads\/2021\/01\/ilustracja-ofirmie.jpg&#8221; title_text=&#8221;ilustracja-ofirmie&#8221; _builder_version=&#8221;4.8.1&#8243; _module_preset=&#8221;default&#8221; box_shadow_style=&#8221;preset2&#8243;][\/et_pb_image][\/et_pb_column][et_pb_column type=&#8221;1_2&#8243; _builder_version=&#8221;4.8.1&#8243; _module_preset=&#8221;default&#8221;][et_pb_text _builder_version=&#8221;4.9.3&#8243; _module_preset=&#8221;default&#8221; header_font=&#8221;Roboto||||||||&#8221; header_text_color=&#8221;#0f4f89&#8243; header_line_height=&#8221;1.4em&#8221; custom_margin=&#8221;||9px|||&#8221;]<\/p>\n<h2 style=\"font-family: 'Roboto',Helvetica,Arial,Lucida,sans-serif;color: #0f4f89 !important;line-height: 1.4em;font-size: 30px;\">NASZE PRODUKTY<\/h2>\n<p>[\/et_pb_text][et_pb_divider color=&#8221;#91ce00&#8243; divider_weight=&#8221;4px&#8221; _builder_version=&#8221;4.8.1&#8243; _module_preset=&#8221;default&#8221; width=&#8221;13%&#8221; module_alignment=&#8221;left&#8221; custom_margin=&#8221;||15px|||&#8221;][\/et_pb_divider][et_pb_text _builder_version=&#8221;4.8.1&#8243; _module_preset=&#8221;default&#8221; text_font=&#8221;Raleway||||||||&#8221; text_text_color=&#8221;#000000&#8243; text_font_size=&#8221;16px&#8221; text_line_height=&#8221;1.8em&#8221; text_orientation=&#8221;justified&#8221;]<\/p>\n<p>W\u015br\u00f3d produkowanych przez nas artyku\u0142\u00f3w znajd\u0105 Pa\u0144stwo:<\/p>\n<ul>\n<li>Balustrady<\/li>\n<li>Ogrodzenia panelowe<\/li>\n<li>Ogrodzenia kute<\/li>\n<li>Bramy i furtki<\/li>\n<li>Elementy ozdobne i akcesoria<\/li>\n<\/ul>\n<p>Zapraszamy do\u00a0skorzystania z\u00a0naszych us\u0142ug! Wsp\u00f3lnie zrealizujemy Pa\u0144stwa wymarzony projekt.<\/p>\n<p>[\/et_pb_text][\/et_pb_column][\/et_pb_row][et_pb_row _builder_version=&#8221;4.8.1&#8243; _module_preset=&#8221;default&#8221;][et_pb_column type=&#8221;4_4&#8243; _builder_version=&#8221;4.8.1&#8243; _module_preset=&#8221;default&#8221;][et_pb_gallery gallery_ids=&#8221;51365,51357,51364,51361,51358,51359,51363&#8243; posts_number=&#8221;50&#8243; show_title_and_caption=&#8221;off&#8221; show_pagination=&#8221;off&#8221; zoom_icon_color=&#8221;rgba(0,0,0,0)&#8221; hover_overlay_color=&#8221;rgba(0,0,0,0.25)&#8221; _builder_version=&#8221;4.9.3&#8243; _module_preset=&#8221;default&#8221;][\/et_pb_gallery][\/et_pb_column][\/et_pb_row][et_pb_row column_structure=&#8221;1_2,1_2&#8243; _builder_version=&#8221;4.8.1&#8243; _module_preset=&#8221;default&#8221; global_module=&#8221;223928&#8243; saved_tabs=&#8221;all&#8221;][et_pb_column type=&#8221;1_2&#8243; _builder_version=&#8221;4.8.1&#8243; _module_preset=&#8221;default&#8221;][et_pb_text _builder_version=&#8221;4.8.1&#8243; _module_preset=&#8221;default&#8221;]<\/p>\n<p><strong>Dane rejestrowe:<\/strong><\/p>\n<p>Szafran Zaune aus Polen Sylwia Szafran<\/p>\n<p>ul. Klonowa 1<\/p>\n<p>66-620 Gubin<\/p>\n<p>NIP:\u00a0<span>743-19-71-781<\/span><\/p>\n<p>REGON:\u00a0<span>365945686<\/span><\/p>\n<p><span><\/span><\/p>\n<p><strong>Zak\u0142ad produkcyjny: <\/strong><\/p>\n<p><span>ul. Kresowa 84, 66-620 Gubin<\/span><\/p>\n<p>[\/et_pb_text][et_pb_contact_form use_spam_service=&#8221;on&#8221; email=&#8221;dagmara.szafran.ploty@gmail.com&#8221; _builder_version=&#8221;4.9.3&#8243; _module_preset=&#8221;default&#8221; border_radii=&#8221;on|3px|3px|3px|3px&#8221; border_width_all=&#8221;1px&#8221;][et_pb_contact_field field_id=&#8221;Name&#8221; field_title=&#8221;Nazwa&#8221; _builder_version=&#8221;3.16&#8243; button_text_size__hover_enabled=&#8221;off&#8221; button_one_text_size__hover_enabled=&#8221;off&#8221; button_two_text_size__hover_enabled=&#8221;off&#8221; button_text_color__hover_enabled=&#8221;off&#8221; button_one_text_color__hover_enabled=&#8221;off&#8221; button_two_text_color__hover_enabled=&#8221;off&#8221; button_border_width__hover_enabled=&#8221;off&#8221; button_one_border_width__hover_enabled=&#8221;off&#8221; button_two_border_width__hover_enabled=&#8221;off&#8221; button_border_color__hover_enabled=&#8221;off&#8221; button_one_border_color__hover_enabled=&#8221;off&#8221; button_two_border_color__hover_enabled=&#8221;off&#8221; button_border_radius__hover_enabled=&#8221;off&#8221; button_one_border_radius__hover_enabled=&#8221;off&#8221; button_two_border_radius__hover_enabled=&#8221;off&#8221; button_letter_spacing__hover_enabled=&#8221;off&#8221; button_one_letter_spacing__hover_enabled=&#8221;off&#8221; button_two_letter_spacing__hover_enabled=&#8221;off&#8221; button_bg_color__hover_enabled=&#8221;off&#8221; button_one_bg_color__hover_enabled=&#8221;off&#8221; button_two_bg_color__hover_enabled=&#8221;off&#8221;][\/et_pb_contact_field][et_pb_contact_field field_id=&#8221;Email&#8221; field_title=&#8221;Adres mejlowy&#8221; field_type=&#8221;email&#8221; _builder_version=&#8221;3.16&#8243; button_text_size__hover_enabled=&#8221;off&#8221; button_one_text_size__hover_enabled=&#8221;off&#8221; button_two_text_size__hover_enabled=&#8221;off&#8221; button_text_color__hover_enabled=&#8221;off&#8221; button_one_text_color__hover_enabled=&#8221;off&#8221; button_two_text_color__hover_enabled=&#8221;off&#8221; button_border_width__hover_enabled=&#8221;off&#8221; button_one_border_width__hover_enabled=&#8221;off&#8221; button_two_border_width__hover_enabled=&#8221;off&#8221; button_border_color__hover_enabled=&#8221;off&#8221; button_one_border_color__hover_enabled=&#8221;off&#8221; button_two_border_color__hover_enabled=&#8221;off&#8221; button_border_radius__hover_enabled=&#8221;off&#8221; button_one_border_radius__hover_enabled=&#8221;off&#8221; button_two_border_radius__hover_enabled=&#8221;off&#8221; button_letter_spacing__hover_enabled=&#8221;off&#8221; button_one_letter_spacing__hover_enabled=&#8221;off&#8221; button_two_letter_spacing__hover_enabled=&#8221;off&#8221; button_bg_color__hover_enabled=&#8221;off&#8221; button_one_bg_color__hover_enabled=&#8221;off&#8221; button_two_bg_color__hover_enabled=&#8221;off&#8221;][\/et_pb_contact_field][et_pb_contact_field field_id=&#8221;Message&#8221; field_title=&#8221;Wiadomo\u015b\u0107&#8221; field_type=&#8221;text&#8221; fullwidth_field=&#8221;on&#8221; _builder_version=&#8221;3.16&#8243; button_text_size__hover_enabled=&#8221;off&#8221; button_one_text_size__hover_enabled=&#8221;off&#8221; button_two_text_size__hover_enabled=&#8221;off&#8221; button_text_color__hover_enabled=&#8221;off&#8221; button_one_text_color__hover_enabled=&#8221;off&#8221; button_two_text_color__hover_enabled=&#8221;off&#8221; button_border_width__hover_enabled=&#8221;off&#8221; button_one_border_width__hover_enabled=&#8221;off&#8221; button_two_border_width__hover_enabled=&#8221;off&#8221; button_border_color__hover_enabled=&#8221;off&#8221; button_one_border_color__hover_enabled=&#8221;off&#8221; button_two_border_color__hover_enabled=&#8221;off&#8221; button_border_radius__hover_enabled=&#8221;off&#8221; button_one_border_radius__hover_enabled=&#8221;off&#8221; button_two_border_radius__hover_enabled=&#8221;off&#8221; button_letter_spacing__hover_enabled=&#8221;off&#8221; button_one_letter_spacing__hover_enabled=&#8221;off&#8221; button_two_letter_spacing__hover_enabled=&#8221;off&#8221; button_bg_color__hover_enabled=&#8221;off&#8221; button_one_bg_color__hover_enabled=&#8221;off&#8221; button_two_bg_color__hover_enabled=&#8221;off&#8221;][\/et_pb_contact_field][\/et_pb_contact_form][\/et_pb_column][et_pb_column type=&#8221;1_2&#8243; _builder_version=&#8221;4.8.1&#8243; _module_preset=&#8221;default&#8221;][et_pb_text _builder_version=&#8221;4.9.3&#8243; _module_preset=&#8221;default&#8221; hover_enabled=&#8221;0&#8243; sticky_enabled=&#8221;0&#8243;]<\/p>\n<p><strong>Sprzeda\u017c detaliczna i hurtowa<\/strong><\/p>\n<p><img loading=\"lazy\" decoding=\"async\" data-src=\"http:\/\/szafranzaun.eu\/wp-content\/uploads\/2021\/03\/obraz_2021-03-29_085059-1024x1024.png\" width=\"44\" height=\"44\" alt=\"\" class=\"wp-image-51641 alignnone size-large lazyload\" src=\"data:image\/gif;base64,R0lGODlhAQABAAAAACH5BAEKAAEALAAAAAABAAEAAAICTAEAOw==\" style=\"--smush-placeholder-width: 44px; --smush-placeholder-aspect-ratio: 44\/44;\" \/><noscript><img loading=\"lazy\" decoding=\"async\" data-src=\"http:\/\/szafranzaun.eu\/wp-content\/uploads\/2021\/03\/obraz_2021-03-29_085059-1024x1024.png\" width=\"44\" height=\"44\" alt=\"\" class=\"wp-image-51641 alignnone size-large lazyload\" src=\"data:image\/gif;base64,R0lGODlhAQABAAAAACH5BAEKAAEALAAAAAABAAEAAAICTAEAOw==\" style=\"--smush-placeholder-width: 44px; --smush-placeholder-aspect-ratio: 44\/44;\" \/><noscript><img loading=\"lazy\" decoding=\"async\" src=\"http:\/\/szafranzaun.eu\/wp-content\/uploads\/2021\/03\/obraz_2021-03-29_085059-1024x1024.png\" width=\"44\" height=\"44\" alt=\"\" class=\"wp-image-51641 alignnone size-large\" \/><\/noscript><\/noscript>+48 696 193 382<\/p>\n<p><img loading=\"lazy\" decoding=\"async\" data-src=\"http:\/\/szafranzaun.eu\/wp-content\/uploads\/2021\/03\/email-ikona-odizolowywajaca-na-bialym-tle-106510001.jpg\" width=\"39\" height=\"39\" alt=\"\" class=\"wp-image-51644 alignnone size-full lazyload\" src=\"data:image\/gif;base64,R0lGODlhAQABAAAAACH5BAEKAAEALAAAAAABAAEAAAICTAEAOw==\" style=\"--smush-placeholder-width: 39px; --smush-placeholder-aspect-ratio: 39\/39;\" \/><noscript><img loading=\"lazy\" decoding=\"async\" data-src=\"http:\/\/szafranzaun.eu\/wp-content\/uploads\/2021\/03\/email-ikona-odizolowywajaca-na-bialym-tle-106510001.jpg\" width=\"39\" height=\"39\" alt=\"\" class=\"wp-image-51644 alignnone size-full lazyload\" src=\"data:image\/gif;base64,R0lGODlhAQABAAAAACH5BAEKAAEALAAAAAABAAEAAAICTAEAOw==\" style=\"--smush-placeholder-width: 39px; --smush-placeholder-aspect-ratio: 39\/39;\" \/><noscript><img loading=\"lazy\" decoding=\"async\" src=\"http:\/\/szafranzaun.eu\/wp-content\/uploads\/2021\/03\/email-ikona-odizolowywajaca-na-bialym-tle-106510001.jpg\" width=\"39\" height=\"39\" alt=\"\" class=\"wp-image-51644 alignnone size-full\" \/><\/noscript><\/noscript><a href=\"mailto:dagmara.szafran.ploty@gmail.com\">dagmara@szafranzaun.eu<\/a><\/p>\n<p>__________________________<\/p>\n<p><img loading=\"lazy\" decoding=\"async\" data-src=\"http:\/\/szafranzaun.eu\/wp-content\/uploads\/2021\/03\/obraz_2021-03-29_085059-1024x1024.png\" width=\"44\" height=\"44\" alt=\"\" class=\"wp-image-51641 alignnone size-large lazyload\" src=\"data:image\/gif;base64,R0lGODlhAQABAAAAACH5BAEKAAEALAAAAAABAAEAAAICTAEAOw==\" style=\"--smush-placeholder-width: 44px; --smush-placeholder-aspect-ratio: 44\/44;\" \/><noscript><img loading=\"lazy\" decoding=\"async\" data-src=\"http:\/\/szafranzaun.eu\/wp-content\/uploads\/2021\/03\/obraz_2021-03-29_085059-1024x1024.png\" width=\"44\" height=\"44\" alt=\"\" class=\"wp-image-51641 alignnone size-large lazyload\" src=\"data:image\/gif;base64,R0lGODlhAQABAAAAACH5BAEKAAEALAAAAAABAAEAAAICTAEAOw==\" style=\"--smush-placeholder-width: 44px; --smush-placeholder-aspect-ratio: 44\/44;\" \/><noscript><img loading=\"lazy\" decoding=\"async\" src=\"http:\/\/szafranzaun.eu\/wp-content\/uploads\/2021\/03\/obraz_2021-03-29_085059-1024x1024.png\" width=\"44\" height=\"44\" alt=\"\" class=\"wp-image-51641 alignnone size-large\" \/><\/noscript><\/noscript>+48 784 647 179<\/p>\n<p><img loading=\"lazy\" decoding=\"async\" data-src=\"http:\/\/szafranzaun.eu\/wp-content\/uploads\/2021\/03\/email-ikona-odizolowywajaca-na-bialym-tle-106510001.jpg\" width=\"39\" height=\"39\" alt=\"\" class=\"wp-image-51644 alignnone size-full lazyload\" src=\"data:image\/gif;base64,R0lGODlhAQABAAAAACH5BAEKAAEALAAAAAABAAEAAAICTAEAOw==\" style=\"--smush-placeholder-width: 39px; --smush-placeholder-aspect-ratio: 39\/39;\" \/><noscript><img loading=\"lazy\" decoding=\"async\" data-src=\"http:\/\/szafranzaun.eu\/wp-content\/uploads\/2021\/03\/email-ikona-odizolowywajaca-na-bialym-tle-106510001.jpg\" width=\"39\" height=\"39\" alt=\"\" class=\"wp-image-51644 alignnone size-full lazyload\" src=\"data:image\/gif;base64,R0lGODlhAQABAAAAACH5BAEKAAEALAAAAAABAAEAAAICTAEAOw==\" style=\"--smush-placeholder-width: 39px; --smush-placeholder-aspect-ratio: 39\/39;\" \/><noscript><img loading=\"lazy\" decoding=\"async\" src=\"http:\/\/szafranzaun.eu\/wp-content\/uploads\/2021\/03\/email-ikona-odizolowywajaca-na-bialym-tle-106510001.jpg\" width=\"39\" height=\"39\" alt=\"\" class=\"wp-image-51644 alignnone size-full\" \/><\/noscript><\/noscript><a href=\"mailto:dagmara.szafran.ploty@gmail.com\">marek@szafranzaun.eu<\/a><\/p>\n<p>&nbsp;<\/p>\n<p>&nbsp;<\/p>\n<p>&nbsp;<\/p>\n<p>&nbsp;<\/p>\n<p>[\/et_pb_text][\/et_pb_column][\/et_pb_row][\/et_pb_section]<\/p>\n","protected":false},"excerpt":{"rendered":"<p>O NASsprawd\u017a nasze realizacje -&gt;SZAFRAN Z\u00c4UNE AUS POLEN \u2013 INFORMACJE O FIRMIEJeste\u015bmy polskim producentem ogrodze\u0144, bram oraz balustrad. Nasza siedziba znajduje si\u0119 w miejscowo\u015bci Gubin, jednak z naszej oferty mog\u0105 skorzysta\u0107 Klienci z ca\u0142ej Polski. Wszystkie nasze wyroby kute s\u0105 w Polsce oraz w Niemczech. Oferowane produkty cechuj\u0105 si\u0119 pi\u0119knym wygl\u0105dem oraz odzwierciedlaj\u0105 najnowsze trendy [&hellip;]<\/p>\n","protected":false},"author":1,"featured_media":0,"parent":0,"menu_order":0,"comment_status":"closed","ping_status":"closed","template":"","meta":{"_et_pb_use_builder":"on","_et_pb_old_content":"","_et_gb_content_width":"","footnotes":""},"class_list":["post-6","page","type-page","status-publish","hentry"],"_links":{"self":[{"href":"https:\/\/szafranzaun.eu\/pl\/wp-json\/wp\/v2\/pages\/6"}],"collection":[{"href":"https:\/\/szafranzaun.eu\/pl\/wp-json\/wp\/v2\/pages"}],"about":[{"href":"https:\/\/szafranzaun.eu\/pl\/wp-json\/wp\/v2\/types\/page"}],"author":[{"embeddable":true,"href":"https:\/\/szafranzaun.eu\/pl\/wp-json\/wp\/v2\/users\/1"}],"replies":[{"embeddable":true,"href":"https:\/\/szafranzaun.eu\/pl\/wp-json\/wp\/v2\/comments?post=6"}],"version-history":[{"count":9,"href":"https:\/\/szafranzaun.eu\/pl\/wp-json\/wp\/v2\/pages\/6\/revisions"}],"predecessor-version":[{"id":224111,"href":"https:\/\/szafranzaun.eu\/pl\/wp-json\/wp\/v2\/pages\/6\/revisions\/224111"}],"wp:attachment":[{"href":"https:\/\/szafranzaun.eu\/pl\/wp-json\/wp\/v2\/media?parent=6"}],"curies":[{"name":"wp","href":"https:\/\/api.w.org\/{rel}","templated":true}]}}